{"id":31793,"date":"2025-12-21T17:41:27","date_gmt":"2025-12-21T16:41:27","guid":{"rendered":"https:\/\/infinityweeb.com\/shop\/adaptateur-de-carte-son-usb-a-3d-audio-virtual-71-channel\/"},"modified":"2025-12-21T17:41:47","modified_gmt":"2025-12-21T16:41:47","slug":"adaptateur-de-carte-son-usb-a-3d-audio-virtual-71-channel","status":"publish","type":"product","link":"https:\/\/infinityweeb.com\/en\/shop\/adaptateur-de-carte-son-usb-a-3d-audio-virtual-71-channel\/","title":{"rendered":"Adaptateur De Carte Son USB \u00c0 3D Audio Virtual 7,1 Channel"},"content":{"rendered":"<p>Indicateurs LED: \u00e9tat du microphone-Mute, activit\u00e9<br \/>\nSp\u00e9cification USB 2.0 Full-Speed (12Mbps)<br \/>\nUSB HID classe sp\u00e9cification 1,1<br \/>\nSp\u00e9cification de classe d&rsquo;appareil audio USB 1,0. USB aliment\u00e9 par bus, pas de puissance externe requise<br \/>\nL&rsquo;adaptateur de carte son USB 2,0 External 7,1-Channel audio. Il peut fonctionner avec un bureau ou un ordinateur portable. Et avec le logiciel de simulation de son de Xear 3D, il prolonge le haut-parleur st\u00e9r\u00e9o ou l&rsquo;\u00e9couteur \u00e0 l&rsquo;environnement de canal 7,1, donnant la jouissance saine de haute qualit\u00e9<br \/>\nConnecteurs: USB type a, sortie st\u00e9r\u00e9o jack, prise d&rsquo;entr\u00e9e microphone mono<br \/>\nXear 3D Virtual 7,1 canal de simulation de son logiciel pour Windows XP\/Vista est inclus<br \/>\nTouches de fonctions: microphone-muet, haut-parleur-muet, volume-vers le haut et volume-vers le bas<br \/>\nTaille: 57 x 25 x 12 mm<br \/>\nPoids: 15 g<br \/>\nSyst\u00e8me: Windows 7\/10\/11\/2000\/XP\/Server 2003\/Vista, Linux<br \/>\nPaquet inclus:<br \/>\n1 x carte son USB<\/p>","protected":false},"excerpt":{"rendered":"<p>Indicateurs LED: \u00e9tat du microphone-Mute, activit\u00e9 Sp\u00e9cification USB 2.0 Full-Speed (12Mbps) USB HID classe sp\u00e9cification 1,1 Sp\u00e9cification de classe d&rsquo;appareil<\/p>","protected":false},"featured_media":31794,"comment_status":"open","ping_status":"closed","template":"","meta":[],"product_brand":[],"product_cat":[179],"product_tag":[],"class_list":{"0":"post-31793","1":"product","2":"type-product","3":"status-publish","4":"has-post-thumbnail","6":"product_cat-uncategorized","8":"first","9":"instock","10":"shipping-taxable","11":"purchasable","12":"product-type-simple"},"jetpack_sharing_enabled":true,"_links":{"self":[{"href":"https:\/\/infinityweeb.com\/en\/wp-json\/wp\/v2\/product\/31793","targetHints":{"allow":["GET"]}}],"collection":[{"href":"https:\/\/infinityweeb.com\/en\/wp-json\/wp\/v2\/product"}],"about":[{"href":"https:\/\/infinityweeb.com\/en\/wp-json\/wp\/v2\/types\/product"}],"replies":[{"embeddable":true,"href":"https:\/\/infinityweeb.com\/en\/wp-json\/wp\/v2\/comments?post=31793"}],"version-history":[{"count":0,"href":"https:\/\/infinityweeb.com\/en\/wp-json\/wp\/v2\/product\/31793\/revisions"}],"wp:featuredmedia":[{"embeddable":true,"href":"https:\/\/infinityweeb.com\/en\/wp-json\/wp\/v2\/media\/31794"}],"wp:attachment":[{"href":"https:\/\/infinityweeb.com\/en\/wp-json\/wp\/v2\/media?parent=31793"}],"wp:term":[{"taxonomy":"product_brand","embeddable":true,"href":"https:\/\/infinityweeb.com\/en\/wp-json\/wp\/v2\/product_brand?post=31793"},{"taxonomy":"product_cat","embeddable":true,"href":"https:\/\/infinityweeb.com\/en\/wp-json\/wp\/v2\/product_cat?post=31793"},{"taxonomy":"product_tag","embeddable":true,"href":"https:\/\/infinityweeb.com\/en\/wp-json\/wp\/v2\/product_tag?post=31793"}],"curies":[{"name":"wp","href":"https:\/\/api.w.org\/{rel}","templated":true}]}}