{"id":31828,"date":"2025-12-21T20:37:47","date_gmt":"2025-12-21T19:37:47","guid":{"rendered":"https:\/\/infinityweeb.com\/shop\/support-de-telephone-hoco-h21-pour-grille-daeration-a-verrouillage-facile\/"},"modified":"2025-12-21T20:38:24","modified_gmt":"2025-12-21T19:38:24","slug":"support-de-telephone-hoco-h21-pour-grille-daeration-a-verrouillage-facile","status":"publish","type":"product","link":"https:\/\/infinityweeb.com\/en\/shop\/support-de-telephone-hoco-h21-pour-grille-daeration-a-verrouillage-facile\/","title":{"rendered":"Support de t\u00e9l\u00e9phone HOCO H21 pour grille d&rsquo;a\u00e9ration \u00e0 verrouillage facile"},"content":{"rendered":"<div class=\"product-description\">\n<h1>Support de T\u00e9l\u00e9phone pour Grille d&rsquo;A\u00e9ration de Voiture HOCO H21<\/h1>\n<p>Le <strong>support de t\u00e9l\u00e9phone pour grille d&rsquo;a\u00e9ration de voiture HOCO H21<\/strong> offre une commodit\u00e9 fiable aux conducteurs. Sa technologie de <strong>verrouillage facile<\/strong> garantit que votre t\u00e9l\u00e9phone est accessible de mani\u00e8re s\u00fbre et efficace, vous permettant de l&rsquo;utiliser sans compromettre la s\u00e9curit\u00e9 sur la route. Ce <strong>support de voiture<\/strong> dispose m\u00eame d&rsquo;un syst\u00e8me d&rsquo;installation de grille d&rsquo;a\u00e9ration, vous permettant d&rsquo;ajuster facilement la position de votre t\u00e9l\u00e9phone selon vos besoins.<\/p>\n<ul>\n<li><strong>Rembourrage en silicone<\/strong> des deux c\u00f4t\u00e9s de la pince pour une prise s\u00fbre.<\/li>\n<li>Utilisation simple d&rsquo;une seule main, <strong>facile \u00e0 saisir et \u00e0 placer<\/strong>.<\/li>\n<li><strong>Mat\u00e9riau<\/strong> : ABS + PC + gel de silice.<\/li>\n<li><strong>Rotation \u00e0 360 degr\u00e9s<\/strong> pour un angle de vue optimal.<\/li>\n<li><strong>Taille<\/strong> : 109 \u00d7 84 \u00d7 91 mm.<\/li>\n<li><strong>Poids<\/strong> : 65 g.<\/li>\n<li>Convient aux <strong>t\u00e9l\u00e9phones portables<\/strong> de 4,5 \u00e0 7 pouces ; plage de serrage : 60-80 mm.<\/li>\n<li><strong>Sc\u00e8ne applicable<\/strong> : sortie d&rsquo;air de voiture avec ailettes droites.<\/li>\n<li>Compatible avec la plupart des <strong>marques de t\u00e9l\u00e9phones<\/strong> de 4,5 \u00e0 7,0 pouces.<\/li>\n<\/ul>\n<p>    <img decoding=\"async\" src=\"path_to_image.jpg\" alt=\"Support de t\u00e9l\u00e9phone pour grille d'a\u00e9ration de voiture HOCO H21\" \/><\/p>\n<p>Optez pour le support de t\u00e9l\u00e9phone HOCO H21 pour une exp\u00e9rience de conduite agr\u00e9able et sans distraction. Commandez d\u00e8s maintenant et rendez vos trajets encore plus s\u00fbrs!<\/p>\n<\/div>\n<p>\u00ab\u00a0`<\/p>","protected":false},"excerpt":{"rendered":"<p>Support de T\u00e9l\u00e9phone pour Grille d&rsquo;A\u00e9ration de Voiture HOCO H21 Le support de t\u00e9l\u00e9phone pour grille d&rsquo;a\u00e9ration de voiture HOCO<\/p>","protected":false},"featured_media":31829,"comment_status":"open","ping_status":"closed","template":"","meta":[],"product_brand":[],"product_cat":[306],"product_tag":[],"class_list":{"0":"post-31828","1":"product","2":"type-product","3":"status-publish","4":"has-post-thumbnail","6":"product_cat-accessoires-telephones","8":"first","9":"instock","10":"shipping-taxable","11":"purchasable","12":"product-type-simple"},"jetpack_sharing_enabled":true,"_links":{"self":[{"href":"https:\/\/infinityweeb.com\/en\/wp-json\/wp\/v2\/product\/31828","targetHints":{"allow":["GET"]}}],"collection":[{"href":"https:\/\/infinityweeb.com\/en\/wp-json\/wp\/v2\/product"}],"about":[{"href":"https:\/\/infinityweeb.com\/en\/wp-json\/wp\/v2\/types\/product"}],"replies":[{"embeddable":true,"href":"https:\/\/infinityweeb.com\/en\/wp-json\/wp\/v2\/comments?post=31828"}],"version-history":[{"count":0,"href":"https:\/\/infinityweeb.com\/en\/wp-json\/wp\/v2\/product\/31828\/revisions"}],"wp:featuredmedia":[{"embeddable":true,"href":"https:\/\/infinityweeb.com\/en\/wp-json\/wp\/v2\/media\/31829"}],"wp:attachment":[{"href":"https:\/\/infinityweeb.com\/en\/wp-json\/wp\/v2\/media?parent=31828"}],"wp:term":[{"taxonomy":"product_brand","embeddable":true,"href":"https:\/\/infinityweeb.com\/en\/wp-json\/wp\/v2\/product_brand?post=31828"},{"taxonomy":"product_cat","embeddable":true,"href":"https:\/\/infinityweeb.com\/en\/wp-json\/wp\/v2\/product_cat?post=31828"},{"taxonomy":"product_tag","embeddable":true,"href":"https:\/\/infinityweeb.com\/en\/wp-json\/wp\/v2\/product_tag?post=31828"}],"curies":[{"name":"wp","href":"https:\/\/api.w.org\/{rel}","templated":true}]}}