{"id":31840,"date":"2025-12-21T21:11:10","date_gmt":"2025-12-21T20:11:10","guid":{"rendered":"https:\/\/infinityweeb.com\/shop\/power-bank-hoco-j101a-20000mah-fast-charging-with-qc-3-0-technology\/"},"modified":"2025-12-21T21:11:27","modified_gmt":"2025-12-21T20:11:27","slug":"power-bank-hoco-j101a-20000mah-fast-charging-with-qc-3-0-technology","status":"publish","type":"product","link":"https:\/\/infinityweeb.com\/en\/shop\/power-bank-hoco-j101a-20000mah-fast-charging-with-qc-3-0-technology\/","title":{"rendered":"Power Bank Hoco J101A 20000mAh Fast Charging with QC 3.0 Technology"},"content":{"rendered":"<h1>Power Bank J101A HOCO &#8211; Chargez Vos Appareils Rapidement<\/h1>\n<p>D\u00e9couvrez le <strong>Power Bank J101A HOCO<\/strong>, une batterie externe performante dot\u00e9e de deux ports de sortie <strong>USB-A<\/strong>, d&rsquo;un port d&rsquo;entr\u00e9e <strong>micro-USB<\/strong> pour chargeur, et d&rsquo;un port <strong>USB-C<\/strong> pour une charge rapide et efficace. Avec une capacit\u00e9 impressionnante de <strong>20 000 mAh<\/strong>, ce powerbank est l&rsquo;outil id\u00e9al pour garder vos appareils charg\u00e9s tout au long de la journ\u00e9e.<\/p>\n<p>Les gadgets directement connect\u00e9s pourront fournir <strong>12,6 mille mAh<\/strong>, ce qui suffit pour charger un <strong>iPhone Apple<\/strong> moderne au moins 3 fois, deux fois tout smartphone <strong>Android<\/strong>, ou jusqu&rsquo;\u00e0 une fois et demie une grande tablette. La batterie <strong>Powerbank Hoco J101A-20000<\/strong> se compose de quatre connecteurs, \u00e0 savoir une entr\u00e9e <strong>micro-USB<\/strong>, deux ports <strong>USB A<\/strong> standard avec fonction de charge rapide (y compris les technologies propri\u00e9taires <strong>Huawei<\/strong>) et un courant maximum de 5 A, ainsi qu&rsquo;un port <strong>USB C<\/strong> bidirectionnel.<\/p>\n<p>Avec une puissance de sortie maximale de <strong>22,5 W<\/strong>, cet appareil est con\u00e7u pour acc\u00e9l\u00e9rer consid\u00e9rablement le processus de charge. Pour recharger la batterie externe elle-m\u00eame, la puissance est limit\u00e9e \u00e0 <strong>18 W<\/strong>, ce qui n\u00e9cessite plus de 4 heures pour une charge compl\u00e8te \u00e0 100 %.<\/p>\n<h2>Fonctionnalit\u00e9s du Power Bank J101A<\/h2>\n<ul>\n<li>Prise en charge de la technologie de charge rapide <strong>QC3.0<\/strong><\/li>\n<li>Puissance de sortie \u00e9lev\u00e9e de <strong>22,5 watts<\/strong> et 3 amp\u00e8res<\/li>\n<li>Batterie <strong>Li-ion polym\u00e8re<\/strong> d&rsquo;une capacit\u00e9 de <strong>20 000 mAh<\/strong><\/li>\n<li>2 ports USB pour charger jusqu&rsquo;\u00e0 2 appareils en m\u00eame temps<\/li>\n<li>Indicateur LED pour afficher le niveau de charge<\/li>\n<\/ul>\n<h3>Pourquoi Choisir le Power Bank J101A ?<\/h3>\n<ol>\n<li>Le <strong>Power Bank J101A<\/strong> poss\u00e8de une capacit\u00e9 de <strong>20 000 mAh<\/strong>, id\u00e9ale pour des sorties prolong\u00e9es.<\/li>\n<li>Il dispose de deux ports de sortie <strong>USB-A<\/strong>, permettant de charger simultan\u00e9ment deux appareils.<\/li>\n<li>Son design compact et l\u00e9ger le rend facilement transportable.<\/li>\n<li>\u00c9quip\u00e9 d&rsquo;une fonction de s\u00e9curit\u00e9 int\u00e9gr\u00e9e, il prot\u00e8ge vos appareils contre les surcharges, les surtensions et les courts-circuits.<\/li>\n<li>Dispose d&rsquo;une fonction de mise hors tension automatique pour \u00e9conomiser de l&rsquo;\u00e9nergie lorsque non utilis\u00e9.<\/li>\n<li>Sa qualit\u00e9 de fabrication est excellente, avec une coque en plastique r\u00e9sistant aux chocs et aux rayures, et un design \u00e9l\u00e9gant en fait un accessoire pratique et esth\u00e9tique.<\/li>\n<\/ol>\n<p><img decoding=\"async\" src=\"https:\/\/infinityweeb.com\/wp-content\/uploads\/2025\/12\/j101654QS.jpg\" alt=\"Power Bank J101A HOCO\" style=\"width: 50%;max-width: 100%;margin: 10px auto\"><br \/>\n<img decoding=\"async\" src=\"https:\/\/infinityweeb.com\/wp-content\/uploads\/2025\/12\/J101A-2s4.jpg\" alt=\"Caract\u00e9ristiques Power Bank J101A\" style=\"width: 50%;max-width: 100%;margin: 10px auto\"><br \/>\n<img decoding=\"async\" src=\"https:\/\/infinityweeb.com\/wp-content\/uploads\/2025\/12\/pin-sac-du-phong-j101a-20000mah-Twm9akCcnfqEHoaML6HP.jpg\" alt=\"Batterie Externe J101A 20000mAh\" style=\"width: 50%;max-width: 100%;margin: 10px auto\"><\/p>","protected":false},"excerpt":{"rendered":"<p>Power Bank J101A HOCO &#8211; Chargez Vos Appareils Rapidement D\u00e9couvrez le Power Bank J101A HOCO, une batterie externe performante dot\u00e9e<\/p>","protected":false},"featured_media":31841,"comment_status":"open","ping_status":"closed","template":"","meta":[],"product_brand":[],"product_cat":[179],"product_tag":[],"class_list":{"0":"post-31840","1":"product","2":"type-product","3":"status-publish","4":"has-post-thumbnail","6":"product_cat-uncategorized","8":"first","9":"instock","10":"shipping-taxable","11":"purchasable","12":"product-type-simple"},"jetpack_sharing_enabled":true,"_links":{"self":[{"href":"https:\/\/infinityweeb.com\/en\/wp-json\/wp\/v2\/product\/31840","targetHints":{"allow":["GET"]}}],"collection":[{"href":"https:\/\/infinityweeb.com\/en\/wp-json\/wp\/v2\/product"}],"about":[{"href":"https:\/\/infinityweeb.com\/en\/wp-json\/wp\/v2\/types\/product"}],"replies":[{"embeddable":true,"href":"https:\/\/infinityweeb.com\/en\/wp-json\/wp\/v2\/comments?post=31840"}],"version-history":[{"count":0,"href":"https:\/\/infinityweeb.com\/en\/wp-json\/wp\/v2\/product\/31840\/revisions"}],"wp:featuredmedia":[{"embeddable":true,"href":"https:\/\/infinityweeb.com\/en\/wp-json\/wp\/v2\/media\/31841"}],"wp:attachment":[{"href":"https:\/\/infinityweeb.com\/en\/wp-json\/wp\/v2\/media?parent=31840"}],"wp:term":[{"taxonomy":"product_brand","embeddable":true,"href":"https:\/\/infinityweeb.com\/en\/wp-json\/wp\/v2\/product_brand?post=31840"},{"taxonomy":"product_cat","embeddable":true,"href":"https:\/\/infinityweeb.com\/en\/wp-json\/wp\/v2\/product_cat?post=31840"},{"taxonomy":"product_tag","embeddable":true,"href":"https:\/\/infinityweeb.com\/en\/wp-json\/wp\/v2\/product_tag?post=31840"}],"curies":[{"name":"wp","href":"https:\/\/api.w.org\/{rel}","templated":true}]}}