{"id":32073,"date":"2025-12-28T18:43:49","date_gmt":"2025-12-28T17:43:49","guid":{"rendered":"https:\/\/infinityweeb.com\/shop\/mini-haut-parleur-bluetooth-hoco-ha4-portable-etanche-avec-protection-contre-les-surtensions\/"},"modified":"2025-12-28T18:49:58","modified_gmt":"2025-12-28T17:49:58","slug":"mini-haut-parleur-bluetooth-hoco-ha4-portable-etanche-protection-contre","status":"publish","type":"product","link":"https:\/\/infinityweeb.com\/en\/shop\/mini-haut-parleur-bluetooth-hoco-ha4-portable-etanche-protection-contre\/","title":{"rendered":"Mini haut-parleur Bluetooth Hoco HA4 portable \u00e9tanche avec protection contre les surtensions"},"content":{"rendered":"<p>Mini haut-parleur Bluetooth Hoco HA4 Enceinte<br \/>\nSi vous cherchez un compagnon audio puissant mais compact en Alg\u00e9rie, l&rsquo;enceinte Bluetooth Hoco HA4 Mini Surge Outdoor est votre choix id\u00e9al. Chez Hoco, nous vous proposons cette enceinte haute performance \u00e0 un prix d&rsquo;enceinte Bluetooth comp\u00e9titif en Alg\u00e9rie.<\/p>\n<p>Con\u00e7ue pour les aventures en plein air et l&rsquo;utilisation quotidienne, la Hoco HA4 Mini dispose d&rsquo;un puces Bluetooth 5.4 (JL JL6956C) pour des connexions ultra-stables et un appairage rapide. Avec ses deux haut-parleurs de 66mm d\u00e9livrant une sortie de puissance de 30W (15W*2), cette enceinte assure un son clair et cristallin qui rivalise avec de nombreux mod\u00e8les plus grands dans le segment des enceintes miniatures en Alg\u00e9rie.<\/p>\n<p>Aliment\u00e9e par une batterie de 3000mAh, vous b\u00e9n\u00e9ficiez de jusqu&rsquo;\u00e0 4 heures de lecture ininterrompue sur une seule charge. Le temps de charge est de seulement 3 heures, ce qui la rend pratique pour les recharges rapides avant de partir. Gr\u00e2ce \u00e0 son support polyvalent pour Bluetooth, TWS, FM, disque USB, carte TF et AUX, vous pouvez profiter de la musique \u00e0 partir de virtuellement toutes les sources en Alg\u00e9rie.<\/p>\n<p>En termes de construction, la taille compacte de l&rsquo;enceinte de 296*162*122,4mm et son poids de 1562g la rendent facile \u00e0 transporter, tout en \u00e9tant suffisamment solide pour les environnements ext\u00e9rieurs rugueux d&rsquo;Alg\u00e9rie. Pour les clients qui v\u00e9rifient le prix des enceintes miniatures en Alg\u00e9rie, la HA4 Mini offre une valeur exceptionnelle.<\/p>\n<p>\u00c0 la recherche d&rsquo;autres options ? N&rsquo;h\u00e9sitez pas \u00e0 explorer nos mod\u00e8les d&rsquo;enceintes Hoco HC30 et Hoco HA4, disponibles \u00e0 l&rsquo;achat en ligne en Alg\u00e9rie.<\/p>","protected":false},"excerpt":{"rendered":"<p>Mini haut-parleur Bluetooth Hoco HA4 Enceinte Si vous cherchez un compagnon audio puissant mais compact en Alg\u00e9rie, l&rsquo;enceinte Bluetooth Hoco<\/p>","protected":false},"featured_media":32074,"comment_status":"open","ping_status":"closed","template":"","meta":[],"product_brand":[],"product_cat":[332],"product_tag":[],"class_list":{"0":"post-32073","1":"product","2":"type-product","3":"status-publish","4":"has-post-thumbnail","6":"product_cat-barres-de-son","8":"first","9":"instock","10":"shipping-taxable","11":"product-type-simple"},"jetpack_sharing_enabled":true,"_links":{"self":[{"href":"https:\/\/infinityweeb.com\/en\/wp-json\/wp\/v2\/product\/32073","targetHints":{"allow":["GET"]}}],"collection":[{"href":"https:\/\/infinityweeb.com\/en\/wp-json\/wp\/v2\/product"}],"about":[{"href":"https:\/\/infinityweeb.com\/en\/wp-json\/wp\/v2\/types\/product"}],"replies":[{"embeddable":true,"href":"https:\/\/infinityweeb.com\/en\/wp-json\/wp\/v2\/comments?post=32073"}],"version-history":[{"count":1,"href":"https:\/\/infinityweeb.com\/en\/wp-json\/wp\/v2\/product\/32073\/revisions"}],"predecessor-version":[{"id":32081,"href":"https:\/\/infinityweeb.com\/en\/wp-json\/wp\/v2\/product\/32073\/revisions\/32081"}],"wp:featuredmedia":[{"embeddable":true,"href":"https:\/\/infinityweeb.com\/en\/wp-json\/wp\/v2\/media\/32074"}],"wp:attachment":[{"href":"https:\/\/infinityweeb.com\/en\/wp-json\/wp\/v2\/media?parent=32073"}],"wp:term":[{"taxonomy":"product_brand","embeddable":true,"href":"https:\/\/infinityweeb.com\/en\/wp-json\/wp\/v2\/product_brand?post=32073"},{"taxonomy":"product_cat","embeddable":true,"href":"https:\/\/infinityweeb.com\/en\/wp-json\/wp\/v2\/product_cat?post=32073"},{"taxonomy":"product_tag","embeddable":true,"href":"https:\/\/infinityweeb.com\/en\/wp-json\/wp\/v2\/product_tag?post=32073"}],"curies":[{"name":"wp","href":"https:\/\/api.w.org\/{rel}","templated":true}]}}