{"id":32104,"date":"2025-12-28T19:17:58","date_gmt":"2025-12-28T18:17:58","guid":{"rendered":"https:\/\/infinityweeb.com\/shop\/souris-gamer-spirit-of-gamer-elite-m20\/"},"modified":"2026-01-27T14:37:13","modified_gmt":"2026-01-27T13:37:13","slug":"souris-gamer-spirit-of-gamer-elite-m20","status":"publish","type":"product","link":"https:\/\/infinityweeb.com\/en\/shop\/souris-gamer-spirit-of-gamer-elite-m20\/","title":{"rendered":"Souris Gamer Spirit of Gamer Elite-M20"},"content":{"rendered":"<p>Souris Gamer Spirit of Gamer Elite-M20<br \/>\nCONCENTRE DE TECHNOLOGIE :\u00a0l\u00e9g\u00e8re, pr\u00e9cise et dot\u00e9e d&rsquo;une excellente maniabilit\u00e9, la souris elite-m20 se montrera \u00e0 la hauteur de vos exigences de joueur : capteur optique avago 4000 dpi, switchs omron, boutons programmables, r\u00e9tro-\u00e9clairage rgb, laissez-vous s\u00e9duire par ses nombreuses fonctionnalit\u00e9s.<br \/>\n \tHEADSHOT !\u00a0la souris embarque un capteur optique avago 4000 dpi, capable de g\u00e9rer des acc\u00e9l\u00e9rations 20 g, pour une pr\u00e9cision extr\u00eame lors des phases de jeu les plus intenses. son bouton dpi est profil\u00e9 et offre la sensation d\u2019appuyer sur la g\u00e2chette pour changer la r\u00e9solution ou le r\u00e9tro-\u00e9clairage en instant.<br \/>\n \t10 MILLIONS DE CLICS :\u00a0les switchs omron ont une dur\u00e9e de vie 6 fois sup\u00e9rieure \u00e0 la dur\u00e9e de vie standard des autres mod\u00e8les. plus qu\u2019une marque, ils offrent des clics pr\u00e9cis \u00e0 tous les coups. vous n\u2019aurez plus \u00e0 vous inqui\u00e9ter durant vos sessions de jeu. omron c\u2019est l\u2019assurance de la victoire.<br \/>\n \tLOGICIEL INTUITIF :\u00a0personnalisez les r\u00e9glages de la souris via le logiciel d\u00e9di\u00e9 : editeurs de macro, polling rate personnalisable jusqu\u2019\u00e0 1000 hz, r\u00e9solution ajustable, 5 profils param\u00e9trables\u2026 sans oublier le r\u00e9tro-\u00e9clairage avec un choix de 8 couleurs et des effets lumineux rgb.<br \/>\n \tPALM, CLAW, FINGERTIP GRIP :\u00a0une forme ergonomique qui conviendra \u00e0 toutes les tailles de mains et vous assure un confort absolu, notamment avec ses bandes textur\u00e9es en silicone gripcontrol et sa coque glossy. son design sym\u00e9trique est id\u00e9ale pour les gauchers et les droitiers.<\/p>\n<h3>Characteristics<\/h3>\n<p>R\u00e9solution: 4000 DPI<br \/>Acc\u00e9l\u00e9ration: 20 G<br \/>Capteur: Avago \u2013 Optique<br \/>Taux de transfert: 1000 Hz<br \/>Boutons: 6 programmables<br \/>Ergonomie: Sym\u00e9trique<br \/>Logiciel: Disponible en t\u00e9l\u00e9chargement<br \/>Compatibilit\u00e9: Windows XP et versions ult\u00e9rieures<br \/>R\u00e9tro-\u00e9clairage: RGB<br \/>Vitesse: NC<br \/>Connexion: Filaire USB<br \/>Longueur du c\u00e2ble: 1.80 m<br \/>Type de c\u00e2ble: Tr\u00e9ss\u00e9<br \/>Dimensions: 12.9 x 7.2 x 4.3 cm<br \/>Poids: 130 g<br \/>Contenu de l&#8217;emballage: Guide d&rsquo;installation rapide<br \/>Souris ELITE-M20<\/p>","protected":false},"excerpt":{"rendered":"<p>Souris Gamer Spirit of Gamer Elite-M20 CONCENTRE DE TECHNOLOGIE :\u00a0l\u00e9g\u00e8re, pr\u00e9cise et dot\u00e9e d&rsquo;une excellente maniabilit\u00e9, la souris elite-m20 se<\/p>","protected":false},"featured_media":32105,"comment_status":"open","ping_status":"closed","template":"","meta":[],"product_brand":[1006],"product_cat":[319],"product_tag":[],"class_list":{"0":"post-32104","1":"product","2":"type-product","3":"status-publish","4":"has-post-thumbnail","6":"product_brand-spirit-of-gamer","7":"product_cat-claviers-souris-gaming","9":"first","10":"outofstock","11":"shipping-taxable","12":"purchasable","13":"product-type-simple"},"jetpack_sharing_enabled":true,"_links":{"self":[{"href":"https:\/\/infinityweeb.com\/en\/wp-json\/wp\/v2\/product\/32104","targetHints":{"allow":["GET"]}}],"collection":[{"href":"https:\/\/infinityweeb.com\/en\/wp-json\/wp\/v2\/product"}],"about":[{"href":"https:\/\/infinityweeb.com\/en\/wp-json\/wp\/v2\/types\/product"}],"replies":[{"embeddable":true,"href":"https:\/\/infinityweeb.com\/en\/wp-json\/wp\/v2\/comments?post=32104"}],"version-history":[{"count":0,"href":"https:\/\/infinityweeb.com\/en\/wp-json\/wp\/v2\/product\/32104\/revisions"}],"wp:featuredmedia":[{"embeddable":true,"href":"https:\/\/infinityweeb.com\/en\/wp-json\/wp\/v2\/media\/32105"}],"wp:attachment":[{"href":"https:\/\/infinityweeb.com\/en\/wp-json\/wp\/v2\/media?parent=32104"}],"wp:term":[{"taxonomy":"product_brand","embeddable":true,"href":"https:\/\/infinityweeb.com\/en\/wp-json\/wp\/v2\/product_brand?post=32104"},{"taxonomy":"product_cat","embeddable":true,"href":"https:\/\/infinityweeb.com\/en\/wp-json\/wp\/v2\/product_cat?post=32104"},{"taxonomy":"product_tag","embeddable":true,"href":"https:\/\/infinityweeb.com\/en\/wp-json\/wp\/v2\/product_tag?post=32104"}],"curies":[{"name":"wp","href":"https:\/\/api.w.org\/{rel}","templated":true}]}}