{"id":32110,"date":"2025-12-28T19:59:31","date_gmt":"2025-12-28T18:59:31","guid":{"rendered":"https:\/\/infinityweeb.com\/shop\/multiprise-hoco-ac7a-7-port-usb-charger-3usb-a-1usb-c-3ac-17w-10a-fast-charging-multiplug\/"},"modified":"2026-01-27T14:37:14","modified_gmt":"2026-01-27T13:37:14","slug":"multiprise-hoco-ac7a-port-charger-3usb-1usb-3ac-17w-10a-fast-charging","status":"publish","type":"product","link":"https:\/\/infinityweeb.com\/en\/shop\/multiprise-hoco-ac7a-port-charger-3usb-1usb-3ac-17w-10a-fast-charging\/","title":{"rendered":"Multiprise Hoco AC7A 7-Port USB Charger (3USB-A, 1USB-C, 3AC) 17W 10A Fast Charging Multiplug"},"content":{"rendered":"<p>Multiprise AC7A HOCO<br \/>\nMod\u00e8le: AC7A -10A &#8211; 17W Interface: 3USB A+1USB-C+3AC<br \/>\nD\u00e9couvrez la puissance \u00e9l\u00e9gante du Multiprise Chargeur USB HOCO AC7A. 7 ports pour une charge simultan\u00e9e, design noir\/blanc moderne. Id\u00e9al pour un espace de travail efficace et styl\u00e9.<br \/>\nSp\u00e9cifications:<\/p>\n<p> \tEntr\u00e9e:<\/p>\n<p> \tAC250V 50\/60Hz<br \/>\n \tEntr\u00e9e de module USB AC100-240V 50 \/ 60Hz 0.5A Max<\/p>\n<p> \tCourant nominal:<\/p>\n<p> \t10A Max<\/p>\n<p> \tSortie:<\/p>\n<p> \tSortie CA 250V 2500W<br \/>\n \tSortie DC USB-C\/USB-A1\/2\/3 5.0V-3.4A Max<br \/>\n \tR\u00e9sultat total 5,0V=3,4A (Max 17W)<\/p>\n<p> \tType de prise:<\/p>\n<p> \tPrise europ\u00e9enne<\/p>\n<p> \tPuissance:<\/p>\n<p> \t17W<\/p>\n<p>Contenu du paquet:<br \/>\n1 * Multiprise Chargeur USB \u00e0 7 ports HOCO AC7A 10A 17W<br \/>\nFonctionnalit\u00e9s:<\/p>\n<p> \tFiche multifonctionnelle: Le mod\u00e8le HOCO AC7A comprend 3USB-A+1USB-C+3AC, permettant de charger plusieurs appareils simultan\u00e9ment.<br \/>\n \tHaute capacit\u00e9 de puissance: Avec une sortie CA de 250V 2500W et une sortie totale de 5.0V=3.4A (17W max), cet appareil peut g\u00e9rer la charge de plusieurs appareils \u00e0 haute puissance simultan\u00e9ment.<br \/>\n \tPolyvalence: Accepte une entr\u00e9e de module USB de AC100-240V 50\/60Hz 0,5A Max, permettant la connexion d&rsquo;une large vari\u00e9t\u00e9 d&rsquo;appareils.<br \/>\n \tS\u00e9curit\u00e9: Courant nominal de 10A max, assurant la protection de vos appareils pendant leur recharge.<br \/>\n \tDesign \u00e9l\u00e9gant: Disponible en noir\/blanc, ajoutant une touche styl\u00e9e \u00e0 votre espace de travail ou \u00e0 votre domicile.<\/p>\n<p>Offrez \u00e0 votre espace de travail la puissance et l&rsquo;\u00e9l\u00e9gance avec la Multiprise Chargeur USB de bureau HOCO AC7A. Chargez plusieurs appareils en m\u00eame temps tout en ajoutant une esth\u00e9tique moderne \u00e0 votre environnement.<br \/>\n&amp;nbsp;<\/p>\n<p>Retours \u00e0 la\u00a0Boutique<\/p>\n<p>Sites partenaires :\u00a0htedstore<\/p>\n<p>Plus dans la gamme prise d&rsquo;extension\u00a0<\/p>","protected":false},"excerpt":{"rendered":"<p>Multiprise AC7A HOCO Mod\u00e8le: AC7A -10A &#8211; 17W Interface: 3USB A+1USB-C+3AC D\u00e9couvrez la puissance \u00e9l\u00e9gante du Multiprise Chargeur USB HOCO<\/p>","protected":false},"featured_media":32111,"comment_status":"open","ping_status":"closed","template":"","meta":[],"product_brand":[917],"product_cat":[354],"product_tag":[],"class_list":{"0":"post-32110","1":"product","2":"type-product","3":"status-publish","4":"has-post-thumbnail","6":"product_brand-hoco","7":"product_cat-multiprises-parafoudres","9":"first","10":"outofstock","11":"shipping-taxable","12":"purchasable","13":"product-type-simple"},"jetpack_sharing_enabled":true,"_links":{"self":[{"href":"https:\/\/infinityweeb.com\/en\/wp-json\/wp\/v2\/product\/32110","targetHints":{"allow":["GET"]}}],"collection":[{"href":"https:\/\/infinityweeb.com\/en\/wp-json\/wp\/v2\/product"}],"about":[{"href":"https:\/\/infinityweeb.com\/en\/wp-json\/wp\/v2\/types\/product"}],"replies":[{"embeddable":true,"href":"https:\/\/infinityweeb.com\/en\/wp-json\/wp\/v2\/comments?post=32110"}],"version-history":[{"count":1,"href":"https:\/\/infinityweeb.com\/en\/wp-json\/wp\/v2\/product\/32110\/revisions"}],"predecessor-version":[{"id":32119,"href":"https:\/\/infinityweeb.com\/en\/wp-json\/wp\/v2\/product\/32110\/revisions\/32119"}],"wp:featuredmedia":[{"embeddable":true,"href":"https:\/\/infinityweeb.com\/en\/wp-json\/wp\/v2\/media\/32111"}],"wp:attachment":[{"href":"https:\/\/infinityweeb.com\/en\/wp-json\/wp\/v2\/media?parent=32110"}],"wp:term":[{"taxonomy":"product_brand","embeddable":true,"href":"https:\/\/infinityweeb.com\/en\/wp-json\/wp\/v2\/product_brand?post=32110"},{"taxonomy":"product_cat","embeddable":true,"href":"https:\/\/infinityweeb.com\/en\/wp-json\/wp\/v2\/product_cat?post=32110"},{"taxonomy":"product_tag","embeddable":true,"href":"https:\/\/infinityweeb.com\/en\/wp-json\/wp\/v2\/product_tag?post=32110"}],"curies":[{"name":"wp","href":"https:\/\/api.w.org\/{rel}","templated":true}]}}