{"id":32128,"date":"2025-12-28T20:15:52","date_gmt":"2025-12-28T19:15:52","guid":{"rendered":"https:\/\/infinityweeb.com\/shop\/power-bank-havit-pb56-40000mah-qcpd\/"},"modified":"2026-01-27T14:37:15","modified_gmt":"2026-01-27T13:37:15","slug":"power-bank-havit-pb56-40000mah-qcpd","status":"publish","type":"product","link":"https:\/\/infinityweeb.com\/en\/shop\/power-bank-havit-pb56-40000mah-qcpd\/","title":{"rendered":"POWER BANK HAVIT PB56 40000MAH QC+PD"},"content":{"rendered":"<p>Power Bank Havit PB56 \u2013 40000mAh QC+PD, 4 Ports USB, Lampe Torche LED Int\u00e9gr\u00e9e, Design Compact et Durable<\/p>\n<p>*Banque d\u2019alimentation 40000 mAh Havit HV-PB56 Noir QC+PD fournira \u00e0 vos appareils une alimentation fiable dans toutes les conditions. Cette puissante batterie rechargeable deviendra un assistant indispensable sur la route, en voyage et en d\u00e9tente.<\/p>\n<p>*La technologie innovante de charge rapide QC+PD vous permet de charger des appareils rapidement et efficacement. Gr\u00e2ce \u00e0 sa conception avanc\u00e9e avec 4 connecteurs USB, Micro USB, Type-C et Lightning, le Havit HV-PB56 Black QC+PD vous permet de charger plusieurs appareils en m\u00eame temps.<\/p>\n<p>*La batterie est compos\u00e9e de mat\u00e9riaux de haute qualit\u00e9 qui offrent une r\u00e9sistance \u00e9lev\u00e9e et une longue dur\u00e9e de vie. Un volume bien \u00e9quilibr\u00e9 de 40 000 mAh fournit suffisamment de puissance pour fonctionner avec tous les appareils : des smartphones aux tablettes et ordinateurs portables.<\/p>\n<p> Capacit\u00e9 de 40000mAh.<br \/>\n 4 ports de sortie USB.<br \/>\n Lampe torche LED int\u00e9gr\u00e9e.<br \/>\n Design compact et l\u00e9ger.<br \/>\n Finition durable et \u00e9l\u00e9gante.<\/p>","protected":false},"excerpt":{"rendered":"<p>Power Bank Havit PB56 \u2013 40000mAh QC+PD, 4 Ports USB, Lampe Torche LED Int\u00e9gr\u00e9e, Design Compact et Durable *Banque d\u2019alimentation<\/p>","protected":false},"featured_media":32129,"comment_status":"open","ping_status":"closed","template":"","meta":[],"product_brand":[911],"product_cat":[309],"product_tag":[],"class_list":{"0":"post-32128","1":"product","2":"type-product","3":"status-publish","4":"has-post-thumbnail","6":"product_brand-havit","7":"product_cat-batteries-externes-power-bank","9":"first","10":"outofstock","11":"shipping-taxable","12":"purchasable","13":"product-type-simple"},"jetpack_sharing_enabled":true,"_links":{"self":[{"href":"https:\/\/infinityweeb.com\/en\/wp-json\/wp\/v2\/product\/32128","targetHints":{"allow":["GET"]}}],"collection":[{"href":"https:\/\/infinityweeb.com\/en\/wp-json\/wp\/v2\/product"}],"about":[{"href":"https:\/\/infinityweeb.com\/en\/wp-json\/wp\/v2\/types\/product"}],"replies":[{"embeddable":true,"href":"https:\/\/infinityweeb.com\/en\/wp-json\/wp\/v2\/comments?post=32128"}],"version-history":[{"count":0,"href":"https:\/\/infinityweeb.com\/en\/wp-json\/wp\/v2\/product\/32128\/revisions"}],"wp:featuredmedia":[{"embeddable":true,"href":"https:\/\/infinityweeb.com\/en\/wp-json\/wp\/v2\/media\/32129"}],"wp:attachment":[{"href":"https:\/\/infinityweeb.com\/en\/wp-json\/wp\/v2\/media?parent=32128"}],"wp:term":[{"taxonomy":"product_brand","embeddable":true,"href":"https:\/\/infinityweeb.com\/en\/wp-json\/wp\/v2\/product_brand?post=32128"},{"taxonomy":"product_cat","embeddable":true,"href":"https:\/\/infinityweeb.com\/en\/wp-json\/wp\/v2\/product_cat?post=32128"},{"taxonomy":"product_tag","embeddable":true,"href":"https:\/\/infinityweeb.com\/en\/wp-json\/wp\/v2\/product_tag?post=32128"}],"curies":[{"name":"wp","href":"https:\/\/api.w.org\/{rel}","templated":true}]}}