{"id":32139,"date":"2025-12-29T10:20:03","date_gmt":"2025-12-29T09:20:03","guid":{"rendered":"https:\/\/infinityweeb.com\/shop\/casque-gaming-spirit-of-gamer-xpert-h1300-7-1-surround-sound-pc-gamer\/"},"modified":"2026-01-27T14:37:16","modified_gmt":"2026-01-27T13:37:16","slug":"casque-gaming-spirit-of-gamer-xpert-h1300-7-1-surround-sound-pc-gamer","status":"publish","type":"product","link":"https:\/\/infinityweeb.com\/en\/shop\/casque-gaming-spirit-of-gamer-xpert-h1300-7-1-surround-sound-pc-gamer\/","title":{"rendered":"Casque Gaming Spirit of Gamer Xpert H1300 7.1 Surround Sound PC Gamer"},"content":{"rendered":"<p>Un look \u00e9patant et un confort de jeu maximis\u00e9<br \/>\nFoncez vers la victoire avec le casque sans fil Spirit of Gamer Xpert-H1300. Plongez litt\u00e9ralement au c\u0153ur de votre partie avec un son surround virtuel 7.1 et b\u00e9n\u00e9ficiez d\u2019un confort agr\u00e9able avec coussinets en similicuir. Ce mod\u00e8le se dote \u00e9galement d\u2019un r\u00e9tro\u00e9clairage RGB, de commandes int\u00e9gr\u00e9es et d\u2019un microphone flexible pour des conversations parfaitement audibles. Mettez toutes les chances de votre c\u00f4t\u00e9 et boostez votre confort de jeu !CASQUE SANS FIL SPIRIT OF GAMER XPERT H1300<br \/>\nEXP\u00c9RIENCE 100% IMMERSIVE<br \/>\nPour vivre chaque partie avec intensit\u00e9, le casque-micro Xpert-H1300 embarque la technologie de son Virtual 7.1 Surround. L\u2019immersion sera totale et l\u2019exp\u00e9rience incroyable avec un r\u00e9alisme des bruits environnants, des explosions aux tirs ennemis en passant par le pas de vos co\u00e9quipiers. Dot\u00e9 d\u2019un design moderne avec r\u00e9tro-\u00e9clairage RGB, ce casque dispose aussi d\u2019oreillettes confortables, d\u2019un arceau r\u00e9glable et d\u2019un microphone r\u00e9tractable pour des communications claires et pr\u00e9cises.<\/p>\n<p>CARACT\u00c9RISTIQUES PRINCIPALES :<br \/>\nCasque gamer sans fil<br \/>\nConnexion RF 2.4 GHz<br \/>\nPort\u00e9e sans fil jusqu\u2019\u00e0 10 m<br \/>\nSon Surround 7.1 Virtuel<br \/>\nHaut-parleurs de 40 mm pour un son clair et des basses puissantes<br \/>\nMicrophone omnidirectionnel flexible et r\u00e9tractable<br \/>\nCoussinets simili-cuir rembourr\u00e9s et confortable<br \/>\nR\u00e9tro-\u00e9clairage RGB<br \/>\nCommandes int\u00e9gr\u00e9es au casque<br \/>\nBatterie 1200 mAh rechargeable (3 heures), jusqu\u2019\u00e0 20 heures d\u2019autonomie (sans RGB et avec volume \u00e0 50%)<br \/>\nCompatible Switch \/ PS4 \/ PS5 \/ PC sous Windows<\/p>","protected":false},"excerpt":{"rendered":"<p>Foncez vers la victoire avec le casque sans fil\u00a0Spirit of Gamer Xpert-H1300. Plongez litt\u00e9ralement au coeur de votre partie avec un son surround virtuel 7.1 et b\u00e9n\u00e9ficiez d&rsquo;un confort agr\u00e9able avec coussinets en similicuir. Ce mod\u00e8le se dote \u00e9galement d&rsquo;un r\u00e9tro\u00e9clairage RGB.<\/p>","protected":false},"featured_media":32140,"comment_status":"open","ping_status":"closed","template":"","meta":[],"product_brand":[],"product_cat":[318],"product_tag":[],"class_list":{"0":"post-32139","1":"product","2":"type-product","3":"status-publish","4":"has-post-thumbnail","6":"product_cat-casques-gaming","8":"first","9":"outofstock","10":"shipping-taxable","11":"product-type-simple"},"jetpack_sharing_enabled":true,"_links":{"self":[{"href":"https:\/\/infinityweeb.com\/en\/wp-json\/wp\/v2\/product\/32139","targetHints":{"allow":["GET"]}}],"collection":[{"href":"https:\/\/infinityweeb.com\/en\/wp-json\/wp\/v2\/product"}],"about":[{"href":"https:\/\/infinityweeb.com\/en\/wp-json\/wp\/v2\/types\/product"}],"replies":[{"embeddable":true,"href":"https:\/\/infinityweeb.com\/en\/wp-json\/wp\/v2\/comments?post=32139"}],"version-history":[{"count":0,"href":"https:\/\/infinityweeb.com\/en\/wp-json\/wp\/v2\/product\/32139\/revisions"}],"wp:featuredmedia":[{"embeddable":true,"href":"https:\/\/infinityweeb.com\/en\/wp-json\/wp\/v2\/media\/32140"}],"wp:attachment":[{"href":"https:\/\/infinityweeb.com\/en\/wp-json\/wp\/v2\/media?parent=32139"}],"wp:term":[{"taxonomy":"product_brand","embeddable":true,"href":"https:\/\/infinityweeb.com\/en\/wp-json\/wp\/v2\/product_brand?post=32139"},{"taxonomy":"product_cat","embeddable":true,"href":"https:\/\/infinityweeb.com\/en\/wp-json\/wp\/v2\/product_cat?post=32139"},{"taxonomy":"product_tag","embeddable":true,"href":"https:\/\/infinityweeb.com\/en\/wp-json\/wp\/v2\/product_tag?post=32139"}],"curies":[{"name":"wp","href":"https:\/\/api.w.org\/{rel}","templated":true}]}}