{"id":32149,"date":"2025-12-29T10:30:20","date_gmt":"2025-12-29T09:30:20","guid":{"rendered":"https:\/\/infinityweeb.com\/shop\/casque-gaming-spirit-of-gamer-elite-h60-sans-fil-pc-ps4-xbox-one-casque-gamer-son-surround\/"},"modified":"2026-01-27T14:37:31","modified_gmt":"2026-01-27T13:37:31","slug":"casque-gaming-spirit-of-gamer-elite-h60-sans-fil-pc-ps4-xbox-one-casque","status":"publish","type":"product","link":"https:\/\/infinityweeb.com\/en\/shop\/casque-gaming-spirit-of-gamer-elite-h60-sans-fil-pc-ps4-xbox-one-casque\/","title":{"rendered":"Casque Gaming Spirit of Gamer Elite H60 Sans Fil PC PS4 Xbox One Casque Gamer Son Surround"},"content":{"rendered":"<h3>Pour toujours plus d\u2019immersion<\/h3>\n<p>Vivez vos jeux de mani\u00e8re encore plus immersive gr\u00e2ce au casque Elite-H60 Red de Spirit Of Gamer. Son design ultra-tendance est appuy\u00e9 par un superbe r\u00e9tro-\u00e9clairage LED rouge. Ses \u00e9couteurs circum-aural rouge avec haut-parleurs n\u00e9odymes de 50 mm produisent un son clair et des basses puissantes pour un confort d\u2019\u00e9coute exceptionnel. Il est \u00e9quip\u00e9 d\u2019un microphone flexible ajustable qui s\u2019adapte \u00e0 toutes les situations. Gr\u00e2ce \u00e0 ce casque, discutez avec vos co\u00e9quipiers, d\u00e9veloppez vos strat\u00e9gies et lancez des assauts pour vaincre.CASQUE SPIRIT OF GAMER ELITE H60 &#8211; Campus Informatique<br \/>\nPOUR PROFITEZ D\u2019UN SON RICHE ET CRISTALLIN<br \/>\nL\u2019Elite-H60 Red vous plonge au coeur de l\u2019action quelques soient les jeux auxquels vous jouez (RPG, FPS, RTS, etc\u2026). Ses haut-parleurs de 50 mm vous offre un son riche et cristallin. Le microphone flexible et ajustable est un mod\u00e8le omnidirectionnel ultra sensible. Il est id\u00e9al pour participer \u00e0 des conversations claires et pr\u00e9cises avec l\u2019ensemble des membres actifs de votre \u00e9quipe.<\/p>\n<p>Echangez vocalement avec vos co\u00e9quipiers, \u00e9laborez des strat\u00e9gies et prenez part \u00e0 des assauts concert\u00e9s pour gagner toutes vos parties les plus intenses : le tout avec une qualit\u00e9 audio \u00e9poustouflante.<\/p>\n<h3>UN R\u00c9TRO-\u00c9CLAIRGE ROUGE DES PLUS SPECTACULAIRE<\/h3>\n<p>L\u2019Elite-H60 Red est \u00e0 l\u2019image des autres casques gamer de Spirit of Gamer. En effet, il vous assure une parfaite isolation sonore avec son format circum-aural. Il s\u2019adapte \u00e0 vous avec son arceau ajustable. Ses coussinets sont ultra doux au contact, pour toujours plus de confort. Il est \u00e9quip\u00e9 d\u2019une t\u00e9l\u00e9commande filaire et d\u2019une touche mute qui vous permettront de g\u00e9rer le volume sonore en un instant. Ce casque Elite-H60 met en avant sur ses \u00e9couteurs le blason si tendance Skull de Spirit of Gamer. Enfin ses LED rouges de r\u00e9tro-\u00e9clairage participent \u00e0 faire de ce casque un mod\u00e8le ultra-tendance, moderne et spectaculaire.<\/p>\n<p>Il offre une compatibilit\u00e9 PC \u00e9tendue de Windows XP \u00e0 Windows 10. Il est \u00e9galement compatible PS4, Xbox One et Nintendo Switch. Valeur s\u00fbre, abordable, c\u2019est un casque que vous adorerez utiliser lors de toutes vos sessions gaming !<\/p>\n<h3>CARACT\u00c9RISTIQUES PRINCIPALES :<\/h3>\n<ul>\n<li>Diam\u00e8tre des \u00e9couteurs : \u00d8 50 mm<br \/>\nR\u00e9ponse en fr\u00e9quence : 20 \u2013 20.000 Hz<br \/>\nImp\u00e9dance : 32 \u03a9<br \/>\nNiveau de pression sonore (SPL) : 98 dB<br \/>\nR\u00e9tro-\u00e9clairage LED rouge<br \/>\nEcouteurs : Isolation phonique, coussins rembourr\u00e9s et confortables<br \/>\nArceau r\u00e9glable rembourr\u00e9<br \/>\nT\u00e9l\u00e9commande filaire (contr\u00f4le du volume, Mute Micro)<br \/>\nInterface : Simple jack 3,5 mm (Audio + Micro) et USB (seulement pour le r\u00e9tro-\u00e9clairage)<br \/>\nRallonge Double Jack 3,5 mm (Audio &amp; Micro) : 1 m\u00e8tre<br \/>\nLongueur du c\u00e2ble : 2 m<br \/>\nMicrophone omnidirectionnel fl\u00e9xible<br \/>\nPrise : Jack 3.5 mm<br \/>\nPoids : 250 gr<br \/>\nCouleur : Noir\/Rouge<br \/>\nCompatible PC \/ PS4 \/ Xbox One \/ Nintendo Switch<\/li>\n<\/ul>","protected":false},"excerpt":{"rendered":"<p>Vivez vos jeux de mani\u00e8re encore plus immersive gr\u00e2ce au casque Elite-H60 Red de Spirit Of Gamer. Son design ultra-tendance est appuy\u00e9 par un superbe r\u00e9tro-\u00e9clairage LED rouge.<\/p>","protected":false},"featured_media":32150,"comment_status":"open","ping_status":"closed","template":"","meta":[],"product_brand":[1006],"product_cat":[318],"product_tag":[],"class_list":{"0":"post-32149","1":"product","2":"type-product","3":"status-publish","4":"has-post-thumbnail","6":"product_brand-spirit-of-gamer","7":"product_cat-casques-gaming","9":"first","10":"outofstock","11":"shipping-taxable","12":"purchasable","13":"product-type-simple"},"jetpack_sharing_enabled":true,"_links":{"self":[{"href":"https:\/\/infinityweeb.com\/en\/wp-json\/wp\/v2\/product\/32149","targetHints":{"allow":["GET"]}}],"collection":[{"href":"https:\/\/infinityweeb.com\/en\/wp-json\/wp\/v2\/product"}],"about":[{"href":"https:\/\/infinityweeb.com\/en\/wp-json\/wp\/v2\/types\/product"}],"replies":[{"embeddable":true,"href":"https:\/\/infinityweeb.com\/en\/wp-json\/wp\/v2\/comments?post=32149"}],"version-history":[{"count":1,"href":"https:\/\/infinityweeb.com\/en\/wp-json\/wp\/v2\/product\/32149\/revisions"}],"predecessor-version":[{"id":32152,"href":"https:\/\/infinityweeb.com\/en\/wp-json\/wp\/v2\/product\/32149\/revisions\/32152"}],"wp:featuredmedia":[{"embeddable":true,"href":"https:\/\/infinityweeb.com\/en\/wp-json\/wp\/v2\/media\/32150"}],"wp:attachment":[{"href":"https:\/\/infinityweeb.com\/en\/wp-json\/wp\/v2\/media?parent=32149"}],"wp:term":[{"taxonomy":"product_brand","embeddable":true,"href":"https:\/\/infinityweeb.com\/en\/wp-json\/wp\/v2\/product_brand?post=32149"},{"taxonomy":"product_cat","embeddable":true,"href":"https:\/\/infinityweeb.com\/en\/wp-json\/wp\/v2\/product_cat?post=32149"},{"taxonomy":"product_tag","embeddable":true,"href":"https:\/\/infinityweeb.com\/en\/wp-json\/wp\/v2\/product_tag?post=32149"}],"curies":[{"name":"wp","href":"https:\/\/api.w.org\/{rel}","templated":true}]}}