{"id":32167,"date":"2025-12-29T11:33:09","date_gmt":"2025-12-29T10:33:09","guid":{"rendered":"https:\/\/infinityweeb.com\/shop\/station-daccueil-usb-c-13-en-1-double-hdmivga-4k-pd-100w-gigabit-sd-tf-audio-35-mm-macbook-windows-android-otn-9199a\/"},"modified":"2026-01-27T14:36:31","modified_gmt":"2026-01-27T13:36:31","slug":"station-daccueil-onten-usb-c-13-en-1-double-hdmivga-4k-pd-100w-gigabit-sd-tf-audio-35-mm-macbook-windows-android-otn-9199a","status":"publish","type":"product","link":"https:\/\/infinityweeb.com\/en\/shop\/station-daccueil-onten-usb-c-13-en-1-double-hdmivga-4k-pd-100w-gigabit-sd-tf-audio-35-mm-macbook-windows-android-otn-9199a\/","title":{"rendered":"Station d&rsquo;accueil ONTEN USB-C 13 en 1 (double HDMI+VGA 4K, PD 100W, Gigabit, SD\/TF, audio 3,5 mm). MacBook, Windows, Android OTN-9199A."},"content":{"rendered":"<p><strong>Station d\u2019Accueil Multifonction 13-en-1\u2013 USB-C, Double Sortie Vid\u00e9o HDMI+VGA 4K, Recharge PD 100W, R\u00e9seau Gigabit, Lecteur SD\/TF, Audio 3,5 mm, Compatible MacBook, Windows et Android OTN-9199A ONTEN<\/strong><\/p>\n<p>&nbsp;<\/p>\n<p>Station d&rsquo;accueil polyvalente:<\/p>\n<p>Il int\u00e8gre 2 interfaces USB-C, 1 interface HDMI, 1 interface vid\u00e9o haute d\u00e9finition VGA, 4 interfaces de donn\u00e9es USB2.0-3.0, 1 port de charge PD, 1 emplacement pour carte SD\/TF, 1 port Ethernet Gigabit RJ45 et une interface audio 3,5 mm, qui couvrent presque toutes les exigences d&rsquo;extension de p\u00e9riph\u00e9riques dans les sc\u00e9narios quotidiens de bureau ou de divertissement<\/p>\n<p>&nbsp;<\/p>\n<p>Station d&rsquo;accueil multifonction:<\/p>\n<p>Compatible avec les appareils compatibles Thunderbolt 3 : MacBook, MacBook Air\/Pro, iMac\/iMac Pro, Chromebook Pixel, Dell, ASUS, HP, Lenovo et autres ordinateurs portables de type C. La station d&rsquo;accueil se place sous l&rsquo;ordinateur portable et contribue efficacement \u00e0 dissiper la chaleur.<\/p>\n<p>&nbsp;<\/p>\n<p>Interface vid\u00e9o double HDMI+VGA:<\/p>\n<p>Permet de connecter des moniteurs, des t\u00e9l\u00e9viseurs HD et des projecteurs, et est parfaitement compatible avec les \u00e9crans dot\u00e9s de diff\u00e9rentes interfaces, pour r\u00e9pondre \u00e0 tous vos besoins de projection ! La r\u00e9solution VGA est de 2K et l&rsquo;interface HDMI prend en charge une sortie haute d\u00e9finition jusqu&rsquo;\u00e0 4K30 Hz. L&rsquo;image est nette et la transition des couleurs fluide. Que ce soit pour jouer ou dessiner, l&rsquo;exp\u00e9rience est exceptionnelle ! USB-C vers deux \u00e9crans. Prise en charge<\/p>\n<p>&nbsp;<\/p>\n<p>Base d&rsquo;extension multifonctionnelle:<\/p>\n<p>Avec un port USB 3.0 et trois ports USB 2.0, un clavier, une souris, un disque dur mobile, un petit ventilateur, un radiateur\u2026 tous les p\u00e9riph\u00e9riques et appareils num\u00e9riques sont pris en charge au quotidien. Deux ports d&rsquo;extension de donn\u00e9es USB-C permettent de lire les disques durs et autres p\u00e9riph\u00e9riques USB ou USB-C, ainsi qu&rsquo;une interface d&rsquo;alimentation USB-C PD 3.0. Ce connecteur permet \u00e9galement de recharger un ordinateur portable, un t\u00e9l\u00e9phone ou une tablette.<\/p>\n<p>&nbsp;<\/p>\n<p>Port HDMI pour un festin visuel HD:<\/p>\n<p>Diffusez ou agrandissez votre \u00e9cran gr\u00e2ce au port HDMI de l&rsquo;adaptateur USB-C et diffusez directement des vid\u00e9os Full HD 1080p ou 3D sur un t\u00e9l\u00e9viseur HD, un moniteur ou un projecteur. Profitez de films en famille sur un \u00e9cran plus grand ou r\u00e9alisez une pr\u00e9sentation captivante lors d&rsquo;une r\u00e9union.<\/p>\n<p>&nbsp;<\/p>\n<p>Aluminium spatial haut de gamme:<\/p>\n<p>La coque rend le hub USB C robuste et durable, \u00e9galement con\u00e7u pour \u00e9viter la surchauffe, vous gardant ainsi que vos appareils en s\u00e9curit\u00e9.<\/p>\n<p>Plug and play, aucun logiciel, pilote ou installation compliqu\u00e9e requis.<\/p>\n<p>Fabriqu\u00e9 en alliage d&rsquo;aluminium et puce intelligente int\u00e9gr\u00e9e avec une bonne fonction de dissipation thermique<\/p>\n<p>&nbsp;<\/p>\n<p>Contr\u00f4le intelligent de la temp\u00e9rature:<\/p>\n<p>De plus, la station d&rsquo;accueil Onten 9199A int\u00e8gre des puces intelligentes et des syst\u00e8mes de protection contre les surintensit\u00e9s, les surtensions, les courts-circuits et les temp\u00e9ratures \u00e9lev\u00e9es, pour une s\u00e9curit\u00e9 optimale et d&rsquo;excellentes performances. Par exemple, gr\u00e2ce \u00e0 son design ultra-fin et \u00e9l\u00e9gant, notre hub adaptateur USB-C est compact et l\u00e9ger, sans occuper trop d&rsquo;espace. La station d&rsquo;accueil multifonction Type-C permet d&rsquo;ajouter des p\u00e9riph\u00e9riques USB et des \u00e9crans \u00e0 votre ordinateur portable.<\/p>\n<p>&nbsp;<\/p>\n<p>Caract\u00e9ristiques :<\/p>\n<ol>\n<li>Avec une interface unique pour se connecter \u00e0 une vari\u00e9t\u00e9 d&rsquo; appareils<\/li>\n<li>Petit et portable, emportez-le avec vous<\/li>\n<li>Plug and Play, compatible avec Mac OS, Windows, Linux, Android, iOS<\/li>\n<li>incluant un port Ethernet RJ45, le r\u00e9seau Gigabit est accessible<\/li>\n<li>Le port HDMI diffuse directement des vid\u00e9os HD vers un t\u00e9l\u00e9viseur, des moniteurs ou des projecteurs.<\/li>\n<li>L&rsquo;extension d&rsquo;interface multifonction r\u00e9pond \u00e0 vos besoins d&rsquo;extension multi-interface<\/li>\n<li>couvrir tous les besoins d&rsquo;extension de p\u00e9riph\u00e9riques au quotidien au bureau<\/li>\n<li>utilis\u00e9 pour connecter des moniteurs, des t\u00e9l\u00e9viseurs HD et des projecteurs, parfaitement compatible avec les p\u00e9riph\u00e9riques d&rsquo;affichage<\/li>\n<li>avec 1 port USB 3.0 et 3 ports USB 2.0, clavier, souris, disque dur mobile, petit ventilateur, radiateur<\/li>\n<li>1 port de charge PD, 1 emplacement pour carte SD\/TF, 1 port Ethernet Gigabit RJ45 et une interface audio 3,5 mm<\/li>\n<li>2 interfaces USB-C, 1 interface HDMI, 1 interface vid\u00e9o haute d\u00e9finition VGA, 4 interfaces de donn\u00e9es USB2.0-3.0<\/li>\n<\/ol>\n<p>&nbsp;<\/p>\n<p>Sp\u00e9cifications:<\/p>\n<ul>\n<li>Marque: ONTEN<\/li>\n<li>Mod\u00e8le : OTN-9199A<\/li>\n<li>HDMI seul 4K30HZ r\u00e9trocompatible<\/li>\n<li>VGA seul 2K60HZ r\u00e9trocompatible<\/li>\n<li>HDMI+VGA ensemble 2K60HZ<\/li>\n<li>Protocole PD3.0 100W r\u00e9el 87W<\/li>\n<li>USB3.0x1+USB2.0x3<\/li>\n<li>USB-Cx2<\/li>\n<li>Port r\u00e9seau 100 m\u00e9gaoctets<\/li>\n<li>SD+TF<\/li>\n<li>Jack 3,5 mm<\/li>\n<\/ul>","protected":false},"excerpt":{"rendered":"<p>Achetez en ligne votre Station d\u2019Accueil Multifonction 13-en-1\u2013 USB-C, Double Sortie Vid\u00e9o HDMI+VGA 4K, Recharge PD 100W, R\u00e9seau Gigabit, Lecteur SD\/TF, Audio 3,5 mm, Compatible MacBook, Windows et Android OTN-9199A au meilleur prix sur Jumia.dz \u2714 Achat Stations d&rsquo;accueil Onten pas cher, avis et prix en DA \u27a4 Livraison express &amp; paiement \u00e0 la livraison \u2708 Commandez maintenant !<\/p>","protected":false},"featured_media":32168,"comment_status":"open","ping_status":"closed","template":"","meta":[],"product_brand":[1069],"product_cat":[303,306],"product_tag":[],"class_list":{"0":"post-32167","1":"product","2":"type-product","3":"status-publish","4":"has-post-thumbnail","6":"product_brand-onten","7":"product_cat-accessoires-it-cables-hubs-etc","8":"product_cat-accessoires-telephones","10":"first","11":"outofstock","12":"shipping-taxable","13":"product-type-simple"},"jetpack_sharing_enabled":true,"_links":{"self":[{"href":"https:\/\/infinityweeb.com\/en\/wp-json\/wp\/v2\/product\/32167","targetHints":{"allow":["GET"]}}],"collection":[{"href":"https:\/\/infinityweeb.com\/en\/wp-json\/wp\/v2\/product"}],"about":[{"href":"https:\/\/infinityweeb.com\/en\/wp-json\/wp\/v2\/types\/product"}],"replies":[{"embeddable":true,"href":"https:\/\/infinityweeb.com\/en\/wp-json\/wp\/v2\/comments?post=32167"}],"version-history":[{"count":4,"href":"https:\/\/infinityweeb.com\/en\/wp-json\/wp\/v2\/product\/32167\/revisions"}],"predecessor-version":[{"id":32652,"href":"https:\/\/infinityweeb.com\/en\/wp-json\/wp\/v2\/product\/32167\/revisions\/32652"}],"wp:featuredmedia":[{"embeddable":true,"href":"https:\/\/infinityweeb.com\/en\/wp-json\/wp\/v2\/media\/32168"}],"wp:attachment":[{"href":"https:\/\/infinityweeb.com\/en\/wp-json\/wp\/v2\/media?parent=32167"}],"wp:term":[{"taxonomy":"product_brand","embeddable":true,"href":"https:\/\/infinityweeb.com\/en\/wp-json\/wp\/v2\/product_brand?post=32167"},{"taxonomy":"product_cat","embeddable":true,"href":"https:\/\/infinityweeb.com\/en\/wp-json\/wp\/v2\/product_cat?post=32167"},{"taxonomy":"product_tag","embeddable":true,"href":"https:\/\/infinityweeb.com\/en\/wp-json\/wp\/v2\/product_tag?post=32167"}],"curies":[{"name":"wp","href":"https:\/\/api.w.org\/{rel}","templated":true}]}}