{"id":32179,"date":"2025-12-29T12:22:15","date_gmt":"2025-12-29T11:22:15","guid":{"rendered":"https:\/\/infinityweeb.com\/shop\/support-reglable-pour-ordinateur-portable-avec-ventilateur\/"},"modified":"2026-01-27T14:36:30","modified_gmt":"2026-01-27T13:36:30","slug":"support-reglable-pour-ordinateur-portable-avec-ventilateur","status":"publish","type":"product","link":"https:\/\/infinityweeb.com\/en\/shop\/support-reglable-pour-ordinateur-portable-avec-ventilateur\/","title":{"rendered":"Support r\u00e9glable pour ordinateur portable avec ventilateur"},"content":{"rendered":"<ul class=\"a-unordered-list a-vertical a-spacing-mini\">\n<li class=\"a-spacing-mini\"><span class=\"a-list-item\"><span dir=\"auto\">\u2705 Restez au frais et optimisez vos performances\u00a0: le ventilateur de refroidissement amovible int\u00e9gr\u00e9 emp\u00eache la surchauffe, am\u00e9liorant ainsi les performances de l\u2019ordinateur portable et prolongeant sa dur\u00e9e de vie. Id\u00e9al pour les jeux, le travail et les \u00e9tudes.<\/span><\/span><\/li>\n<li class=\"a-spacing-mini\"><span class=\"a-list-item\"><span dir=\"auto\">\u2705 Conception portable et pliable \u2013 Se replie en une fine bande de 24 cm pour un rangement facile. Glissez-le dans votre sac d&rsquo;ordinateur portable et utilisez-le au bureau, \u00e0 la maison, dans les caf\u00e9s, en classe ou en voyage.<\/span><\/span><\/li>\n<li class=\"a-spacing-mini\"><span class=\"a-list-item\"><span dir=\"auto\">\u2705 Construction durable en alliage d&rsquo;aluminium \u2013 Fabriqu\u00e9 en alliage d&rsquo;aluminium anodis\u00e9 et sabl\u00e9 avec des coussinets en silicone antid\u00e9rapants pour maintenir les appareils stables, sans rayures et en toute s\u00e9curit\u00e9.<\/span><\/span><\/li>\n<li class=\"a-spacing-mini\"><span class=\"a-list-item\"><span dir=\"auto\">\u2705 Ergonomie r\u00e9glable sur 7 niveaux \u2013 Changez facilement d&rsquo;angle et de hauteur gr\u00e2ce \u00e0 7 r\u00e9glages pour un confort optimal lors de la frappe, du visionnage et pour une bonne posture. Prot\u00e8ge votre cou, votre dos et votre colonne vert\u00e9brale m\u00eame apr\u00e8s de longues heures d&rsquo;utilisation.<\/span><\/span><\/li>\n<li class=\"a-spacing-mini\"><span class=\"a-list-item\"><span dir=\"auto\">\u2705 Compatibilit\u00e9 universelle (14\u201318 pouces) \u2013 Con\u00e7u pour accueillir toutes les principales marques d&rsquo;ordinateurs portables et de tablettes. L\u00e9ger et robuste, avec un support triangulaire stable.<\/span><\/span><\/li>\n<\/ul>","protected":false},"excerpt":{"rendered":"<p>\u2705 Restez au frais et optimisez vos performances\u00a0: le ventilateur de refroidissement amovible int\u00e9gr\u00e9 emp\u00eache la surchauffe, am\u00e9liorant ainsi les<\/p>","protected":false},"featured_media":32180,"comment_status":"open","ping_status":"closed","template":"","meta":[],"product_brand":[],"product_cat":[297],"product_tag":[],"class_list":{"0":"post-32179","1":"product","2":"type-product","3":"status-publish","4":"has-post-thumbnail","6":"product_cat-refroidissement-cooling","8":"first","9":"outofstock","10":"shipping-taxable","11":"purchasable","12":"product-type-simple"},"jetpack_sharing_enabled":true,"_links":{"self":[{"href":"https:\/\/infinityweeb.com\/en\/wp-json\/wp\/v2\/product\/32179","targetHints":{"allow":["GET"]}}],"collection":[{"href":"https:\/\/infinityweeb.com\/en\/wp-json\/wp\/v2\/product"}],"about":[{"href":"https:\/\/infinityweeb.com\/en\/wp-json\/wp\/v2\/types\/product"}],"replies":[{"embeddable":true,"href":"https:\/\/infinityweeb.com\/en\/wp-json\/wp\/v2\/comments?post=32179"}],"version-history":[{"count":0,"href":"https:\/\/infinityweeb.com\/en\/wp-json\/wp\/v2\/product\/32179\/revisions"}],"wp:featuredmedia":[{"embeddable":true,"href":"https:\/\/infinityweeb.com\/en\/wp-json\/wp\/v2\/media\/32180"}],"wp:attachment":[{"href":"https:\/\/infinityweeb.com\/en\/wp-json\/wp\/v2\/media?parent=32179"}],"wp:term":[{"taxonomy":"product_brand","embeddable":true,"href":"https:\/\/infinityweeb.com\/en\/wp-json\/wp\/v2\/product_brand?post=32179"},{"taxonomy":"product_cat","embeddable":true,"href":"https:\/\/infinityweeb.com\/en\/wp-json\/wp\/v2\/product_cat?post=32179"},{"taxonomy":"product_tag","embeddable":true,"href":"https:\/\/infinityweeb.com\/en\/wp-json\/wp\/v2\/product_tag?post=32179"}],"curies":[{"name":"wp","href":"https:\/\/api.w.org\/{rel}","templated":true}]}}