{"id":32190,"date":"2025-12-29T20:00:40","date_gmt":"2025-12-29T19:00:40","guid":{"rendered":"https:\/\/infinityweeb.com\/shop\/adaptateur-usb-c-vers-hdmi-usb-3-0-usb-c-pd\/"},"modified":"2026-01-27T14:36:26","modified_gmt":"2026-01-27T13:36:26","slug":"adaptateur-usb-c-vers-hdmi-usb-3-0-usb-c-pd","status":"publish","type":"product","link":"https:\/\/infinityweeb.com\/en\/shop\/adaptateur-usb-c-vers-hdmi-usb-3-0-usb-c-pd\/","title":{"rendered":"Adaptateur USB-C vers HDMI + USB 3.0 + USB-C PD"},"content":{"rendered":"<p><b>Caract\u00e9ristiques :<\/b><br \/>\n\u2022 3 en 1 USB-C \u00e0 l&rsquo;adaptateur HDMI 4K prend en charge la r\u00e9solution vid\u00e9o jusqu&rsquo;\u00e0 3840X2160P @ 30HZ parfait pour votre maison, l&rsquo;\u00e9cole ou au bureau.<br \/>\n\u2022 HUB USB C mobile vers HDMI-compatible pour Macbook Pro\/Air Thunderbolt 3 Hub USB de Type C vers HDMI-compatible 4K USB 3.0 Port USB-C.<br \/>\n\u2022 Pratique: pr\u00eat \u00e0 l&#8217;emploi, aucun pilote suppl\u00e9mentaire n&rsquo;est n\u00e9cessaire.<br \/>\n\u2022 Compatibilit\u00e9: cet adaptateur peut \u00eatre compatible pour Apple Macbook, pour GoogleChromebook Pixel, pour XPS 13, pour Lumia 950XL, pour LGG5, pour PS4, pour les appareils LenovoYoga 900-131SK et plus de Type C&#8230;.etc<br \/>\n\u2022 Port USB 3.0: ce port peut fournir une transmission de donn\u00e9es super rapide jusqu&rsquo;\u00e0 5Gbps. Compatible avec le disque flash USB, la souris, le clavier, l&rsquo;appareil photo, le disque dur amovible ou d&rsquo;autres appareils USB A 3.0\/USB A 2.0.<\/p>\n<p><b>Sp\u00e9cifications :<\/b><br \/>\n\u2022 Interface: USB 3.1 Type-C<br \/>\n\u2022 Entr\u00e9e : USB Type C<br \/>\n\u2022 Sortie : USB3.0 + Type-C PD + HDMI<br \/>\n\u2022 R\u00e9solution Max: 4k 30hz<br \/>\n\u2022 Longueur: 15cm<br \/>\n\u2022 Mat\u00e9riau: Aluminium<br \/>\n\u2022 Taille: 280x80x1 0mm\/11.02&#215;3.15&#215;0.39in<br \/>\n\u2022 Couleur: Argent<br \/>\n\u2022\u00a0<b>Super Compatible pour PC (pas liste compl\u00e8te)<\/b><br \/>\nMacBook,2018\/17\/16 \/15<br \/>\nMacBook Pro 15 \u00ab\u00a0\/13\u00a0\u00bb,2018\/17\/16\/15<br \/>\nIMac\/iMac Pro, 2017 -2015 Pixel de Chromebook deGoogle<br \/>\nNouveau commutateur AcerAlpha 12<br \/>\nDellXPS 12\/13\/15, LatitudeDell<br \/>\nNintendoSwitch<br \/>\nHPSpectre X2,X360,Elite X2 1012\/ Elitebook Folio G1<br \/>\nPoste de travail Mobile H ZBook 15 G3<br \/>\nAcerSpin 7\/ Chromebook R13, Acer Aspire V Nitro 15<br \/>\nPoste de travail Mobile ZBook 15 G3<br \/>\nLenov Yoga 900\/910<br \/>\nSamsungChromebook Plus<br \/>\nHUAWEIMateBook X\/ Par<br \/>\nAcerSwift 7 SF713-51-M5MP(NX.GK6CN.002)<br \/>\nTianbao D&rsquo;air<\/p>\n<p>\u2022\u00a0<b>Super Compatible pour t\u00e9l\u00e9phone portable<\/b>\u00a0(avec le Mode Alt DP) (liste non compl\u00e8te):<br \/>\nSamsungGalaxy S8\/S8 Plus, S9\/S9 Plus,Note 8<br \/>\nHuaweiMate10\/ P20<br \/>\nLGG5\/LG V20<br \/>\nLumia950\/950 XL<\/p>","protected":false},"excerpt":{"rendered":"<p>Caract\u00e9ristiques : \u2022 3 en 1 USB-C \u00e0 l&rsquo;adaptateur HDMI 4K prend en charge la r\u00e9solution vid\u00e9o jusqu&rsquo;\u00e0 3840X2160P @<\/p>","protected":false},"featured_media":32191,"comment_status":"open","ping_status":"closed","template":"","meta":[],"product_brand":[],"product_cat":[303],"product_tag":[],"class_list":{"0":"post-32190","1":"product","2":"type-product","3":"status-publish","4":"has-post-thumbnail","6":"product_cat-accessoires-it-cables-hubs-etc","8":"first","9":"outofstock","10":"shipping-taxable","11":"product-type-simple"},"jetpack_sharing_enabled":true,"_links":{"self":[{"href":"https:\/\/infinityweeb.com\/en\/wp-json\/wp\/v2\/product\/32190","targetHints":{"allow":["GET"]}}],"collection":[{"href":"https:\/\/infinityweeb.com\/en\/wp-json\/wp\/v2\/product"}],"about":[{"href":"https:\/\/infinityweeb.com\/en\/wp-json\/wp\/v2\/types\/product"}],"replies":[{"embeddable":true,"href":"https:\/\/infinityweeb.com\/en\/wp-json\/wp\/v2\/comments?post=32190"}],"version-history":[{"count":1,"href":"https:\/\/infinityweeb.com\/en\/wp-json\/wp\/v2\/product\/32190\/revisions"}],"predecessor-version":[{"id":32247,"href":"https:\/\/infinityweeb.com\/en\/wp-json\/wp\/v2\/product\/32190\/revisions\/32247"}],"wp:featuredmedia":[{"embeddable":true,"href":"https:\/\/infinityweeb.com\/en\/wp-json\/wp\/v2\/media\/32191"}],"wp:attachment":[{"href":"https:\/\/infinityweeb.com\/en\/wp-json\/wp\/v2\/media?parent=32190"}],"wp:term":[{"taxonomy":"product_brand","embeddable":true,"href":"https:\/\/infinityweeb.com\/en\/wp-json\/wp\/v2\/product_brand?post=32190"},{"taxonomy":"product_cat","embeddable":true,"href":"https:\/\/infinityweeb.com\/en\/wp-json\/wp\/v2\/product_cat?post=32190"},{"taxonomy":"product_tag","embeddable":true,"href":"https:\/\/infinityweeb.com\/en\/wp-json\/wp\/v2\/product_tag?post=32190"}],"curies":[{"name":"wp","href":"https:\/\/api.w.org\/{rel}","templated":true}]}}