{"id":32196,"date":"2025-12-29T20:34:17","date_gmt":"2025-12-29T19:34:17","guid":{"rendered":"https:\/\/infinityweeb.com\/shop\/hub-usb-c-11-en-1-hdmi-vga-charge-rapide-pd-rj45-usb-audio-sd-tf\/"},"modified":"2026-01-27T14:36:26","modified_gmt":"2026-01-27T13:36:26","slug":"hub-usb-c-11-en-1-hdmi-vga-charge-rapide-pd-rj45-usb-audio-sd-tf","status":"publish","type":"product","link":"https:\/\/infinityweeb.com\/en\/shop\/hub-usb-c-11-en-1-hdmi-vga-charge-rapide-pd-rj45-usb-audio-sd-tf\/","title":{"rendered":"Hub USB-C 11-en-1 HDMI, VGA, charge rapide PD, RJ45, USB, audio, SD\/TF."},"content":{"rendered":"<p><b>Adaptateur HUB USB Type-C vers RJ45 Gigabit &amp; HDMI 4K &amp; VGA&amp; USB 3.0 &amp; Lecteur de Carte M\u00e9moire Compatible Multi-platform 11 en 1, Station d&rsquo;Accueil Adaptateur HDMI 4K, VGA, PD de type C, USB3.0, Ethernet RJ45 Gigabit, lecteur de carte SD\/TF, AUX 3,5 mm, station d&rsquo;accueil compatible avec MacBook Pro\/Air,\u00a0<\/b>autres types C Appareils portables<b><\/b><\/p>\n<p>&nbsp;<\/p>\n<p>HUB USB C SZPACMATE 11 en 1<\/p>\n<p>\u00cates-vous toujours inquiet du manque de ports sur votre ordinateur portable ? \u00cates-vous toujours inquiet des appareils sans interfaces multiples ? Le HUB USB-C 11-en-1 vous aide simplement \u00e0 sortir de l&#8217;embarras. Cette station d&rsquo;accueil USB-C dispose d&rsquo;une interface USB3.0, d&rsquo;une interface 3 \u00d7 USB2.0, d&rsquo;une interface de charge rapide PD, d&rsquo;une interface HDMI 4K, d&rsquo;une interface VGA, d&#8217;emplacements pour lecteur de carte SD\/TF, d&rsquo;une connexion Ethernet RJ45 Gigabit 1000 Mbps et d&rsquo;une interfacesortie audio 3,5 mm. Il r\u00e9pondra \u00e0 vos besoins quotidiens et le produit est petit et tr\u00e8s pratique \u00e0 transporter. Il peut r\u00e9soudre le probl\u00e8me du manque de connexions sur votre ordinateur portable \u00e0 tout moment et en tout lieu, am\u00e9liorant ainsi consid\u00e9rablement l&rsquo;efficacit\u00e9 de votre bureau.<\/p>\n<p>&nbsp;<\/p>\n<p>Points forts\u00a0:<\/p>\n<p>\u00b7\u00a0\u00a0\u00a0\u00a0\u00a0\u00a0\u00a0\u00a0 G\u00e9rez le hub USB-C tout-en-un : l&rsquo;adaptateur hub USB C est compatible avec tous les appareils qui contiennent des ports Type-C\/USB, en particulier MacBook Pro et Air. Le HUB USB C 11-en-1 comprend un port USB3.0 et trois ports USB2.0, un port PD, une sortie vid\u00e9o HDMI 4K, un port VGA m\u00e2le-femelle, un port Ethernet RJ45 et une sortie audio, et Emplacements pour lecteur de carte SD\/Micro SD, compatibles avec MacBook Pro\/Air, Chromebook et autres appareils de type C.<\/p>\n<p>\u00b7\u00a0\u00a0\u00a0\u00a0\u00a0\u00a0\u00a0\u00a0 Transfert de donn\u00e9es ultra rapide : les ports USB 3.0 prennent en charge des vitesses de transfert allant jusqu&rsquo;\u00e0 5 Gbit\/s, 2 USB 2.0 pour souris et clavier sans fil 2,4 G sans interf\u00e9rence de signal. L&#8217;emplacement SD\/TF peut acc\u00e9der aux fichiers en quelques secondes. Le port Ethernet RJ45 100M offre un acc\u00e8s Internet plus stable et plus rapide que la plupart des connexions sans fil. (Remarque : adaptateur USB C, il ne peut pas lire la carte SD\/TF en m\u00eame temps.)<\/p>\n<p>\u00b7\u00a0\u00a0\u00a0\u00a0\u00a0\u00a0\u00a0\u00a0 4K HDMI et VGA : la station d&rsquo;accueil USB C prend en charge des r\u00e9solutions \u00e9lev\u00e9es jusqu&rsquo;\u00e0 4K 3840 x 2160 \u00e0 30 Hz et diffuse des vid\u00e9os 4K ou Full HD 1080p directement sur un t\u00e9l\u00e9viseur HD, des moniteurs ou des projecteurs et est compatible vers le bas avec 2K\/1080p\/ R\u00e9solutions 720p. Le port VGA prend en charge jusqu&rsquo;\u00e0 1080P \u00e0 60HZ.<\/p>\n<p>\u00b7\u00a0\u00a0\u00a0\u00a0\u00a0\u00a0\u00a0\u00a0 Technologie double c\u0153ur, charge rapide PD : l&rsquo;adaptateur multiport USB C Hub est combin\u00e9 avec la puce double c\u0153ur int\u00e9gr\u00e9e, qui a une consommation d&rsquo;\u00e9nergie plus faible, tous les ports peuvent fonctionner efficacement et la vitesse de transmission des donn\u00e9es devient plus rapide. Don.gle USB C Prend en charge une charge rapide jusqu&rsquo;\u00e0 100 W.<\/p>\n<p>\u00b7\u00a0\u00a0\u00a0\u00a0\u00a0\u00a0\u00a0\u00a0 Garantie de qualit\u00e9 et Service sinc\u00e8re : notre station d&rsquo;accueil USB-C est strictement contr\u00f4l\u00e9e et de qualit\u00e9 assur\u00e9e ! Grande compatibilit\u00e9, plug and play, aucun pilote requis. Si vous rencontrez des probl\u00e8mes avec le produit.<\/p>","protected":false},"excerpt":{"rendered":"<p>Adaptateur HUB USB Type-C vers RJ45 Gigabit &amp; HDMI 4K &amp; VGA&amp; USB 3.0 &amp; Lecteur de Carte M\u00e9moire Compatible<\/p>","protected":false},"featured_media":32197,"comment_status":"open","ping_status":"closed","template":"","meta":[],"product_brand":[],"product_cat":[303],"product_tag":[],"class_list":{"0":"post-32196","1":"product","2":"type-product","3":"status-publish","4":"has-post-thumbnail","6":"product_cat-accessoires-it-cables-hubs-etc","8":"first","9":"outofstock","10":"shipping-taxable","11":"product-type-simple"},"jetpack_sharing_enabled":true,"_links":{"self":[{"href":"https:\/\/infinityweeb.com\/en\/wp-json\/wp\/v2\/product\/32196","targetHints":{"allow":["GET"]}}],"collection":[{"href":"https:\/\/infinityweeb.com\/en\/wp-json\/wp\/v2\/product"}],"about":[{"href":"https:\/\/infinityweeb.com\/en\/wp-json\/wp\/v2\/types\/product"}],"replies":[{"embeddable":true,"href":"https:\/\/infinityweeb.com\/en\/wp-json\/wp\/v2\/comments?post=32196"}],"version-history":[{"count":1,"href":"https:\/\/infinityweeb.com\/en\/wp-json\/wp\/v2\/product\/32196\/revisions"}],"predecessor-version":[{"id":32246,"href":"https:\/\/infinityweeb.com\/en\/wp-json\/wp\/v2\/product\/32196\/revisions\/32246"}],"wp:featuredmedia":[{"embeddable":true,"href":"https:\/\/infinityweeb.com\/en\/wp-json\/wp\/v2\/media\/32197"}],"wp:attachment":[{"href":"https:\/\/infinityweeb.com\/en\/wp-json\/wp\/v2\/media?parent=32196"}],"wp:term":[{"taxonomy":"product_brand","embeddable":true,"href":"https:\/\/infinityweeb.com\/en\/wp-json\/wp\/v2\/product_brand?post=32196"},{"taxonomy":"product_cat","embeddable":true,"href":"https:\/\/infinityweeb.com\/en\/wp-json\/wp\/v2\/product_cat?post=32196"},{"taxonomy":"product_tag","embeddable":true,"href":"https:\/\/infinityweeb.com\/en\/wp-json\/wp\/v2\/product_tag?post=32196"}],"curies":[{"name":"wp","href":"https:\/\/api.w.org\/{rel}","templated":true}]}}