{"id":32208,"date":"2025-12-30T14:34:16","date_gmt":"2025-12-30T13:34:16","guid":{"rendered":"https:\/\/infinityweeb.com\/shop\/multiprise-ldnio-5-prises-usb-c-a-charge-sans-fil-15w-rangement-cables-2m-scw5354\/"},"modified":"2026-01-27T14:36:20","modified_gmt":"2026-01-27T13:36:20","slug":"multiprise-ldnio-prises-charge-sans-fil-15w-rangement-cables-2m-scw5354","status":"publish","type":"product","link":"https:\/\/infinityweeb.com\/en\/shop\/multiprise-ldnio-prises-charge-sans-fil-15w-rangement-cables-2m-scw5354\/","title":{"rendered":"Multiprise LDNIO 5 prises + USB-C\/A + charge sans fil 15W + rangement c\u00e2bles, 2m SCW5354"},"content":{"rendered":"<p>Multiprise 5 prises + USB-C\/A + charge sans fil 15W + rangement c\u00e2bles, cordon 2m.<\/p>\n<p>Sp\u00e9cification<br \/>Marque: LDNIO<br \/>Nom du produit: bo\u00eetier de<img decoding=\"async\" class=\"alignright size-full wp-image-7163\" title=\"why-us-img-2 - futurcellphone\" src=\"https:\/\/futurcellphone.com\/wp-content\/uploads\/2024\/04\/why-us-img-2-1.jpg\" sizes=\"(max-width: 267px) 100vw, 267px\" srcset=\"https:\/\/futurcellphone.com\/wp-content\/uploads\/2024\/04\/why-us-img-2-1.jpg 267w, https:\/\/futurcellphone.com\/wp-content\/uploads\/2024\/04\/why-us-img-2-1-150x139.jpg 150w\" alt=\"\" width=\"267\" height=\"248\" \/><br \/>Mod\u00e8le de produit: SCW5354<br \/>Puissance nominale: 2500W-10A, 110-250V<br \/>Entr\u00e9e: AC100-250V ~ 50\/60Hz 10A<br \/>Sortie PD: 5V = 3A\/9V = 2,22A\/12V = 1,67 Sortie QC A (20 W MAX)<br \/>: 5 V = 3 A\/9 V = 2 A\/12 V = 1,5 A (18 W MAX)<br \/>Sortie USB-A : 5 V = 2,4 A (12 W MAX)<br \/>Sortie sans fil : 15 W (5 W\/7,5 W\/10 W\/15 A). )<br \/>Sortie totale maximale: 30 W<\/p>\n<p>Caract\u00e9ristiques principales:<br \/>\u2013 Conception de gestion, gardez votre bureau bien rang\u00e9<br \/>\u2013 Pi\u00e8ce en forme de L: conception sp\u00e9ciale pour la gestion des c\u00e2bles<br \/>\u2013 Prise de courant \u00e0 5 voies et 3 ports USB pour de meilleures performances<br \/>\u2013 2 M, cordon d\u2019alimentation robuste, aide \u00e0 garantir un flux d\u2019\u00e9nergie optimal vers les appareils connect\u00e9s<br \/>\u2013 La coque ABS int\u00e9gr\u00e9e, 850 Celsius anti-flamme<br \/>\u2013 Sortie 2500 W adapt\u00e9e \u00e0 toutes les tailles d\u2019appareils \u00e9lectrom\u00e9nagers et d\u2019appareils mobiles<\/p>\n<p>ber\u00e9dar.<\/p>\n<p>Essayez de concevoir un interrupteur sp\u00e9cial en forme de L, qui comprend 5 prises avec un interrupteur de commande \u00e0 un bouton qui vous permet de terminer votre travail\/\u00e9chantillonnage.<\/p>\n<p>Vous pouvez utiliser le SC5309 avec 3 ports USB diff\u00e9rents, y compris 1 USB-C PD, 1 USB-A QC et 1 USB-A Auto-ID (SC5309 utilise 3 ports USB-A, mais la sortie est la m\u00eame. Le chargement sans fil fonctionne avec une puissance maximale de 5 W et une puissance de 15 W (MAX).<\/p>\n<p>Lengkap est dot\u00e9 de la bo\u00eete de rangement de gestion qui vous permet de stocker des c\u00e2bles de mani\u00e8re \u00e0 ce qu\u2019ils soient compatibles, et vous avez besoin de plus de 6<\/p>\n<p>protections pour y acc\u00e9der: interrupteur \u00e9tanche, Mat\u00e9riau ignifuge, porte de s\u00e9curit\u00e9 pour enfants, circuit int\u00e9gr\u00e9 intelligent, cordon d\u2019alimentation \u00e9pais avec intervalle de trous suffisant. C\u00e2ble de connexion de<\/p>\n<p>2 M, prise en charge pour la prise en charge. Vous devez utiliser<\/p>\n<p>1x<br \/>LDNIO SCW5354 \u2013 Bo\u00eete de multiprise de gestion<\/p>\n<p>Dimensions du produit : 29,4 x 14 x 14 cm (1,1 kg)<br \/>Dimensions du sac : 31 x 16 x 16 cm (1,4 kg)<\/p>","protected":false},"excerpt":{"rendered":"<p>Multiprise 5 prises + USB-C\/A + charge sans fil 15W + rangement c\u00e2bles, cordon 2m. Sp\u00e9cificationMarque: LDNIONom du produit: bo\u00eetier<\/p>","protected":false},"featured_media":32209,"comment_status":"open","ping_status":"closed","template":"","meta":[],"product_brand":[942],"product_cat":[354],"product_tag":[],"class_list":{"0":"post-32208","1":"product","2":"type-product","3":"status-publish","4":"has-post-thumbnail","6":"product_brand-ldnio","7":"product_cat-multiprises-parafoudres","9":"first","10":"outofstock","11":"shipping-taxable","12":"purchasable","13":"product-type-simple"},"jetpack_sharing_enabled":true,"_links":{"self":[{"href":"https:\/\/infinityweeb.com\/en\/wp-json\/wp\/v2\/product\/32208","targetHints":{"allow":["GET"]}}],"collection":[{"href":"https:\/\/infinityweeb.com\/en\/wp-json\/wp\/v2\/product"}],"about":[{"href":"https:\/\/infinityweeb.com\/en\/wp-json\/wp\/v2\/types\/product"}],"replies":[{"embeddable":true,"href":"https:\/\/infinityweeb.com\/en\/wp-json\/wp\/v2\/comments?post=32208"}],"version-history":[{"count":1,"href":"https:\/\/infinityweeb.com\/en\/wp-json\/wp\/v2\/product\/32208\/revisions"}],"predecessor-version":[{"id":32216,"href":"https:\/\/infinityweeb.com\/en\/wp-json\/wp\/v2\/product\/32208\/revisions\/32216"}],"wp:featuredmedia":[{"embeddable":true,"href":"https:\/\/infinityweeb.com\/en\/wp-json\/wp\/v2\/media\/32209"}],"wp:attachment":[{"href":"https:\/\/infinityweeb.com\/en\/wp-json\/wp\/v2\/media?parent=32208"}],"wp:term":[{"taxonomy":"product_brand","embeddable":true,"href":"https:\/\/infinityweeb.com\/en\/wp-json\/wp\/v2\/product_brand?post=32208"},{"taxonomy":"product_cat","embeddable":true,"href":"https:\/\/infinityweeb.com\/en\/wp-json\/wp\/v2\/product_cat?post=32208"},{"taxonomy":"product_tag","embeddable":true,"href":"https:\/\/infinityweeb.com\/en\/wp-json\/wp\/v2\/product_tag?post=32208"}],"curies":[{"name":"wp","href":"https:\/\/api.w.org\/{rel}","templated":true}]}}