{"id":32238,"date":"2025-12-31T17:05:19","date_gmt":"2025-12-31T16:05:19","guid":{"rendered":"https:\/\/infinityweeb.com\/shop\/modem-routeur-wi-fi-6-double-bande-vdsl-adsl-ax1800-tp-link-archer-ax1800\/"},"modified":"2026-01-27T14:35:50","modified_gmt":"2026-01-27T13:35:50","slug":"modem-routeur-wi-fi-6-double-bande-vdsl-adsl-ax1800-tp-link-archer-ax1800","status":"publish","type":"product","link":"https:\/\/infinityweeb.com\/en\/shop\/modem-routeur-wi-fi-6-double-bande-vdsl-adsl-ax1800-tp-link-archer-ax1800\/","title":{"rendered":"Modem-routeur Wi-Fi 6 double bande VDSL\/ADSL AX1800 &#8211; TP-Link Archer AX1800"},"content":{"rendered":"<div class=\"viDetail\">\n<div class=\"vi2Attributes\">\n<div class=\"viContainer\">\n<div class=\"viImageSliders\">\n<div id=\"splide02\" class=\"splide splide--slide splide--ltr splide--draggable splide--nav is-active is-initialized\" role=\"region\">\n<div class=\"splide__arrows splide__arrows--ltr\">Les routeurs et ponts TP-Link Archer VX1800v V1 int\u00e8grent la technologie Wi-Fi 6 \u00e0 votre domicile ou petit bureau, offrant une vitesse, une capacit\u00e9 et une port\u00e9e remarquables. Gr\u00e2ce \u00e0 sa compatibilit\u00e9 double bande, il atteint jusqu&rsquo;\u00e0 574 Mbit\/s sur la bande 2,4 GHz et 1 201 Mbit\/s sur la bande 5 GHz, garantissant une fluidit\u00e9 optimale pour le streaming, les jeux en ligne et les t\u00e9l\u00e9chargements. Ce routeur excelle non seulement en connectivit\u00e9 sans fil, mais offre \u00e9galement une prise en charge compl\u00e8te de la VoIP avec de multiples protocoles et codecs pour des communications vocales claires et fiables. La s\u00e9curit\u00e9 \u00e9tant primordiale, le chiffrement WPA3-Personnel prot\u00e8ge votre r\u00e9seau contre les menaces. L&rsquo;int\u00e9gration d&rsquo;un commutateur \u00e0 4 ports et la compatibilit\u00e9 avec diverses interfaces assurent une connectivit\u00e9 flexible. De plus, des fonctionnalit\u00e9s avanc\u00e9es telles que la qualit\u00e9 de service (QoS), le contr\u00f4le parental et la prise en charge VPN jusqu&rsquo;\u00e0 10 tunnels en font un choix polyvalent pour une exp\u00e9rience r\u00e9seau s\u00e9curis\u00e9e et personnalis\u00e9e. Que ce soit pour le travail ou les loisirs, l&rsquo;Archer VX1800v V1 est con\u00e7u pour r\u00e9pondre aux exigences d&rsquo;un mode de vie connect\u00e9.<\/div>\n<\/div>\n<div class=\"viDetail\">\n<div class=\"viDetailText\"><span dir=\"auto\">Points cl\u00e9s de vente<\/span><\/div>\n<ul class=\"vi2_ksp\">\n<li><span dir=\"auto\">Technologie Wi-Fi 6 double bande pour des vitesses plus rapides et une latence r\u00e9duite<\/span><\/li>\n<li><span dir=\"auto\">Prend en charge plusieurs protocoles VoIP et codecs vocaux pour des communications vocales claires.<\/span><\/li>\n<li><span dir=\"auto\">S\u00e9curit\u00e9 avanc\u00e9e gr\u00e2ce au chiffrement WPA3-Personnel et WPA2-Entreprise<\/span><\/li>\n<li><span dir=\"auto\">Commutateur \u00e0 4 ports et prise en charge de plusieurs interfaces pour une connectivit\u00e9 polyvalente<\/span><\/li>\n<li><span dir=\"auto\">La qualit\u00e9 de service (QoS), le contr\u00f4le parental et la prise en charge des VPN am\u00e9liorent la gestion et la s\u00e9curit\u00e9 du r\u00e9seau.<\/span><\/li>\n<\/ul>\n<\/div>\n<div class=\"viDetail\">\n<div class=\"viDetailText\"><span dir=\"auto\">Caract\u00e9ristiques du produit<\/span><\/div>\n<div class=\"vi2_prodfeathead\">\n<div class=\"vi2_prodfeatitem\"><span dir=\"auto\">Gr\u00e2ce \u00e0 sa technologie Wi-Fi 6 double bande, l&rsquo;Archer VX1800v V1 offre jusqu&rsquo;\u00e0 574 Mbps sur la bande 2,4 GHz et 1201 Mbps sur la bande 5 GHz, garantissant ainsi une exp\u00e9rience de streaming, de jeu et de t\u00e9l\u00e9chargement fluide.<\/span><\/div>\n<\/div>\n<div class=\"vi2_prodfeathead\">\n<div class=\"vi2_prodfeatitem\"><span dir=\"auto\">Dot\u00e9 de protocoles VoIP et de codecs vocaux avanc\u00e9s, notamment SIP, RTP et G.722, ce routeur facilite des communications vocales claires et fiables, prenant en charge des fonctionnalit\u00e9s telles que la mise en attente\/la reprise d&rsquo;appel, le blocage d&rsquo;appel et la num\u00e9rotation abr\u00e9g\u00e9e.<\/span><\/div>\n<\/div>\n<div class=\"vi2_prodfeathead\">\n<div class=\"vi2_prodfeatitem\"><span dir=\"auto\">Dot\u00e9 du chiffrement WPA3-Personnel ainsi que de la prise en charge de WPA-Enterprise et WPA2-PSK, l&rsquo;Archer VX1800v V1 offre un environnement r\u00e9seau s\u00e9curis\u00e9, prot\u00e9geant contre les acc\u00e8s non autoris\u00e9s et les menaces.<\/span><\/div>\n<\/div>\n<div class=\"vi2_prodfeathead\">\n<div class=\"vi2_prodfeatitem\"><span dir=\"auto\">Ce routeur comprend un commutateur \u00e0 4 ports et prend en charge diverses interfaces telles que Ethernet 10Base-T\/100Base-TX\/1000Base-T, DSL et FXS, offrant des options de connexion flexibles pour diff\u00e9rents besoins de r\u00e9seau.<\/span><\/div>\n<\/div>\n<div class=\"vi2_prodfeathead\">\n<div class=\"vi2_prodfeatitem\"><span dir=\"auto\">Avec des fonctionnalit\u00e9s telles que la qualit\u00e9 de service (QoS), le contr\u00f4le parental et la prise en charge VPN jusqu&rsquo;\u00e0 10 tunnels, l&rsquo;Archer VX1800v V1 offre une exp\u00e9rience r\u00e9seau personnalis\u00e9e et s\u00e9curis\u00e9e pour les environnements domestiques et les petits bureaux.<\/span><\/div>\n<\/div>\n<\/div>\n<div class=\"viDetail\">\n<div class=\"viDetailText\"><span dir=\"auto\">Attributs<\/span><\/div>\n<div class=\"vi2Attributes\">\n<div class=\"vi2AttributeGroup\"><span dir=\"auto\">Caract\u00e9ristiques principales<\/span><\/div>\n<div>\n<div><span dir=\"auto\">Capacit\u00e9<\/span><\/div>\n<p><span dir=\"auto\">Tunnels VPN\u00a0: 10<\/span><\/div>\n<div>\n<div><span dir=\"auto\">Normes conformes<\/span><\/div>\n<p><span dir=\"auto\">IEEE 802.3, IEEE 802.3u, IEEE 802.3ab, IEEE 802.11b, IEEE 802.11a, IEEE 802.11g, IEEE 802.11n, IEEE 802.11k, UPnP, IEEE 802.11ac, IEEE 802.11v, IEEE 802.11ax, Wi-Fi CERTIFIED 6<\/span><\/div>\n<div>\n<div><span dir=\"auto\">Protocole de liaison de donn\u00e9es<\/span><\/div>\n<p><span dir=\"auto\">Ethernet, Fast Ethernet, Gigabit Ethernet, IEEE 802.11b, IEEE 802.11a, IEEE 802.11g, IEEE 802.11n, IEEE 802.11ac, IEEE 802.11ax (Wi-Fi 6)<\/span><\/div>\n<div>\n<div><span dir=\"auto\">Type d&rsquo;appareil<\/span><\/div>\n<p><span dir=\"auto\">Routeur sans fil &#8211; Modem DSL &#8211; Commutateur 4 ports (int\u00e9gr\u00e9)<\/span><\/div>\n<div>\n<div><span dir=\"auto\">Protocole de signalisation num\u00e9rique<\/span><\/div>\n<p><span dir=\"auto\">ADSL, VDSL, SIP, ADSL2, ADSL2+, VDSL2<\/span><\/div>\n<div>\n<div><span dir=\"auto\">Dimensions (L x P x H)<\/span><\/div>\n<p><span dir=\"auto\">26,02 cm x 13,5 cm x 4,16 cm<\/span><\/div>\n<div>\n<div><span dir=\"auto\">Type d&rsquo;enceinte<\/span><\/div>\n<p><span dir=\"auto\">Ordinateur de bureau<\/span><\/div>\n<div>\n<div><span dir=\"auto\">Caract\u00e9ristiques<\/span><\/div>\n<p><span dir=\"auto\">Prise en charge NAT, contr\u00f4le parental, prise en charge WMM, QoS, serveur DHCP, prise en charge Samba, serveur FTP, redirection de ports, d\u00e9clenchement de ports, prise en charge des cl\u00e9s USB 3G\/4G, client DHCP, protection contre les attaques DoS et SYN Flood, prise en charge VoIP, planificateur de r\u00e9seau sans fil, IPMB, r\u00e9partition \u00e9quitable du temps d&rsquo;antenne, mappage de ports, DM<\/span><\/div>\n<div>\n<div><span dir=\"auto\">Bande de fr\u00e9quence<\/span><\/div>\n<p><span dir=\"auto\">2,4 GHz \/ 5 GHz<\/span><\/div>\n<div>\n<div><span dir=\"auto\">G\u00e9n\u00e9ration<\/span><\/div>\n<p><span dir=\"auto\">3G, 4G<\/span><\/div>\n<div>\n<div><span dir=\"auto\">Garantie du fabricant<\/span><\/div>\n<p><span dir=\"auto\">Garantie de 3 ans<\/span><\/div>\n<div>\n<div><span dir=\"auto\">Protocole r\u00e9seau\/transport<\/span><\/div>\n<p><span dir=\"auto\">PPTP, L2TP, IPSec, PPPoE, FTP, DHCP, DNS, DDNS<\/span><\/div>\n<div>\n<div><span dir=\"auto\">Performance<\/span><\/div>\n<p><span dir=\"auto\">D\u00e9bit de donn\u00e9es maximal (2,4 GHz)\u00a0: 574 Mbit\/s\u00a0; d\u00e9bit de donn\u00e9es maximal (5 GHz)\u00a0: 1\u00a0201 Mbit\/s<\/span><\/div>\n<div>\n<div><span dir=\"auto\">Description du produit<\/span><\/div>\n<p><span dir=\"auto\">TP-Link Archer VX1800v V1 &#8211; Routeur sans fil &#8211; Modem DSL &#8211; Wi-Fi 6 &#8211; 3G, 4G &#8211; Ordinateur de bureau<\/span><\/div>\n<div>\n<div><span dir=\"auto\">Protocole de gestion \u00e0 distance<\/span><\/div>\n<p><span dir=\"auto\">DHCP, DNS<\/span><\/div>\n<div>\n<div><span dir=\"auto\">Protocole de routage<\/span><\/div>\n<p><span dir=\"auto\">RIP-1, RIP-2, IGMPv2, IGMP, routage IP statique, IGMPv3<\/span><\/div>\n<div>\n<div><span dir=\"auto\">Protocoles VoIP<\/span><\/div>\n<p><span dir=\"auto\">SIP, RTP<\/span><\/div>\n<div>\n<div><span dir=\"auto\">Nombre de ports WAN<\/span><\/div>\n<p><span dir=\"auto\">1<\/span><\/div>\n<div>\n<div><span dir=\"auto\">Poids<\/span><\/div>\n<p><span dir=\"auto\">970 g<\/span><\/div>\n<div>\u00a0<\/div>\n<\/div>\n<\/div>\n<\/div>\n<\/div>\n<div class=\"viBelow\">\n<div class=\"viWebshots\"><img decoding=\"async\" class=\"webshotImage\" src=\"https:\/\/plecom.imgix.net\/bo-1129903-FireShot%20Capture%203598%20-%20Archer%20VX1800v%20-%20AX1800%20Dual-Band%20Wi-Fi%206%20VDSL_ADSL%20Modem%20Router%20-%20T_%20-%20www.tp-link.com.png\" alt=\"Une grande image marketing fournit des informations suppl\u00e9mentaires sur le produit TP-Link Archer VX1800v - AX1800 Modem-routeur Wi-Fi 6 double bande VDSL\/ADSL - Informations alternatives suppl\u00e9mentaires non fournies\" \/><img decoding=\"async\" class=\"webshotImage\" src=\"https:\/\/plecom.imgix.net\/bo-1129957-FireShot%20Capture%203602%20-%20Archer%20VX1800v%20-%20AX1800%20Dual-Band%20Wi-Fi%206%20VDSL_ADSL%20Modem%20Router%20-%20T_%20-%20www.tp-link.com.png\" alt=\"Une grande image marketing fournit des informations suppl\u00e9mentaires sur le produit TP-Link Archer VX1800v - AX1800 Modem-routeur Wi-Fi 6 double bande VDSL\/ADSL - Informations alternatives suppl\u00e9mentaires non fournies\" \/><img decoding=\"async\" class=\"webshotImage\" src=\"https:\/\/plecom.imgix.net\/bo-1129960-FireShot%20Capture%203605%20-%20Archer%20VX1800v%20-%20AX1800%20Dual-Band%20Wi-Fi%206%20VDSL_ADSL%20Modem%20Router%20-%20T_%20-%20www.tp-link.com.png\" alt=\"Une grande image marketing fournit des informations suppl\u00e9mentaires sur le produit TP-Link Archer VX1800v - AX1800 Modem-routeur Wi-Fi 6 double bande VDSL\/ADSL - Informations alternatives suppl\u00e9mentaires non fournies\" \/><img decoding=\"async\" class=\"webshotImage\" src=\"https:\/\/plecom.imgix.net\/bo-1129961-FireShot%20Capture%203606%20-%20Archer%20VX1800v%20-%20AX1800%20Dual-Band%20Wi-Fi%206%20VDSL_ADSL%20Modem%20Router%20-%20T_%20-%20www.tp-link.com.png\" alt=\"Une grande image marketing fournit des informations suppl\u00e9mentaires sur le produit TP-Link Archer VX1800v - AX1800 Modem-routeur Wi-Fi 6 double bande VDSL\/ADSL - Informations alternatives suppl\u00e9mentaires non fournies\" \/><img decoding=\"async\" class=\"webshotImage\" src=\"https:\/\/plecom.imgix.net\/bo-1129968-FireShot%20Capture%203607%20-%20Archer%20VX1800v%20-%20AX1800%20Dual-Band%20Wi-Fi%206%20VDSL_ADSL%20Modem%20Router%20-%20T_%20-%20www.tp-link.jpg\" alt=\"Une grande image marketing fournit des informations suppl\u00e9mentaires sur le produit TP-Link Archer VX1800v - AX1800 Modem-routeur Wi-Fi 6 double bande VDSL\/ADSL - Informations alternatives suppl\u00e9mentaires non fournies\" \/><\/div>\n<\/div>\n<\/div>\n<\/div>","protected":false},"excerpt":{"rendered":"<p>Les routeurs et ponts TP-Link Archer VX1800v V1 int\u00e8grent la technologie Wi-Fi 6 \u00e0 votre domicile ou petit bureau, offrant<\/p>","protected":false},"featured_media":32239,"comment_status":"open","ping_status":"closed","template":"","meta":[],"product_brand":[1016],"product_cat":[335],"product_tag":[],"class_list":{"0":"post-32238","1":"product","2":"type-product","3":"status-publish","4":"has-post-thumbnail","6":"product_brand-tp-link","7":"product_cat-modems-et-routeurs","9":"first","10":"outofstock","11":"shipping-taxable","12":"purchasable","13":"product-type-simple"},"jetpack_sharing_enabled":true,"_links":{"self":[{"href":"https:\/\/infinityweeb.com\/en\/wp-json\/wp\/v2\/product\/32238","targetHints":{"allow":["GET"]}}],"collection":[{"href":"https:\/\/infinityweeb.com\/en\/wp-json\/wp\/v2\/product"}],"about":[{"href":"https:\/\/infinityweeb.com\/en\/wp-json\/wp\/v2\/types\/product"}],"replies":[{"embeddable":true,"href":"https:\/\/infinityweeb.com\/en\/wp-json\/wp\/v2\/comments?post=32238"}],"version-history":[{"count":1,"href":"https:\/\/infinityweeb.com\/en\/wp-json\/wp\/v2\/product\/32238\/revisions"}],"predecessor-version":[{"id":32243,"href":"https:\/\/infinityweeb.com\/en\/wp-json\/wp\/v2\/product\/32238\/revisions\/32243"}],"wp:featuredmedia":[{"embeddable":true,"href":"https:\/\/infinityweeb.com\/en\/wp-json\/wp\/v2\/media\/32239"}],"wp:attachment":[{"href":"https:\/\/infinityweeb.com\/en\/wp-json\/wp\/v2\/media?parent=32238"}],"wp:term":[{"taxonomy":"product_brand","embeddable":true,"href":"https:\/\/infinityweeb.com\/en\/wp-json\/wp\/v2\/product_brand?post=32238"},{"taxonomy":"product_cat","embeddable":true,"href":"https:\/\/infinityweeb.com\/en\/wp-json\/wp\/v2\/product_cat?post=32238"},{"taxonomy":"product_tag","embeddable":true,"href":"https:\/\/infinityweeb.com\/en\/wp-json\/wp\/v2\/product_tag?post=32238"}],"curies":[{"name":"wp","href":"https:\/\/api.w.org\/{rel}","templated":true}]}}