{"id":32282,"date":"2026-01-03T12:45:20","date_gmt":"2026-01-03T11:45:20","guid":{"rendered":"https:\/\/infinityweeb.com\/shop\/adaptateur-wifi-usb-aufa-w136-double-antenne-haut-gain-300-mbps-24-ghz-soft-ap\/"},"modified":"2026-01-29T12:45:04","modified_gmt":"2026-01-29T11:45:04","slug":"adaptateur-wifi-aufa-w136-double-antenne-haut-gain-300-mbps-24-ghz-soft-ap","status":"publish","type":"product","link":"https:\/\/infinityweeb.com\/en\/shop\/adaptateur-wifi-aufa-w136-double-antenne-haut-gain-300-mbps-24-ghz-soft-ap\/","title":{"rendered":"Adaptateur WiFi USB AUFA W136 double antenne haut gain (300 Mbps, 2,4 GHz, Soft AP)."},"content":{"rendered":"<h2 class=\"pdp-mod-section-title outer-title\" data-spm-anchor-id=\"a2a0e.pdp_revamp.0.i2.6219446b43bqsQ\"><span dir=\"auto\">Adaptateur WiFi USB double antenne \u00e0 gain \u00e9lev\u00e9 AUFA W136 (300\u00a0Mbps, 2,4\u00a0GHz, prise en charge des points d\u2019acc\u00e8s logiciels)<\/span><\/h2>\n<div class=\"pdp-product-detail\" data-spm=\"product_detail\">\n<div class=\"pdp-product-desc\">\n<div class=\"html-content pdp-product-highlights\">\n<article class=\"lzd-article\">\n<ul>\n<li>\n<div><span dir=\"auto\">Mod\u00e8le : W136<\/span><\/div>\n<\/li>\n<li>\n<div><span dir=\"auto\">Interface : USB 2.0<\/span><\/div>\n<\/li>\n<li>\n<div><span dir=\"auto\">Antenne : Deux antennes fixes \u00e0 gain \u00e9lev\u00e9 de 5 dBi<\/span><\/div>\n<\/li>\n<li>\n<div><span dir=\"auto\">Vitesse sans fil\u00a0: jusqu\u2019\u00e0 300\u00a0Mbits\/s<\/span><\/div>\n<\/li>\n<li>\n<div><span dir=\"auto\">Plage de fr\u00e9quences\u00a0: 2,4\u00a0GHz (2,4\u20132,4835\u00a0GHz)<\/span><\/div>\n<\/li>\n<li>\n<div><span dir=\"auto\">Type de modulation\u00a0: OFDM\/CCK\/16-QAM\/64-QAM<\/span><\/div>\n<\/li>\n<li>\n<div><span dir=\"auto\">Num\u00e9ro du canal de travail\u00a0: 13<\/span><\/div>\n<\/li>\n<li>\n<div><span dir=\"auto\">Puissance d&rsquo;\u00e9mission : 18 dBm (MAX)<\/span><\/div>\n<\/li>\n<li>\n<div><span dir=\"auto\">Port\u00e9e du Wi-Fi : jusqu&rsquo;\u00e0 100 m\u00e8tres (selon l&rsquo;environnement)<\/span><\/div>\n<\/li>\n<li>\n<div><span dir=\"auto\">Syst\u00e8mes d&rsquo;exploitation compatibles\u00a0: Windows XP\/Vista\/7\/8\/8.1\/10\/11, Linux, Mac OS<\/span><\/div>\n<\/li>\n<\/ul>\n<\/article>\n<\/div>\n<div class=\"html-content detail-content\">\n<article class=\"lzd-article\">\n<p><span dir=\"auto\">Adaptateur WiFi USB double antenne \u00e0 gain \u00e9lev\u00e9 AUFA W136 (300 Mbps, 2,4 GHz, prise en charge des points d&rsquo;acc\u00e8s logiciels)<\/span><\/p>\n<p>\u00a0<\/p>\n<p><span dir=\"auto\">Caract\u00e9ristiques:<\/span><\/p>\n<ul>\n<li>\n<div><span dir=\"auto\">Mod\u00e8le : W136<\/span><\/div>\n<\/li>\n<li>\n<div><span dir=\"auto\">Interface : USB 2.0<\/span><\/div>\n<\/li>\n<li>\n<div data-spm-anchor-id=\"a2a0e.pdp_revamp.product_detail.i1.6219446b43bqsQ\"><span dir=\"auto\">Antenne : Deux antennes fixes \u00e0 gain \u00e9lev\u00e9 de 5 dBi<\/span><\/div>\n<\/li>\n<li>\n<div><span dir=\"auto\">Vitesse sans fil\u00a0: jusqu\u2019\u00e0 300\u00a0Mbits\/s<\/span><\/div>\n<\/li>\n<li>\n<div><span dir=\"auto\">Plage de fr\u00e9quences\u00a0: 2,4\u00a0GHz (2,4\u20132,4835\u00a0GHz)<\/span><\/div>\n<\/li>\n<li>\n<div><span dir=\"auto\">Type de modulation\u00a0: OFDM\/CCK\/16-QAM\/64-QAM<\/span><\/div>\n<\/li>\n<li>\n<div><span dir=\"auto\">Num\u00e9ro du canal de travail\u00a0: 13<\/span><\/div>\n<\/li>\n<li>\n<div><span dir=\"auto\">Puissance d&rsquo;\u00e9mission : 18 dBm (MAX)<\/span><\/div>\n<\/li>\n<li>\n<div><span dir=\"auto\">Port\u00e9e du Wi-Fi : jusqu&rsquo;\u00e0 100 m\u00e8tres (selon l&rsquo;environnement)<\/span><\/div>\n<\/li>\n<li>\n<div><span dir=\"auto\">Syst\u00e8mes d&rsquo;exploitation compatibles\u00a0: Windows XP\/Vista\/7\/8\/8.1\/10\/11, Linux, Mac OS<\/span><\/div>\n<\/li>\n<\/ul>\n<p>\u00a0<\/p>\n<p><span dir=\"auto\">Caract\u00e9ristiques principales :<\/span><\/p>\n<ul>\n<li>\n<div><span dir=\"auto\">Fonction Point d&rsquo;acc\u00e8s logiciel\u00a0: Non seulement elle re\u00e7oit les signaux sans fil, mais elle peut \u00e9galement en transmettre, transformant ainsi votre PC en point d&rsquo;acc\u00e8s Wi-Fi.<\/span><\/div>\n<\/li>\n<li>\n<div><span dir=\"auto\">Prise en charge des r\u00e9seaux WLAN ad hoc et d&rsquo;infrastructure\u00a0: compatible avec les r\u00e9seaux itin\u00e9rants.<\/span><\/div>\n<\/li>\n<li>\n<div><span dir=\"auto\">Plug and Play : Configuration simple et installation facile.<\/span><\/div>\n<\/li>\n<li>\n<div><span dir=\"auto\">Compatibilit\u00e9 \u00e9tendue\u00a0: Fonctionne avec les ordinateurs portables, les ordinateurs de bureau, les t\u00e9l\u00e9viseurs intelligents et bien plus encore.<\/span><\/div>\n<\/li>\n<li>\n<div><span dir=\"auto\">Signal stable : Deux antennes \u00e0 gain \u00e9lev\u00e9 assurent une meilleure port\u00e9e et une connectivit\u00e9 plus forte.<\/span><\/div>\n<\/li>\n<li>\n<div><span dir=\"auto\">Conception compacte : facile \u00e0 transporter et \u00e0 installer, id\u00e9ale pour les voyages et une utilisation \u00e0 domicile.<\/span><\/div>\n<\/li>\n<\/ul>\n<p>\u00a0<\/p>\n<p><img decoding=\"async\" src=\"https:\/\/img.drz.lazcdn.com\/static\/pk\/p\/c2fa1ddd4d911ef2890b66bbcbe59b1a.jpg_2200x2200q80.jpg_.webp\" \/> <img decoding=\"async\" src=\"https:\/\/img.drz.lazcdn.com\/static\/pk\/p\/6c415db209f3c05737ae97932589701e.jpg_2200x2200q80.jpg_.webp\" \/> <img decoding=\"async\" src=\"https:\/\/img.drz.lazcdn.com\/static\/pk\/p\/6692fc94059e9ba8a058d60aeec45818.jpg_2200x2200q80.jpg_.webp\" \/><\/p>\n<\/article>\n<\/div>\n<div class=\"pdp-mod-specification\" data-spm-anchor-id=\"a2a0e.pdp_revamp.product_detail.i2.6219446b43bqsQ\">\n<h2 class=\"pdp-mod-section-title\"><span dir=\"auto\">Sp\u00e9cifications de l&rsquo;adaptateur WiFi USB \u00e0 double antenne \u00e0 gain \u00e9lev\u00e9 AUFA W136 (300 Mbps, 2,4 GHz, prise en charge des points d&rsquo;acc\u00e8s logiciels)<\/span><\/h2>\n<div class=\"pdp-general-features\">\n<ul class=\"specification-keys\">\n<li class=\"key-li\"><span class=\"key-title\"><span dir=\"auto\">Marque<\/span><\/span>\n<div class=\"key-value\"><span dir=\"auto\">Sans marque<\/span><\/div>\n<\/li>\n<li class=\"key-li\"><span class=\"key-title\"><span dir=\"auto\">UGS<\/span><\/span>\n<div class=\"key-value\"><span dir=\"auto\">756941315_PK-3606297826<\/span><\/div>\n<\/li>\n<li class=\"key-li\"><span class=\"key-title\"><span dir=\"auto\">Condition<\/span><\/span>\n<div class=\"key-value\"><span dir=\"auto\">Tout neuf<\/span><\/div>\n<\/li>\n<li class=\"key-li\"><span class=\"key-title\"><span dir=\"auto\">M\u00e9moire graphique<\/span><\/span>\n<div class=\"key-value\"><span dir=\"auto\">N \/ A<\/span><\/div>\n<\/li>\n<li class=\"key-li\"><span class=\"key-title\"><span dir=\"auto\">Vitesse de connectivit\u00e9 (GHz)<\/span><\/span>\n<div class=\"key-value\"><span dir=\"auto\">2 GHz<\/span><\/div>\n<\/li>\n<li class=\"key-li\"><span class=\"key-title\"><span dir=\"auto\">Connectivit\u00e9<\/span><\/span>\n<div class=\"key-value\"><span dir=\"auto\">USB 2.0<\/span><\/div>\n<\/li>\n<li class=\"key-li\"><span class=\"key-title\"><span dir=\"auto\">Mod\u00e8le<\/span><\/span>\n<div class=\"key-value\" data-spm-anchor-id=\"a2a0e.pdp_revamp.product_detail.i3.6219446b43bqsQ\"><span dir=\"auto\">Adaptateur Wi-Fi USB \u00e0 double antenne AUFA W136<\/span><\/div>\n<\/li>\n<\/ul>\n<\/div>\n<\/div>\n<\/div>\n<\/div>","protected":false},"excerpt":{"rendered":"<p>Adaptateur WiFi USB double antenne \u00e0 gain \u00e9lev\u00e9 AUFA W136 (300\u00a0Mbps, 2,4\u00a0GHz, prise en charge des points d\u2019acc\u00e8s logiciels) Mod\u00e8le<\/p>","protected":false},"featured_media":32288,"comment_status":"open","ping_status":"closed","template":"","meta":[],"product_brand":[1070],"product_cat":[303],"product_tag":[],"class_list":{"0":"post-32282","1":"product","2":"type-product","3":"status-publish","4":"has-post-thumbnail","6":"product_brand-no-brand","7":"product_cat-accessoires-it-cables-hubs-etc","9":"first","10":"instock","11":"shipping-taxable","12":"purchasable","13":"product-type-simple"},"jetpack_sharing_enabled":true,"_links":{"self":[{"href":"https:\/\/infinityweeb.com\/en\/wp-json\/wp\/v2\/product\/32282","targetHints":{"allow":["GET"]}}],"collection":[{"href":"https:\/\/infinityweeb.com\/en\/wp-json\/wp\/v2\/product"}],"about":[{"href":"https:\/\/infinityweeb.com\/en\/wp-json\/wp\/v2\/types\/product"}],"replies":[{"embeddable":true,"href":"https:\/\/infinityweeb.com\/en\/wp-json\/wp\/v2\/comments?post=32282"}],"version-history":[{"count":1,"href":"https:\/\/infinityweeb.com\/en\/wp-json\/wp\/v2\/product\/32282\/revisions"}],"predecessor-version":[{"id":32289,"href":"https:\/\/infinityweeb.com\/en\/wp-json\/wp\/v2\/product\/32282\/revisions\/32289"}],"wp:featuredmedia":[{"embeddable":true,"href":"https:\/\/infinityweeb.com\/en\/wp-json\/wp\/v2\/media\/32288"}],"wp:attachment":[{"href":"https:\/\/infinityweeb.com\/en\/wp-json\/wp\/v2\/media?parent=32282"}],"wp:term":[{"taxonomy":"product_brand","embeddable":true,"href":"https:\/\/infinityweeb.com\/en\/wp-json\/wp\/v2\/product_brand?post=32282"},{"taxonomy":"product_cat","embeddable":true,"href":"https:\/\/infinityweeb.com\/en\/wp-json\/wp\/v2\/product_cat?post=32282"},{"taxonomy":"product_tag","embeddable":true,"href":"https:\/\/infinityweeb.com\/en\/wp-json\/wp\/v2\/product_tag?post=32282"}],"curies":[{"name":"wp","href":"https:\/\/api.w.org\/{rel}","templated":true}]}}