{"id":32354,"date":"2026-01-03T17:49:38","date_gmt":"2026-01-03T16:49:38","guid":{"rendered":"https:\/\/infinityweeb.com\/shop\/support-intelligent-hoco-k32-avec-suivi-du-visage-par-quadripode\/"},"modified":"2026-01-29T12:53:28","modified_gmt":"2026-01-29T11:53:28","slug":"support-intelligent-hoco-k32-avec-suivi-du-visage-par-quadripode","status":"publish","type":"product","link":"https:\/\/infinityweeb.com\/en\/shop\/support-intelligent-hoco-k32-avec-suivi-du-visage-par-quadripode\/","title":{"rendered":"Support intelligent Hoco K32 avec suivi du visage par quadripode"},"content":{"rendered":"<h4><span dir=\"auto\">hoco. K32 Soporte, support de t\u00e9l\u00e9phone avec suivi automatique du visage, pour t\u00e9l\u00e9phones portables de 4,5 \u00e0 7 pouces, perche \u00e0 selfie ou tr\u00e9pied, rotation \u00e0 360\u00b0, commande gestuelle<\/span><\/h4>\n<p><span dir=\"auto\">1. Compatibilit\u00e9 : Compatible avec les smartphones de 4,5 \u00e0 7 pouces (largeur de la pince : 50 \u00e0 90 mm) et les cam\u00e9ras sport \u00e0 vis 1\/4 pouce.<\/span><br \/><span dir=\"auto\">2. Utilisation : Diffusion en direct en int\u00e9rieur et en ext\u00e9rieur, photographie, selfies, etc.<\/span><br \/><span dir=\"auto\">3. Suivi automatique du visage jusqu&rsquo;\u00e0 7 m. Contr\u00f4le gestuel. Rotation \u00e0 360\u00b0. Cam\u00e9ra int\u00e9gr\u00e9e. Peut \u00eatre utilis\u00e9 comme perche \u00e0 selfie ou tr\u00e9pied. Appuyez sur le bouton situ\u00e9 sous l&rsquo;appareil pour d\u00e9ployer les pieds et l&rsquo;utiliser en mode tr\u00e9pied. Poign\u00e9e anti-vibration. Aucune application requise.<\/span><br \/><span dir=\"auto\">4. T\u00e9l\u00e9commande Bluetooth v5.2 d\u00e9tachable, port\u00e9e de 10 m.<\/span><br \/><span dir=\"auto\">5. Batterie :<\/span><br \/><span dir=\"auto\">Support \u2013 1500 mAh, temps de charge : 4 heures, autonomie : 2 heures. Entr\u00e9e : USB-C, 5 V CC \/ 0,5 A.<\/span><br \/><span dir=\"auto\">T\u00e9l\u00e9commande \u2013 55 mAh, temps de charge : 3 heures, autonomie : 8 heures. Entr\u00e9e : USB-C, 5 V CC \/ 0,5 A.<\/span><br \/><span dir=\"auto\">6. Mat\u00e9riaux\u00a0: ABS et alliage d\u2019aluminium.<\/span><br \/><span dir=\"auto\">7. Dimensions\u00a0: 49 \u00d7 95 \u00d7 325\u00a0mm. Hauteur maximale\u00a0: 1,81\u00a0m.<\/span><br \/><span dir=\"auto\">8. Poids\u00a0: 560\u00a0g.<\/span><\/p>\n<p><img decoding=\"async\" class=\"aligncenter size-full wp-image-190928\" title=\"support de diffusion en direct intelligent Hoco K32\" src=\"https:\/\/hocotech.com\/wp-content\/uploads\/2025\/12\/hoco-k32-soporte-smart-live-broadcast-holder.avif\" sizes=\"(max-width: 800px) 100vw, 800px\" srcset=\"https:\/\/hocotech.com\/wp-content\/uploads\/2025\/12\/hoco-k32-soporte-smart-live-broadcast-holder.avif 800w, https:\/\/hocotech.com\/wp-content\/uploads\/2025\/12\/hoco-k32-soporte-smart-live-broadcast-holder-150x150.avif 150w, https:\/\/hocotech.com\/wp-content\/uploads\/2025\/12\/hoco-k32-soporte-smart-live-broadcast-holder-50x50.avif 50w, https:\/\/hocotech.com\/wp-content\/uploads\/2025\/12\/hoco-k32-soporte-smart-live-broadcast-holder-100x100.avif 100w\" alt=\"support de diffusion en direct intelligent Hoco K32\" width=\"800\" height=\"800\" \/><\/p>\n<p><img decoding=\"async\" class=\"aligncenter size-full wp-image-190949\" title=\"tr\u00e9pied support intelligent pour diffusion en direct Hoco K32\" src=\"https:\/\/hocotech.com\/wp-content\/uploads\/2025\/12\/hoco-k32-soporte-smart-live-broadcast-holder-tripod.avif\" sizes=\"(max-width: 800px) 100vw, 800px\" srcset=\"https:\/\/hocotech.com\/wp-content\/uploads\/2025\/12\/hoco-k32-soporte-smart-live-broadcast-holder-tripod.avif 800w, https:\/\/hocotech.com\/wp-content\/uploads\/2025\/12\/hoco-k32-soporte-smart-live-broadcast-holder-tripod-150x150.avif 150w, https:\/\/hocotech.com\/wp-content\/uploads\/2025\/12\/hoco-k32-soporte-smart-live-broadcast-holder-tripod-50x50.avif 50w, https:\/\/hocotech.com\/wp-content\/uploads\/2025\/12\/hoco-k32-soporte-smart-live-broadcast-holder-tripod-100x100.avif 100w\" alt=\"tr\u00e9pied support intelligent pour diffusion en direct Hoco K32\" width=\"800\" height=\"800\" \/><\/p>\n<p><img decoding=\"async\" class=\"aligncenter size-full wp-image-190940\" title=\"Support de diffusion en direct intelligent Hoco K32\" src=\"https:\/\/hocotech.com\/wp-content\/uploads\/2025\/12\/hoco-k32-soporte-smart-live-broadcast-holder-length.avif\" sizes=\"(max-width: 800px) 100vw, 800px\" srcset=\"https:\/\/hocotech.com\/wp-content\/uploads\/2025\/12\/hoco-k32-soporte-smart-live-broadcast-holder-length.avif 800w, https:\/\/hocotech.com\/wp-content\/uploads\/2025\/12\/hoco-k32-soporte-smart-live-broadcast-holder-length-150x150.avif 150w, https:\/\/hocotech.com\/wp-content\/uploads\/2025\/12\/hoco-k32-soporte-smart-live-broadcast-holder-length-50x50.avif 50w, https:\/\/hocotech.com\/wp-content\/uploads\/2025\/12\/hoco-k32-soporte-smart-live-broadcast-holder-length-100x100.avif 100w\" alt=\"Support de diffusion en direct intelligent Hoco K32\" width=\"800\" height=\"800\" \/><\/p>\n<p><img decoding=\"async\" class=\"aligncenter size-full wp-image-190934\" title=\"Support pliable pour diffusion en direct intelligent Hoco K32\" src=\"https:\/\/hocotech.com\/wp-content\/uploads\/2025\/12\/hoco-k32-soporte-smart-live-broadcast-holder-foldable.avif\" sizes=\"(max-width: 800px) 100vw, 800px\" srcset=\"https:\/\/hocotech.com\/wp-content\/uploads\/2025\/12\/hoco-k32-soporte-smart-live-broadcast-holder-foldable.avif 800w, https:\/\/hocotech.com\/wp-content\/uploads\/2025\/12\/hoco-k32-soporte-smart-live-broadcast-holder-foldable-150x150.avif 150w, https:\/\/hocotech.com\/wp-content\/uploads\/2025\/12\/hoco-k32-soporte-smart-live-broadcast-holder-foldable-50x50.avif 50w, https:\/\/hocotech.com\/wp-content\/uploads\/2025\/12\/hoco-k32-soporte-smart-live-broadcast-holder-foldable-100x100.avif 100w\" alt=\"Support pliable pour diffusion en direct intelligent Hoco K32\" width=\"800\" height=\"800\" \/><\/p>\n<p><img decoding=\"async\" class=\"aligncenter size-full wp-image-190931\" title=\"Support de diffusion en direct intelligent Hoco K32 avec pince\" src=\"https:\/\/hocotech.com\/wp-content\/uploads\/2025\/12\/hoco-k32-soporte-smart-live-broadcast-holder-clamp.avif\" sizes=\"(max-width: 800px) 100vw, 800px\" srcset=\"https:\/\/hocotech.com\/wp-content\/uploads\/2025\/12\/hoco-k32-soporte-smart-live-broadcast-holder-clamp.avif 800w, https:\/\/hocotech.com\/wp-content\/uploads\/2025\/12\/hoco-k32-soporte-smart-live-broadcast-holder-clamp-150x150.avif 150w, https:\/\/hocotech.com\/wp-content\/uploads\/2025\/12\/hoco-k32-soporte-smart-live-broadcast-holder-clamp-50x50.avif 50w, https:\/\/hocotech.com\/wp-content\/uploads\/2025\/12\/hoco-k32-soporte-smart-live-broadcast-holder-clamp-100x100.avif 100w\" alt=\"Support de diffusion en direct intelligent Hoco K32 avec pince\" width=\"800\" height=\"800\" \/><\/p>\n<p><img decoding=\"async\" class=\"aligncenter size-full wp-image-190937\" title=\"Support int\u00e9rieur pour diffusion en direct Hoco K32\" src=\"https:\/\/hocotech.com\/wp-content\/uploads\/2025\/12\/hoco-k32-soporte-smart-live-broadcast-holder-interior.avif\" sizes=\"(max-width: 800px) 100vw, 800px\" srcset=\"https:\/\/hocotech.com\/wp-content\/uploads\/2025\/12\/hoco-k32-soporte-smart-live-broadcast-holder-interior.avif 800w, https:\/\/hocotech.com\/wp-content\/uploads\/2025\/12\/hoco-k32-soporte-smart-live-broadcast-holder-interior-150x150.avif 150w, https:\/\/hocotech.com\/wp-content\/uploads\/2025\/12\/hoco-k32-soporte-smart-live-broadcast-holder-interior-50x50.avif 50w, https:\/\/hocotech.com\/wp-content\/uploads\/2025\/12\/hoco-k32-soporte-smart-live-broadcast-holder-interior-100x100.avif 100w\" alt=\"Support int\u00e9rieur pour diffusion en direct Hoco K32\" width=\"800\" height=\"800\" \/><\/p>\n<p><img decoding=\"async\" class=\"aligncenter size-full wp-image-190943\" title=\"Pr\u00e9sentation du support de diffusion en direct intelligent Hoco K32\" src=\"https:\/\/hocotech.com\/wp-content\/uploads\/2025\/12\/hoco-k32-soporte-smart-live-broadcast-holder-overview.avif\" sizes=\"(max-width: 800px) 100vw, 800px\" srcset=\"https:\/\/hocotech.com\/wp-content\/uploads\/2025\/12\/hoco-k32-soporte-smart-live-broadcast-holder-overview.avif 800w, https:\/\/hocotech.com\/wp-content\/uploads\/2025\/12\/hoco-k32-soporte-smart-live-broadcast-holder-overview-150x150.avif 150w, https:\/\/hocotech.com\/wp-content\/uploads\/2025\/12\/hoco-k32-soporte-smart-live-broadcast-holder-overview-50x50.avif 50w, https:\/\/hocotech.com\/wp-content\/uploads\/2025\/12\/hoco-k32-soporte-smart-live-broadcast-holder-overview-100x100.avif 100w\" alt=\"Pr\u00e9sentation du support de diffusion en direct intelligent Hoco K32\" width=\"800\" height=\"800\" \/><\/p>\n<p><img decoding=\"async\" class=\"aligncenter size-full wp-image-190946\" title=\"Support de diffusion en direct intelligent Hoco K32 - Emballage\" src=\"https:\/\/hocotech.com\/wp-content\/uploads\/2025\/12\/hoco-k32-soporte-smart-live-broadcast-holder-packaging.avif\" sizes=\"(max-width: 800px) 100vw, 800px\" srcset=\"https:\/\/hocotech.com\/wp-content\/uploads\/2025\/12\/hoco-k32-soporte-smart-live-broadcast-holder-packaging.avif 800w, https:\/\/hocotech.com\/wp-content\/uploads\/2025\/12\/hoco-k32-soporte-smart-live-broadcast-holder-packaging-150x150.avif 150w, https:\/\/hocotech.com\/wp-content\/uploads\/2025\/12\/hoco-k32-soporte-smart-live-broadcast-holder-packaging-50x50.avif 50w, https:\/\/hocotech.com\/wp-content\/uploads\/2025\/12\/hoco-k32-soporte-smart-live-broadcast-holder-packaging-100x100.avif 100w\" alt=\"Support de diffusion en direct intelligent Hoco K32 - Emballage\" width=\"800\" height=\"800\" \/><\/p>","protected":false},"excerpt":{"rendered":"<p>hoco. K32 Soporte, support de t\u00e9l\u00e9phone avec suivi automatique du visage, pour t\u00e9l\u00e9phones portables de 4,5 \u00e0 7 pouces, perche<\/p>","protected":false},"featured_media":32355,"comment_status":"open","ping_status":"closed","template":"","meta":[],"product_brand":[917],"product_cat":[306,304],"product_tag":[],"class_list":{"0":"post-32354","1":"product","2":"type-product","3":"status-publish","4":"has-post-thumbnail","6":"product_brand-hoco","7":"product_cat-accessoires-telephones","8":"product_cat-telephonie-objets-connectes","10":"first","11":"outofstock","12":"shipping-taxable","13":"product-type-simple"},"jetpack_sharing_enabled":true,"_links":{"self":[{"href":"https:\/\/infinityweeb.com\/en\/wp-json\/wp\/v2\/product\/32354","targetHints":{"allow":["GET"]}}],"collection":[{"href":"https:\/\/infinityweeb.com\/en\/wp-json\/wp\/v2\/product"}],"about":[{"href":"https:\/\/infinityweeb.com\/en\/wp-json\/wp\/v2\/types\/product"}],"replies":[{"embeddable":true,"href":"https:\/\/infinityweeb.com\/en\/wp-json\/wp\/v2\/comments?post=32354"}],"version-history":[{"count":0,"href":"https:\/\/infinityweeb.com\/en\/wp-json\/wp\/v2\/product\/32354\/revisions"}],"wp:featuredmedia":[{"embeddable":true,"href":"https:\/\/infinityweeb.com\/en\/wp-json\/wp\/v2\/media\/32355"}],"wp:attachment":[{"href":"https:\/\/infinityweeb.com\/en\/wp-json\/wp\/v2\/media?parent=32354"}],"wp:term":[{"taxonomy":"product_brand","embeddable":true,"href":"https:\/\/infinityweeb.com\/en\/wp-json\/wp\/v2\/product_brand?post=32354"},{"taxonomy":"product_cat","embeddable":true,"href":"https:\/\/infinityweeb.com\/en\/wp-json\/wp\/v2\/product_cat?post=32354"},{"taxonomy":"product_tag","embeddable":true,"href":"https:\/\/infinityweeb.com\/en\/wp-json\/wp\/v2\/product_tag?post=32354"}],"curies":[{"name":"wp","href":"https:\/\/api.w.org\/{rel}","templated":true}]}}