{"id":32402,"date":"2026-01-05T12:14:45","date_gmt":"2026-01-05T11:14:45","guid":{"rendered":"https:\/\/infinityweeb.com\/?post_type=product&#038;p=32402"},"modified":"2026-01-29T12:58:58","modified_gmt":"2026-01-29T11:58:58","slug":"lecteur-carte-chiffa-hfpos","status":"publish","type":"product","link":"https:\/\/infinityweeb.com\/en\/shop\/lecteur-carte-chiffa-hfpos\/","title":{"rendered":"Lecteur carte chiffa hfpos"},"content":{"rendered":"<p>Convient pour l&rsquo;identification en ligne rapide et s\u00e9curis\u00e9e (e-banking, d\u00e9clarations de revenus, etc.).<br \/>\nPrend en charge la signature num\u00e9rique et la s\u00e9curit\u00e9 de l&rsquo;autorit\u00e9 de certification.<br \/>\nConforme aux normes ISO 7816 Classe A, B, C.<br \/>\nFonctionne g\u00e9n\u00e9ralement en mode Plug &amp; Play, sans pilote suppl\u00e9mentaire requis sur la plupart des syst\u00e8mes d&rsquo;exploitation modernes.<\/p>","protected":false},"excerpt":{"rendered":"<p>Convient pour l&rsquo;identification en ligne rapide et s\u00e9curis\u00e9e (e-banking, d\u00e9clarations de revenus, etc.). Prend en charge la signature num\u00e9rique et<\/p>","protected":false},"featured_media":32404,"comment_status":"open","ping_status":"closed","template":"","meta":[],"product_brand":[],"product_cat":[1054,301],"product_tag":[],"class_list":{"0":"post-32402","1":"product","2":"type-product","3":"status-publish","4":"has-post-thumbnail","6":"product_cat-accessoires-it","7":"product_cat-imprimantes-scanners","9":"first","10":"instock","11":"sale","12":"shipping-taxable","13":"purchasable","14":"product-type-simple"},"jetpack_sharing_enabled":true,"_links":{"self":[{"href":"https:\/\/infinityweeb.com\/en\/wp-json\/wp\/v2\/product\/32402","targetHints":{"allow":["GET"]}}],"collection":[{"href":"https:\/\/infinityweeb.com\/en\/wp-json\/wp\/v2\/product"}],"about":[{"href":"https:\/\/infinityweeb.com\/en\/wp-json\/wp\/v2\/types\/product"}],"replies":[{"embeddable":true,"href":"https:\/\/infinityweeb.com\/en\/wp-json\/wp\/v2\/comments?post=32402"}],"version-history":[{"count":5,"href":"https:\/\/infinityweeb.com\/en\/wp-json\/wp\/v2\/product\/32402\/revisions"}],"predecessor-version":[{"id":32445,"href":"https:\/\/infinityweeb.com\/en\/wp-json\/wp\/v2\/product\/32402\/revisions\/32445"}],"wp:featuredmedia":[{"embeddable":true,"href":"https:\/\/infinityweeb.com\/en\/wp-json\/wp\/v2\/media\/32404"}],"wp:attachment":[{"href":"https:\/\/infinityweeb.com\/en\/wp-json\/wp\/v2\/media?parent=32402"}],"wp:term":[{"taxonomy":"product_brand","embeddable":true,"href":"https:\/\/infinityweeb.com\/en\/wp-json\/wp\/v2\/product_brand?post=32402"},{"taxonomy":"product_cat","embeddable":true,"href":"https:\/\/infinityweeb.com\/en\/wp-json\/wp\/v2\/product_cat?post=32402"},{"taxonomy":"product_tag","embeddable":true,"href":"https:\/\/infinityweeb.com\/en\/wp-json\/wp\/v2\/product_tag?post=32402"}],"curies":[{"name":"wp","href":"https:\/\/api.w.org\/{rel}","templated":true}]}}