{"id":32563,"date":"2026-01-21T13:41:34","date_gmt":"2026-01-21T12:41:34","guid":{"rendered":"https:\/\/infinityweeb.com\/shop\/degrippant-dw-45-400ml\/"},"modified":"2026-01-29T12:59:31","modified_gmt":"2026-01-29T11:59:31","slug":"degrippant-dw-45-400ml","status":"publish","type":"product","link":"https:\/\/infinityweeb.com\/en\/shop\/degrippant-dw-45-400ml\/","title":{"rendered":"D\u00e9grippant DW-45 400ml"},"content":{"rendered":"<p>D\u00e9grippant WD40 &#8211; 400 ml. C\u2019est un produit multi-usage : il prot\u00e8ge de la corrosion il supprime les grincements il prot\u00e8ge contre l\u2019humidit\u00e9 il d\u00e9grippe les m\u00e9canismes bloqu\u00e9s il nettoie et dissout graisses et goudrons il lubrifie cha\u00eenes et pignons<\/p>\n<p>D\u00e9grippant DW-45 400ml. C\u2019est un produit multi-usage :<\/p>\n<ul>\n<li>il pro D\u00e9grippant DW-45 400ml tige de la corrosion<\/li>\n<li>il supprime les grincements<\/li>\n<li>il prot\u00e8ge contre l\u2019humidit\u00e9<\/li>\n<li>il d\u00e9grippe les m\u00e9canismes bloqu\u00e9s<\/li>\n<li>il nettoie et dissout graisses et goudrons<\/li>\n<li>il lubrifie cha\u00eenes et pignons<\/li>\n<\/ul>","protected":false},"excerpt":{"rendered":"<p>D\u00e9grippant WD40 &#8211; 400 ml. C\u2019est un produit multi-usage : il prot\u00e8ge de la corrosion il supprime les grincements il<\/p>","protected":false},"featured_media":32564,"comment_status":"open","ping_status":"closed","template":"","meta":[],"product_brand":[1071],"product_cat":[179],"product_tag":[],"class_list":{"0":"post-32563","1":"product","2":"type-product","3":"status-publish","4":"has-post-thumbnail","6":"product_brand-dw","7":"product_cat-uncategorized","9":"first","10":"instock","11":"shipping-taxable","12":"purchasable","13":"product-type-simple"},"jetpack_sharing_enabled":true,"_links":{"self":[{"href":"https:\/\/infinityweeb.com\/en\/wp-json\/wp\/v2\/product\/32563","targetHints":{"allow":["GET"]}}],"collection":[{"href":"https:\/\/infinityweeb.com\/en\/wp-json\/wp\/v2\/product"}],"about":[{"href":"https:\/\/infinityweeb.com\/en\/wp-json\/wp\/v2\/types\/product"}],"replies":[{"embeddable":true,"href":"https:\/\/infinityweeb.com\/en\/wp-json\/wp\/v2\/comments?post=32563"}],"version-history":[{"count":0,"href":"https:\/\/infinityweeb.com\/en\/wp-json\/wp\/v2\/product\/32563\/revisions"}],"wp:featuredmedia":[{"embeddable":true,"href":"https:\/\/infinityweeb.com\/en\/wp-json\/wp\/v2\/media\/32564"}],"wp:attachment":[{"href":"https:\/\/infinityweeb.com\/en\/wp-json\/wp\/v2\/media?parent=32563"}],"wp:term":[{"taxonomy":"product_brand","embeddable":true,"href":"https:\/\/infinityweeb.com\/en\/wp-json\/wp\/v2\/product_brand?post=32563"},{"taxonomy":"product_cat","embeddable":true,"href":"https:\/\/infinityweeb.com\/en\/wp-json\/wp\/v2\/product_cat?post=32563"},{"taxonomy":"product_tag","embeddable":true,"href":"https:\/\/infinityweeb.com\/en\/wp-json\/wp\/v2\/product_tag?post=32563"}],"curies":[{"name":"wp","href":"https:\/\/api.w.org\/{rel}","templated":true}]}}