{"id":32574,"date":"2026-01-21T14:07:24","date_gmt":"2026-01-21T13:07:24","guid":{"rendered":"https:\/\/infinityweeb.com\/shop\/clavier-mecanique-havit-kb892l-gaming-type-c\/"},"modified":"2026-01-29T13:11:13","modified_gmt":"2026-01-29T12:11:13","slug":"clavier-mecanique-havit-kb892l-gaming-type-c","status":"publish","type":"product","link":"https:\/\/infinityweeb.com\/en\/shop\/clavier-mecanique-havit-kb892l-gaming-type-c\/","title":{"rendered":"Clavier M\u00e9canique HAVIT KB892L Gaming Type-C"},"content":{"rendered":"<p>Am\u00e9liorez votre configuration de jeu avec le clavier m\u00e9canique de jeu KB892L. Con\u00e7u pour la pr\u00e9cision, il \u00e9l\u00e8ve votre exp\u00e9rience de jeu au niveau suivant.<\/p>\n<p><img decoding=\"async\" src=\"https:\/\/cdn.shopify.com\/s\/files\/1\/0755\/1365\/9703\/files\/KB892L_Listing_-_-2025.1.22.jpg?v=1737534860\" alt=\"\" \/><\/p>","protected":false},"excerpt":{"rendered":"<p>Am\u00e9liorez votre configuration de jeu avec le clavier m\u00e9canique de jeu KB892L. Con\u00e7u pour la pr\u00e9cision, il \u00e9l\u00e8ve votre exp\u00e9rience<\/p>","protected":false},"featured_media":32575,"comment_status":"open","ping_status":"closed","template":"","meta":[],"product_brand":[911],"product_cat":[300,319],"product_tag":[],"class_list":{"0":"post-32574","1":"product","2":"type-product","3":"status-publish","4":"has-post-thumbnail","6":"product_brand-havit","7":"product_cat-claviers-souris","8":"product_cat-claviers-souris-gaming","10":"first","11":"outofstock","12":"sale","13":"shipping-taxable","14":"purchasable","15":"product-type-simple"},"jetpack_sharing_enabled":true,"_links":{"self":[{"href":"https:\/\/infinityweeb.com\/en\/wp-json\/wp\/v2\/product\/32574","targetHints":{"allow":["GET"]}}],"collection":[{"href":"https:\/\/infinityweeb.com\/en\/wp-json\/wp\/v2\/product"}],"about":[{"href":"https:\/\/infinityweeb.com\/en\/wp-json\/wp\/v2\/types\/product"}],"replies":[{"embeddable":true,"href":"https:\/\/infinityweeb.com\/en\/wp-json\/wp\/v2\/comments?post=32574"}],"version-history":[{"count":0,"href":"https:\/\/infinityweeb.com\/en\/wp-json\/wp\/v2\/product\/32574\/revisions"}],"wp:featuredmedia":[{"embeddable":true,"href":"https:\/\/infinityweeb.com\/en\/wp-json\/wp\/v2\/media\/32575"}],"wp:attachment":[{"href":"https:\/\/infinityweeb.com\/en\/wp-json\/wp\/v2\/media?parent=32574"}],"wp:term":[{"taxonomy":"product_brand","embeddable":true,"href":"https:\/\/infinityweeb.com\/en\/wp-json\/wp\/v2\/product_brand?post=32574"},{"taxonomy":"product_cat","embeddable":true,"href":"https:\/\/infinityweeb.com\/en\/wp-json\/wp\/v2\/product_cat?post=32574"},{"taxonomy":"product_tag","embeddable":true,"href":"https:\/\/infinityweeb.com\/en\/wp-json\/wp\/v2\/product_tag?post=32574"}],"curies":[{"name":"wp","href":"https:\/\/api.w.org\/{rel}","templated":true}]}}