{"id":32607,"date":"2026-01-22T11:04:17","date_gmt":"2026-01-22T10:04:17","guid":{"rendered":"https:\/\/infinityweeb.com\/shop\/alimentation-pc-gigabyte-650w-gp-p650b-80-plus-bronze\/"},"modified":"2026-01-27T13:31:27","modified_gmt":"2026-01-27T12:31:27","slug":"alimentation-pc-gigabyte-650w-gp-p650b-80-plus-bronze","status":"publish","type":"product","link":"https:\/\/infinityweeb.com\/en\/shop\/alimentation-pc-gigabyte-650w-gp-p650b-80-plus-bronze\/","title":{"rendered":"Alimentation PC GIGABYTE 650W GP-P650B 80 Plus Bronze"},"content":{"rendered":"<p>Alimentation Pc Gigabyte P650B 650W 80 Plus Bronze<\/p>\n<p>&#8211; Marque : Gigabyte<br \/>&#8211; Mod\u00e8le : GP-P650B <\/p>\n<p>&#8211; Type : Facteur de forme Intel ATX 12V v2.31<br \/>&#8211; PFC : PFC actif (&gt;0,9 typique)<br \/>&#8211; Tension d&rsquo;entr\u00e9e : 100-240 Vac (plage compl\u00e8te)<br \/>&#8211; Courant d&rsquo;entr\u00e9e : 9A-4A<br \/>&#8211; Fr\u00e9quence d&rsquo;entr\u00e9e : 50-60 Hz<br \/>&#8211; Capacit\u00e9 de sortie : 650W<br \/>&#8211; Dimensions : 150mm de profondeur x 140mm de largeur x 86 mm de hauteur<br \/>&#8211; Type de ventilateur : Ventilateur hydraulique de 120mm<br \/>&#8211; Efficacit\u00e9 : Sup\u00e9rieure \u00e0 85% \u00e0 la charge typique<br \/>&#8211; MTBF : &gt;100 000 heures<br \/>&#8211; Protections : OPP\/UVP\/OVP\/SCP\/OCP<br \/>&#8211; R\u00e9glementations : CE\/CCC\/BSMI\/KCC\/EAC\/UL\/TUV\/RCM\/FCC\/PSE<br \/>&#8211; Connecteurs<br \/>ATX\/MB 20+4 broches x 1<br \/>CPU\/EPS 4+4 broches x 1<br \/>PCI-e 6+2 broches x 4 SATA x 6<br \/>4 broches p\u00e9riph\u00e9riques x 3<br \/>4 broches floppy x 1<\/p>\n<p>&#8211; Tension d&rsquo;entr\u00e9e : 100-240VAC <br \/>&#8211; Entr\u00e9e de courant : 9A-4A<br \/>&#8211; Fr\u00e9quence : 50-60Hz<br \/>&#8211; Sortie de courant continu : <br \/>&#8211; (+3,3V) Charge maximale : 18A &#8211; Puissance maximale combin\u00e9e : 108W<br \/>&#8211; (+5V) Charge maximale 15A &#8211; Puissance maximale combin\u00e9e : 108W<br \/>&#8211; (+12V) Charge maximale 54A &#8211; Puissance maximale combin\u00e9e : 648W<br \/>&#8211; (-12V) Charge maximale 0,3A &#8211; Puissance maximale combin\u00e9e : 3,6W<br \/>&#8211; (+5Vsb) Charge maximale 2,5A &#8211; Puissance maximale combin\u00e9e : 12,5W<br \/>&#8211; Puissance totale : 650W<\/p>","protected":false},"excerpt":{"rendered":"<p>Alimentation Pc Gigabyte P650B 650W 80 Plus Bronze &#8211; Marque : Gigabyte&#8211; Mod\u00e8le : GP-P650B &#8211; Type : Facteur de<\/p>","protected":false},"featured_media":32608,"comment_status":"open","ping_status":"closed","template":"","meta":[],"product_brand":[905],"product_cat":[296],"product_tag":[],"class_list":{"0":"post-32607","1":"product","2":"type-product","3":"status-publish","4":"has-post-thumbnail","6":"product_brand-gigabyte","7":"product_cat-alimentations-pc-psu","9":"first","10":"instock","11":"sale","12":"shipping-taxable","13":"purchasable","14":"product-type-simple"},"jetpack_sharing_enabled":true,"_links":{"self":[{"href":"https:\/\/infinityweeb.com\/en\/wp-json\/wp\/v2\/product\/32607","targetHints":{"allow":["GET"]}}],"collection":[{"href":"https:\/\/infinityweeb.com\/en\/wp-json\/wp\/v2\/product"}],"about":[{"href":"https:\/\/infinityweeb.com\/en\/wp-json\/wp\/v2\/types\/product"}],"replies":[{"embeddable":true,"href":"https:\/\/infinityweeb.com\/en\/wp-json\/wp\/v2\/comments?post=32607"}],"version-history":[{"count":0,"href":"https:\/\/infinityweeb.com\/en\/wp-json\/wp\/v2\/product\/32607\/revisions"}],"wp:featuredmedia":[{"embeddable":true,"href":"https:\/\/infinityweeb.com\/en\/wp-json\/wp\/v2\/media\/32608"}],"wp:attachment":[{"href":"https:\/\/infinityweeb.com\/en\/wp-json\/wp\/v2\/media?parent=32607"}],"wp:term":[{"taxonomy":"product_brand","embeddable":true,"href":"https:\/\/infinityweeb.com\/en\/wp-json\/wp\/v2\/product_brand?post=32607"},{"taxonomy":"product_cat","embeddable":true,"href":"https:\/\/infinityweeb.com\/en\/wp-json\/wp\/v2\/product_cat?post=32607"},{"taxonomy":"product_tag","embeddable":true,"href":"https:\/\/infinityweeb.com\/en\/wp-json\/wp\/v2\/product_tag?post=32607"}],"curies":[{"name":"wp","href":"https:\/\/api.w.org\/{rel}","templated":true}]}}