{"id":32609,"date":"2026-01-22T11:09:53","date_gmt":"2026-01-22T10:09:53","guid":{"rendered":"https:\/\/infinityweeb.com\/shop\/alimentation-gigabyte-550w-80-bronze-gp-p550b\/"},"modified":"2026-01-27T13:32:31","modified_gmt":"2026-01-27T12:32:31","slug":"alimentation-gigabyte-550w-80-bronze-gp-p550b","status":"publish","type":"product","link":"https:\/\/infinityweeb.com\/en\/shop\/alimentation-gigabyte-550w-80-bronze-gp-p550b\/","title":{"rendered":"Alimentation GIGABYTE 550W 80+ BRONZE GP P550B"},"content":{"rendered":"<h3>ALIMENTATION GIGABYTE 550WTT GP-P550B 80+ BRONZE<\/h3>\n<ul>\n<li>Certification 80 PLUS Bronze<\/li>\n<li>Ventilateur de 120 mm \u00e0 roulements hydrauliques intelligents (HYB)<\/li>\n<li>C\u00e2bles plats efficaces<\/li>\n<li>Rail simple +12V<\/li>\n<li>Protections OVP\/OPP\/SCP\/UVP\/OCP\/OTP<\/li>\n<li>3 ans de garantie (Ajust\u00e9e en fonction de la r\u00e9gion)<\/li>\n<\/ul>\n<div class=\"woocommerce-tabs wc-tabs-wrapper\">\n<div id=\"tab-description\" class=\"woocommerce-Tabs-panel woocommerce-Tabs-panel--description panel entry-content wc-tab\" role=\"tabpanel\" aria-labelledby=\"tab-title-description\">\n<section class=\"elementor-section elementor-top-section elementor-element elementor-element-e635776 elementor-section-stretched elementor-section-boxed elementor-section-height-default elementor-section-height-default\" data-id=\"e635776\" data-element_type=\"section\" data-settings=\"{&quot;stretch_section&quot;:&quot;section-stretched&quot;,&quot;background_background&quot;:&quot;classic&quot;}\">\n<div class=\"elementor-container elementor-column-gap-default\">\n<div class=\"elementor-row\">\n<div class=\"elementor-column elementor-col-100 elementor-top-column elementor-element elementor-element-3acc120\" data-id=\"3acc120\" data-element_type=\"column\">\n<div class=\"elementor-column-wrap elementor-element-populated\">\n<div class=\"elementor-widget-wrap\">\n<div class=\"elementor-element elementor-element-08f90db elementor-widget elementor-widget-heading\" data-id=\"08f90db\" data-element_type=\"widget\" data-widget_type=\"heading.default\">\n<div class=\"elementor-widget-container\">\n<div class=\"sec1\"><img decoding=\"async\" src=\"https:\/\/www.gigabyte.com\/FileUpload\/Global\/KeyFeature\/1523\/innergigabyteimages\/sec1-img1.png\" alt=\"\" \/><img decoding=\"async\" src=\"https:\/\/www.gigabyte.com\/FileUpload\/Global\/KeyFeature\/1523\/innergigabyteimages\/sec1-img2.png\" alt=\"\" \/><\/div>\n<div class=\"sec2\">\n<div class=\"sec2-text\">\n<h3>CERTIFI\u00c9 80 PLUS BRONZE<\/h3>\n<p>La certification 80 Plus Bronze garantit une efficacit\u00e9 de 85\u00a0% \u00e0 50\u00a0% de charge. Une meilleure efficacit\u00e9 \u00e9nerg\u00e9tique entra\u00eene moins de gaspillage d\u2019\u00e9nergie, moins de chaleur et moins de bruit du ventilateur.<\/p>\n<p><img decoding=\"async\" class=\"sec2-img2\" src=\"https:\/\/www.gigabyte.com\/FileUpload\/Global\/KeyFeature\/1523\/innergigabyteimages\/sec2-img2.png\" alt=\"\" \/><\/p>\n<\/div>\n<div class=\"sec2-imgs\"><img decoding=\"async\" class=\"sec2-img1\" src=\"https:\/\/www.gigabyte.com\/FileUpload\/Global\/KeyFeature\/1523\/innergigabyteimages\/sec2-img1.png\" alt=\"\" \/><\/div>\n<\/div>\n<div class=\"sec3\">\n<div class=\"sec3-text\">\n<h3>C\u00e2ble plat fiable<\/h3>\n<p>Le P550B offre la meilleure solution pour les constructions de syst\u00e8mes. Le c\u00e2ble plat r\u00e9duit l\u2019encombrement et am\u00e9liore le flux d\u2019air dans le bo\u00eetier.<\/p>\n<\/div>\n<div class=\"sec3-imgs\"><img decoding=\"async\" class=\"sec3-img scrollable\" src=\"https:\/\/www.gigabyte.com\/FileUpload\/Global\/KeyFeature\/1523\/innergigabyteimages\/sec3-img.png\" alt=\"\" \/><\/div>\n<\/div>\n<div class=\"sec4\">\n<div class=\"sec4-img\">\n<p><img decoding=\"async\" class=\"sec4-img1\" src=\"https:\/\/www.gigabyte.com\/FileUpload\/Global\/KeyFeature\/1523\/innergigabyteimages\/sec4-img1.png\" alt=\"\" \/>La dur\u00e9e de vie du ventilateur \u00e0 roulement hydraulique est de plus de 4 ans<\/p>\n<\/div>\n<div class=\"sec4-text\">\n<div class=\"sec4-text1\">\n<h3>Ventilateur \u00e0 roulement hydraulique silencieux (HYB) de 120 mm<\/h3>\n<p>La vitesse du ventilateur est ajust\u00e9e en fonction de la d\u00e9tection automatique de la puissance et s\u2019arr\u00eate lorsque le syst\u00e8me est au ralenti ou \u00e0 faible charge (moins de 20 % de charge). Le ventilateur \u00e0 palier hydraulique offre une dur\u00e9e de vie plus longue et plus stable.<\/p>\n<\/div>\n<div class=\"sec4-text2\"><img decoding=\"async\" src=\"https:\/\/www.gigabyte.com\/FileUpload\/Global\/KeyFeature\/1523\/innergigabyteimages\/sec4-img2.png\" alt=\"\" \/><\/div>\n<\/div>\n<\/div>\n<div class=\"sec5\">\n<div class=\"sec5-text\">\n<h3>RAIL SIMPLE +12V<\/h3>\n<p>Un seul rail +12V fournit la meilleure puissance de sortie, la meilleure stabilit\u00e9 et la meilleure compatibilit\u00e9 pour le mat\u00e9riel. Il constitue le moyen le plus simple d\u2019installer le c\u00e2ble d\u2019alimentation. Et c\u2019est la meilleure conception pour l\u2019overclocking.<\/p>\n<\/div>\n<p><img decoding=\"async\" class=\"sec5-img\" src=\"https:\/\/www.gigabyte.com\/FileUpload\/Global\/KeyFeature\/1523\/innergigabyteimages\/sec5-img.png\" alt=\"\" \/><\/p>\n<\/div>\n<div class=\"sec6\">\n<div class=\"sec6-text\">\n<h3>PROTECTION<\/h3>\n<p>Afin de garantir le fonctionnement stable de l\u2019ensemble du syst\u00e8me informatique dans toutes les conditions, nous avons non seulement ajout\u00e9 des mod\u00e8les de protection tels que OCP, OTP, OVP, OPP, UVP et SCP, mais nous avons \u00e9galement assur\u00e9 le fonctionnement stable de votre syst\u00e8me gr\u00e2ce \u00e0 la certification de s\u00e9curit\u00e9 de diff\u00e9rents pays.<\/p>\n<\/div>\n<\/div>\n<\/div>\n<\/div>\n<\/div>\n<\/div>\n<\/div>\n<\/div>\n<\/div>\n<\/section>\n<\/div>\n<\/div>","protected":false},"excerpt":{"rendered":"<p>ALIMENTATION GIGABYTE 550WTT GP-P550B 80+ BRONZE Certification 80 PLUS Bronze Ventilateur de 120 mm \u00e0 roulements hydrauliques intelligents (HYB) C\u00e2bles<\/p>","protected":false},"featured_media":32610,"comment_status":"open","ping_status":"closed","template":"","meta":[],"product_brand":[905],"product_cat":[296],"product_tag":[],"class_list":{"0":"post-32609","1":"product","2":"type-product","3":"status-publish","4":"has-post-thumbnail","6":"product_brand-gigabyte","7":"product_cat-alimentations-pc-psu","9":"first","10":"instock","11":"sale","12":"shipping-taxable","13":"purchasable","14":"product-type-simple"},"jetpack_sharing_enabled":true,"_links":{"self":[{"href":"https:\/\/infinityweeb.com\/en\/wp-json\/wp\/v2\/product\/32609","targetHints":{"allow":["GET"]}}],"collection":[{"href":"https:\/\/infinityweeb.com\/en\/wp-json\/wp\/v2\/product"}],"about":[{"href":"https:\/\/infinityweeb.com\/en\/wp-json\/wp\/v2\/types\/product"}],"replies":[{"embeddable":true,"href":"https:\/\/infinityweeb.com\/en\/wp-json\/wp\/v2\/comments?post=32609"}],"version-history":[{"count":0,"href":"https:\/\/infinityweeb.com\/en\/wp-json\/wp\/v2\/product\/32609\/revisions"}],"wp:featuredmedia":[{"embeddable":true,"href":"https:\/\/infinityweeb.com\/en\/wp-json\/wp\/v2\/media\/32610"}],"wp:attachment":[{"href":"https:\/\/infinityweeb.com\/en\/wp-json\/wp\/v2\/media?parent=32609"}],"wp:term":[{"taxonomy":"product_brand","embeddable":true,"href":"https:\/\/infinityweeb.com\/en\/wp-json\/wp\/v2\/product_brand?post=32609"},{"taxonomy":"product_cat","embeddable":true,"href":"https:\/\/infinityweeb.com\/en\/wp-json\/wp\/v2\/product_cat?post=32609"},{"taxonomy":"product_tag","embeddable":true,"href":"https:\/\/infinityweeb.com\/en\/wp-json\/wp\/v2\/product_tag?post=32609"}],"curies":[{"name":"wp","href":"https:\/\/api.w.org\/{rel}","templated":true}]}}