{"id":32617,"date":"2026-01-22T11:37:18","date_gmt":"2026-01-22T10:37:18","guid":{"rendered":"https:\/\/infinityweeb.com\/shop\/ecouteurs-bluetooth-5-3-hoco-eq11-hifi-stereo-controle-tactile-iphone\/"},"modified":"2026-01-27T13:32:08","modified_gmt":"2026-01-27T12:32:08","slug":"ecouteurs-bluetooth-5-3-hoco-eq11-hifi-stereo-controle-tactile-iphone","status":"publish","type":"product","link":"https:\/\/infinityweeb.com\/en\/shop\/ecouteurs-bluetooth-5-3-hoco-eq11-hifi-stereo-controle-tactile-iphone\/","title":{"rendered":"\u00c9couteurs Bluetooth 5.3 HOCO EQ11 HiFi st\u00e9r\u00e9o contr\u00f4le tactile iPhone"},"content":{"rendered":"<div class=\"product-specs-list-container\">\n<ul class=\"product-specs-list util-clearfix\">\n<li class=\"product-prop line-limit-length\"><span class=\"property-title\">Produit chimique \u00e0 haute pr\u00e9occupation:\u00a0<\/span><span class=\"property-desc line-limit-length\">Aucun<\/span><\/li>\n<li class=\"product-prop line-limit-length\"><span class=\"property-title\">Mat\u00e9riau:\u00a0<\/span><span class=\"property-desc line-limit-length\">ABS<\/span><\/li>\n<li class=\"product-prop line-limit-length\"><span class=\"property-title\">Capacit\u00e9 de la batterie [mAh]:\u00a0<\/span><span class=\"property-desc line-limit-length\">400<\/span><\/li>\n<li class=\"product-prop line-limit-length\"><span class=\"property-title\">Port\u00e9e sans fil maximale [m]:\u00a0<\/span><span class=\"property-desc line-limit-length\"><10\u00a0m<\/span><\/li>\n<li class=\"product-prop line-limit-length\"><span class=\"property-title\">Cat\u00e9gorie:\u00a0<\/span><span class=\"property-desc line-limit-length\">\u00c9couteurs et casques<\/span><\/li>\n<li class=\"product-prop line-limit-length\"><span class=\"property-title\">Nombre de chauffeurs:\u00a0<\/span><span class=\"property-desc line-limit-length\">2<\/span><\/li>\n<li class=\"product-prop line-limit-length\"><span class=\"property-title\">M\u00e9thode de chargement:\u00a0<\/span><span class=\"property-desc line-limit-length\">Bo\u00eetier de chargement<\/span><\/li>\n<li class=\"product-prop line-limit-length\"><span class=\"property-title\">Diam\u00e8tre du pilote:\u00a0<\/span><span class=\"property-desc line-limit-length\">13mm<\/span><\/li>\n<li class=\"product-prop line-limit-length\"><span class=\"property-title\">Plage d&rsquo;imp\u00e9dance:\u00a0<\/span><span class=\"property-desc line-limit-length\">jusqu&rsquo;\u00e0 32 \u03a9<\/span><\/li>\n<li class=\"product-prop line-limit-length\"><span class=\"property-title\">Version Bluetooth:\u00a0<\/span><span class=\"property-desc line-limit-length\">5.3<\/span><\/li>\n<li class=\"product-prop line-limit-length\"><span class=\"property-title\">Liste des paquets:\u00a0<\/span><span class=\"property-desc line-limit-length\">Bo\u00eetier de chargement,C\u00e2ble de chargement,Ensemble de tampons rempla\u00e7ables<\/span><\/li>\n<li class=\"product-prop line-limit-length\"><span class=\"property-title\">Avec microphone:\u00a0<\/span><span class=\"property-desc line-limit-length\">Oui<\/span><\/li>\n<li class=\"product-prop line-limit-length\"><span class=\"property-title\">Est sans fil:\u00a0<\/span><span class=\"property-desc line-limit-length\">Oui<\/span><\/li>\n<li class=\"product-prop line-limit-length\"><span class=\"property-title\">Plage de r\u00e9ponse en fr\u00e9quence:\u00a0<\/span><span class=\"property-desc line-limit-length\">20 &#8211; 20000Hz<\/span><\/li>\n<li class=\"product-prop line-limit-length\"><span class=\"property-title\">Sensibilit\u00e9:\u00a0<\/span><span class=\"property-desc line-limit-length\">98dB<\/span><\/li>\n<li class=\"product-prop line-limit-length\"><span class=\"property-title\">Fonction:\u00a0<\/span><span class=\"property-desc line-limit-length\">Pour le jeu vid\u00e9o,Casque commun,pour t\u00e9l\u00e9phone mobile,Casque HiFi,Sport<\/span><\/li>\n<li class=\"product-prop line-limit-length\"><span class=\"property-title\">Annulation active du bruit:\u00a0<\/span><span class=\"property-desc line-limit-length\">Non<\/span><\/li>\n<li class=\"product-prop line-limit-length\"><span class=\"property-title\">Contr\u00f4le du volume:\u00a0<\/span><span class=\"property-desc line-limit-length\">Non<\/span><\/li>\n<li class=\"product-prop line-limit-length\"><span class=\"property-title\">Bouton de contr\u00f4le:\u00a0<\/span><span class=\"property-desc line-limit-length\">Non<\/span><\/li>\n<li class=\"product-prop line-limit-length\"><span class=\"property-title\">Principe du Vocalisme:\u00a0<\/span><span class=\"property-desc line-limit-length\">Dynamique<\/span><\/li>\n<li class=\"product-prop line-limit-length\"><span class=\"property-title\">Type sans fil:\u00a0<\/span><span class=\"property-desc line-limit-length\">Bluetooth<\/span><\/li>\n<li class=\"product-prop line-limit-length\"><span class=\"property-title\">Connecteurs:\u00a0<\/span><span class=\"property-desc line-limit-length\">Type c<\/span><\/li>\n<li class=\"product-prop line-limit-length\"><span class=\"property-title\">Communication:\u00a0<\/span><span class=\"property-desc line-limit-length\">vrai sans fil<\/span><\/li>\n<li class=\"product-prop line-limit-length\"><span class=\"property-title\">Style:\u00a0<\/span><span class=\"property-desc line-limit-length\">\u00c9couteurs intra-auriculaires filaires<\/span><\/li>\n<li class=\"product-prop line-limit-length\"><span class=\"property-title\">Origine:\u00a0<\/span><span class=\"property-desc line-limit-length\">CN (Origine)<\/span><\/li>\n<li class=\"product-prop line-limit-length\"><span class=\"property-title\">Nom de marque:\u00a0<\/span><span class=\"property-desc line-limit-length\">HOCO<\/span><\/li>\n<li class=\"product-prop line-limit-length\"><span class=\"property-title\">R\u00e9sistance:\u00a0<\/span><span class=\"property-desc line-limit-length\">32<\/span><\/li>\n<\/ul>\n<\/div>\n<div class=\"detailmodule_dynamic\">\u00a0<\/div>\n<div class=\"detailmodule_html\">\n<div class=\"detail-desc-decorate-richtext\">\n<div class=\"detailmodule_dynamic\">\u00a0<\/div>\n<p id=\"tl_1\">HOCO EQ11 true wireless BT headset<\/p>\n<p id=\"tl_2\">Feature<\/p>\n<p id=\"tl_3\">1. Bluetooth 5.3<\/p>\n<p id=\"tl_4\">2. Battery capacity: charging case 400mAh; Headset 40mAh<\/p>\n<p id=\"tl_5\">3. Use time: 7 hours<\/p>\n<p id=\"tl_6\">4. Size: 64*55*30mm; Total weight: 50g<\/p>\n<p id=\"tl_7\">5. Support leader-follower switching, summon for Siri<\/p>\n<p><img decoding=\"async\" src=\"https:\/\/infinityweeb.com\/wp-content\/uploads\/2026\/01\/kf-S8a17645cde83466bb1332ed4cd2a77a6d.webp\" \/><img decoding=\"async\" src=\"https:\/\/infinityweeb.com\/wp-content\/uploads\/2026\/01\/kf-S2d7d95798bc941a5a2c5088b867e76c8J.webp\" \/><img decoding=\"async\" src=\"https:\/\/infinityweeb.com\/wp-content\/uploads\/2026\/01\/kf-S1a7a9b39dfef4bba901ede0f43d26ff5j.webp\" \/><img decoding=\"async\" src=\"https:\/\/infinityweeb.com\/wp-content\/uploads\/2026\/01\/kf-S48093807ec2d407ebb55d3f7bfe483a1u.webp\" \/><img decoding=\"async\" src=\"https:\/\/infinityweeb.com\/wp-content\/uploads\/2026\/01\/kf-S50732c5fcda14929b1207aab8f7774beb.webp\" \/><img decoding=\"async\" src=\"https:\/\/infinityweeb.com\/wp-content\/uploads\/2026\/01\/kf-S148739a47dc64ba3bde669cfb93fe45aG.webp\" \/><img decoding=\"async\" src=\"https:\/\/infinityweeb.com\/wp-content\/uploads\/2026\/01\/kf-S0b6305f87cc848db97264d79f363bf41F.webp\" \/><img decoding=\"async\" src=\"https:\/\/infinityweeb.com\/wp-content\/uploads\/2026\/01\/kf-Sba1c461c95be4bf6bf900d390b26ed296.webp\" \/><img decoding=\"async\" src=\"https:\/\/infinityweeb.com\/wp-content\/uploads\/2026\/01\/kf-Se475396820a94413b7a0cb6c2fc76ad9s.webp\" \/><img decoding=\"async\" src=\"https:\/\/infinityweeb.com\/wp-content\/uploads\/2026\/01\/kf-S7cdfa2a9cb7e43c19cde460366b0d3d6r.webp\" \/><img decoding=\"async\" src=\"https:\/\/infinityweeb.com\/wp-content\/uploads\/2026\/01\/kf-Sab2811e9447f48fbb97d41a9539ac07eX.webp\" \/><\/p>\n<p>\u00a0<\/p>\n<\/div>\n<\/div>","protected":false},"excerpt":{"rendered":"<p>Produit chimique \u00e0 haute pr\u00e9occupation:\u00a0Aucun Mat\u00e9riau:\u00a0ABS Capacit\u00e9 de la batterie [mAh]:\u00a0400 Port\u00e9e sans fil maximale [m]:\u00a0<\/p>","protected":false},"featured_media":32618,"comment_status":"open","ping_status":"closed","template":"","meta":[],"product_brand":[],"product_cat":[329],"product_tag":[],"class_list":{"0":"post-32617","1":"product","2":"type-product","3":"status-publish","4":"has-post-thumbnail","6":"product_cat-casques-ecouteurs","7":"pa_couleur-blanc","8":"pa_couleur-noir","9":"pa_couleur-violet","11":"first","12":"instock","13":"sale","14":"shipping-taxable","15":"purchasable","16":"product-type-variable"},"jetpack_sharing_enabled":true,"_links":{"self":[{"href":"https:\/\/infinityweeb.com\/en\/wp-json\/wp\/v2\/product\/32617","targetHints":{"allow":["GET"]}}],"collection":[{"href":"https:\/\/infinityweeb.com\/en\/wp-json\/wp\/v2\/product"}],"about":[{"href":"https:\/\/infinityweeb.com\/en\/wp-json\/wp\/v2\/types\/product"}],"replies":[{"embeddable":true,"href":"https:\/\/infinityweeb.com\/en\/wp-json\/wp\/v2\/comments?post=32617"}],"version-history":[{"count":11,"href":"https:\/\/infinityweeb.com\/en\/wp-json\/wp\/v2\/product\/32617\/revisions"}],"predecessor-version":[{"id":32648,"href":"https:\/\/infinityweeb.com\/en\/wp-json\/wp\/v2\/product\/32617\/revisions\/32648"}],"wp:featuredmedia":[{"embeddable":true,"href":"https:\/\/infinityweeb.com\/en\/wp-json\/wp\/v2\/media\/32618"}],"wp:attachment":[{"href":"https:\/\/infinityweeb.com\/en\/wp-json\/wp\/v2\/media?parent=32617"}],"wp:term":[{"taxonomy":"product_brand","embeddable":true,"href":"https:\/\/infinityweeb.com\/en\/wp-json\/wp\/v2\/product_brand?post=32617"},{"taxonomy":"product_cat","embeddable":true,"href":"https:\/\/infinityweeb.com\/en\/wp-json\/wp\/v2\/product_cat?post=32617"},{"taxonomy":"product_tag","embeddable":true,"href":"https:\/\/infinityweeb.com\/en\/wp-json\/wp\/v2\/product_tag?post=32617"}],"curies":[{"name":"wp","href":"https:\/\/api.w.org\/{rel}","templated":true}]}}