{"id":32667,"date":"2026-01-24T08:16:43","date_gmt":"2026-01-24T07:16:43","guid":{"rendered":"https:\/\/infinityweeb.com\/shop\/cle-usb-wi-fi-6-ax1800-bi-bande-d-link-dwa-x1850\/"},"modified":"2026-01-27T13:05:01","modified_gmt":"2026-01-27T12:05:01","slug":"cle-usb-wi-fi-6-ax1800-bi-bande-d-link-dwa-x1850","status":"publish","type":"product","link":"https:\/\/infinityweeb.com\/en\/shop\/cle-usb-wi-fi-6-ax1800-bi-bande-d-link-dwa-x1850\/","title":{"rendered":"Cl\u00e9 USB Wi-Fi 6 AX1800 bi-bande D-Link DWA-X1850"},"content":{"rendered":"<h3>Cl\u00e9 USB Wi-Fi 6 AX1800 bi-bande D-Link DWA-X1850<\/h3>\n<p>L&rsquo;adaptateur USB sans fil D-Link DWA-X1850 propose une connexion stable et rapide avec Wi-Fi 6 Dual Band et technologies MU-MIMO et OFDMA. Simple \u00e0 installer et proposant un chiffrement WPA3, ce mod\u00e8le poss\u00e8de toutes les qualit\u00e9s pour accompagner vos besoins nomades.<\/p>\n<h2 class=\"h2-master\">Wi-Fi 6 AX dans un format nomade<\/h2>\n<section>L\u2019<strong>adaptateur USB sans fil D-Link DWA-X1850<\/strong>\u00a0propose une connexion stable et rapide avec Wi-Fi 6 Dual Band et technologies MU-MIMO et OFDMA. Simple \u00e0 installer et proposant un chiffrement WPA3, ce mod\u00e8le poss\u00e8de toutes les qualit\u00e9s pour accompagner vos besoins nomades.<\/section>\n<section>\n<div class=\"desc-image\"><img decoding=\"async\" class=\"alignright\" src=\"https:\/\/media.ldlc.com\/bo\/images\/fiches\/carte_reseau\/Dlink\/DWA-X1850\/wifi_AX.jpg\" alt=\"wifi AX\" width=\"489\" height=\"306\" \/><\/div>\n<div class=\"desc-text\">\n<h2>La vitesse du Wi-Fi 6 en toute mobilit\u00e9<\/h2>\n<p>Petit et compact, l\u2019adaptateur USB D-Link DWA-X1850 cache pourtant une connexion sans fil puissante avec acc\u00e8s au\u00a0<strong>Wi-Fi 6 AX1800<\/strong>. Gr\u00e2ce \u00e0 ce\u00a0<strong>mod\u00e8le Dual Band<\/strong>, profitez de vitesses allant jusqu\u2019\u00e0 574 Mb\/s (2.4 GHz) et 1200 Mb\/s (5 GHz). Les\u00a0<strong>technologies MU-MIMO et OFDMA<\/strong>\u00a0assurent une connexion stable et rapide m\u00eame lorsque plusieurs appareils transmettent des donn\u00e9es en m\u00eame temps.<\/p>\n<p>Branchez l\u2019adaptateur DWA-X1850 sur votre ordinateur via son\u00a0<strong>connecteur USB 3.0<\/strong>\u00a0et b\u00e9n\u00e9ficiez en plus d\u2019un\u00a0<strong>chiffrement de s\u00e9curit\u00e9 128 bits avec WPA3<\/strong>.<\/p>\n<\/div>\n<\/section>\n<section class=\"list\">\n<h2>Caract\u00e9ristiques principales\u00a0 :<\/h2>\n<ul>\n<li><b>Adaptateur USB sans fil Wi-Fi 6 AX1800<\/b>\u00a0<strong>Dual Band<\/strong><\/li>\n<li>574 Mb\/s (2.4 GHz) + 1200 Mb\/s (5 GHz)<\/li>\n<li>Compatible MU-MIMO<\/li>\n<li>Technologie OFDMA : connectivit\u00e9 stable et efficace<\/li>\n<li>Cryptage : WPA2, WPA3<\/li>\n<li>Connecteur USB 3.0<\/li>\n<li>Pilotes pr\u00e9charg\u00e9s : installation simple et rapide<\/li>\n<li>Compatible Windows 10 32\/64 bits<\/li>\n<li>R\u00e9tro-compatible avec routeurs sans fil d\u2019ancienne g\u00e9n\u00e9ration<\/li>\n<\/ul>\n<\/section>","protected":false},"excerpt":{"rendered":"<p>Cl\u00e9 USB Wi-Fi 6 AX1800 bi-bande D-Link DWA-X1850 L&rsquo;adaptateur USB sans fil D-Link DWA-X1850 propose une connexion stable et rapide<\/p>","protected":false},"featured_media":32668,"comment_status":"open","ping_status":"closed","template":"","meta":[],"product_brand":[885],"product_cat":[341,335],"product_tag":[],"class_list":{"0":"post-32667","1":"product","2":"type-product","3":"status-publish","4":"has-post-thumbnail","6":"product_brand-d-link","7":"product_cat-cles-usb","8":"product_cat-modems-et-routeurs","10":"first","11":"instock","12":"sale","13":"shipping-taxable","14":"purchasable","15":"product-type-simple"},"jetpack_sharing_enabled":true,"_links":{"self":[{"href":"https:\/\/infinityweeb.com\/en\/wp-json\/wp\/v2\/product\/32667","targetHints":{"allow":["GET"]}}],"collection":[{"href":"https:\/\/infinityweeb.com\/en\/wp-json\/wp\/v2\/product"}],"about":[{"href":"https:\/\/infinityweeb.com\/en\/wp-json\/wp\/v2\/types\/product"}],"replies":[{"embeddable":true,"href":"https:\/\/infinityweeb.com\/en\/wp-json\/wp\/v2\/comments?post=32667"}],"version-history":[{"count":0,"href":"https:\/\/infinityweeb.com\/en\/wp-json\/wp\/v2\/product\/32667\/revisions"}],"wp:featuredmedia":[{"embeddable":true,"href":"https:\/\/infinityweeb.com\/en\/wp-json\/wp\/v2\/media\/32668"}],"wp:attachment":[{"href":"https:\/\/infinityweeb.com\/en\/wp-json\/wp\/v2\/media?parent=32667"}],"wp:term":[{"taxonomy":"product_brand","embeddable":true,"href":"https:\/\/infinityweeb.com\/en\/wp-json\/wp\/v2\/product_brand?post=32667"},{"taxonomy":"product_cat","embeddable":true,"href":"https:\/\/infinityweeb.com\/en\/wp-json\/wp\/v2\/product_cat?post=32667"},{"taxonomy":"product_tag","embeddable":true,"href":"https:\/\/infinityweeb.com\/en\/wp-json\/wp\/v2\/product_tag?post=32667"}],"curies":[{"name":"wp","href":"https:\/\/api.w.org\/{rel}","templated":true}]}}