{"id":32673,"date":"2026-01-24T08:25:11","date_gmt":"2026-01-24T07:25:11","guid":{"rendered":"https:\/\/infinityweeb.com\/shop\/routeur-gigabit-sans-fil-mesh-wifi-6-ax3000-d-link-dir-x3000z\/"},"modified":"2026-01-27T13:03:15","modified_gmt":"2026-01-27T12:03:15","slug":"routeur-gigabit-sans-fil-mesh-wifi-6-ax3000-d-link-dir-x3000z","status":"publish","type":"product","link":"https:\/\/infinityweeb.com\/en\/shop\/routeur-gigabit-sans-fil-mesh-wifi-6-ax3000-d-link-dir-x3000z\/","title":{"rendered":"Routeur Gigabit sans fil Mesh WiFi 6 AX3000 D-Link DIR-X3000Z"},"content":{"rendered":"<h3>Routeur Gigabit sans fil Mesh WiFi 6 AX3000 D-Link DIR-X3000Z<\/h3>\n<p><strong>Routeur D-Link Wifi-6 DIR-X3000Z AX3000<\/strong><\/p>\n<h4>D-Link lance le DIR-X3000Z, un routeur Wi-Fi 6 r\u00e9volutionnaire avec 5 antennes \u00e0 haut gain pour une connectivit\u00e9 Internet haut d\u00e9bit<\/h4>\n<p>Le routeur 802.11ax, \u00e9quip\u00e9 de la derni\u00e8re technologie Wi-Fi 6, vous offrira une connexion dual-band simultan\u00e9e avec des vitesses sans fil allant jusqu\u2019\u00e0 2402 Mbps sur la bande 5 GHz (160 MHz) et 574 Mbps sur la bande 2.4 GHz. Le routeur AX3000 est un routeur sans fil bi-bande d\u00e9di\u00e9 aux utilisateurs domestiques pour le r\u00e9seau de maison intelligente. Le routeur AX3000 assure une exp\u00e9rience de haute performance pour diff\u00e9rentes applications r\u00e9seau. De plus, il prend en charge davantage d\u2019appareils pour effectuer des transmissions de donn\u00e9es simultan\u00e9ment.<\/p>\n<ul>\n<li><strong>Vitesse Wi-Fi 6 Next-Gen Gigabit :<\/strong>\u00a02402 Mbps sur la bande 5 GHz et 574 Mbps sur la bande 2.4 GHz garantissent un streaming plus fluide et des t\u00e9l\u00e9chargements plus rapides.<\/li>\n<li><strong>Connectez Plus D\u2019Appareils :<\/strong>\u00a0La technologie OFDMA augmente la capacit\u00e9 par 4 pour permettre des transmissions simultan\u00e9es vers plus d\u2019appareils.<\/li>\n<li><strong>Latence Ultra-Basse :<\/strong>\u00a0Offre une exp\u00e9rience de jeu et de chat vid\u00e9o plus r\u00e9active.<\/li>\n<\/ul>\n<p>\u00a0<\/p>\n<h4>Autres Fonctionnalit\u00e9s<\/h4>\n<p>Le routeur offre \u00e9galement plusieurs fonctionnalit\u00e9s avanc\u00e9es pour am\u00e9liorer la s\u00e9curit\u00e9 et la couverture r\u00e9seau :<\/p>\n<ul>\n<li><strong>Le dernier protocole de s\u00e9curit\u00e9 Wi-Fi, WPA3 :<\/strong>\u00a0Il apporte de nouvelles capacit\u00e9s pour am\u00e9liorer la cybers\u00e9curit\u00e9 des r\u00e9seaux personnels. Un chiffrement plus s\u00e9curis\u00e9 des mots de passe Wi-Fi et une protection renforc\u00e9e contre les attaques par force brute se combinent pour prot\u00e9ger votre r\u00e9seau Wi-Fi domestique.<\/li>\n<li><strong>Compatibilit\u00e9 descendante :<\/strong>\u00a0Prend en charge tous les pr\u00e9c\u00e9dents standards 802.11 et tous les appareils Wi-Fi.<\/li>\n<li><strong>Couverture Wi-Fi \u00e9tendue :<\/strong>\u00a0Cinq antennes externes \u00e0 haut gain et la technologie Beamforming se combinent pour \u00e9tendre un Wi-Fi puissant et fiable dans toute votre maison.<\/li>\n<\/ul>\n<h4>DIR-X3000Z Routeur Wi-Fi 6 AX3000 \u00e0 double bande<\/h4>\n<ul>\n<li>Double bande AX3000 avec des vitesses sans fil combin\u00e9es allant jusqu\u2019\u00e0 3 Gbps<\/li>\n<li>3 ports Ethernet Gigabit LAN &amp; 1 port Ethernet WAN Gigabit<\/li>\n<li>Compatible avec Easy Mesh\u2122 (Couverture de toute la maison jusqu\u2019\u00e0 3 unit\u00e9s)<\/li>\n<li>Support de la bande passante 160 MHz et 1024QAM pour des performances exceptionnelles.<\/li>\n<li>Support \u00e9galement de l\u2019OFDMA\/TWT\/BSS coloring<\/li>\n<li>Processeur dual-core puissant haute performance<\/li>\n<li>5 antennes externes \u00e0 haut gain combin\u00e9es avec la technologie MU-MIMO Beamforming pour \u00e9tendre un Wi-Fi fort et fiable dans toute la maison.<\/li>\n<li>Support de l\u2019OFDMA\/TWT\/1024QAM\/BSS coloring<\/li>\n<li>Gestion facile avec l\u2019application Wi-Fi Connect (Disponible sur l\u2019App Store et Google Play)<\/li>\n<li>Support du protocole de gestion CPE WAN (CWMP) * (TR069, TR143, TR181, TR098)<\/li>\n<\/ul>\n<p>\u00a0<\/p>\n<h2>Routeur D-Link Wifi-6 DIR-X3000Z AX3000 fiche technique:<\/h2>\n<p>\u00a0<\/p>\n<p>\u00a0<\/p>\n<p>\u00a0<\/p>\n<p>\u00a0<\/p>\n<p>\u00a0<\/p>\n<p>\u00a0<\/p>\n<p>\u00a0<\/p>\n<p>\u00a0<\/p>\n<p>\u00a0<\/p>\n<p>\u00a0<\/p>\n<p>\u00a0<\/p>\n<p>\u00a0<\/p>\n<p>\u00a0<\/p>\n<p>\u00a0<\/p>\n<p>\u00a0<\/p>\n<p>\u00a0<\/p>\n<p>\u00a0<\/p>\n<table border=\"1\" cellpadding=\"10\">\n<tbody>\n<tr>\n<th>Cat\u00e9gorie<\/th>\n<th>Sp\u00e9cification<\/th>\n<\/tr>\n<tr>\n<td colspan=\"2\"><strong>Normes<\/strong><\/td>\n<\/tr>\n<tr>\n<td><strong>Wi-Fi 6<\/strong><\/td>\n<td>IEEE 802.11ax\/ac\/n\/a 5 GHz, IEEE 802.11ax\/n\/b\/g 2.4 GHz<\/td>\n<\/tr>\n<tr>\n<td colspan=\"2\"><strong>Vitesses Wi-Fi<\/strong><\/td>\n<\/tr>\n<tr>\n<td><strong>AX3000<\/strong><\/td>\n<td>5 GHz : 2402 Mbps (802.11ax 160 MHz), 2.4 GHz : 574 Mbps (802.11ax 40 MHz)<\/td>\n<\/tr>\n<tr>\n<td colspan=\"2\"><strong>Port\u00e9e Wi-Fi<\/strong><\/td>\n<\/tr>\n<tr>\n<td><strong>Maisons de 3 chambres<\/strong><\/td>\n<td>5 * Antennes haute performance fixes, Antennes multiples formant un r\u00e9seau pour couvrir plus de directions et de grandes zones<\/td>\n<\/tr>\n<tr>\n<td><strong>Beamforming<\/strong><\/td>\n<td>Concentre la puissance du signal sans fil vers les clients pour \u00e9tendre la port\u00e9e du Wi-Fi<\/td>\n<\/tr>\n<tr>\n<td><strong>FEM haute puissance<\/strong><\/td>\n<td>Am\u00e9liore la puissance de transmission pour renforcer la couverture du signal<\/td>\n<\/tr>\n<tr>\n<td colspan=\"2\"><strong>Puissance de transmission Wi-Fi<\/strong><\/td>\n<\/tr>\n<tr>\n<td><strong>CE<\/strong><\/td>\n<td>&lt;20dBm (2.4GHz); &lt;23dBm (5.15GHz~5.35GHz); &lt;30dBm (5.47GHz~5.725GHz)<\/td>\n<\/tr>\n<tr>\n<td><strong>FCC<\/strong><\/td>\n<td>&lt;30dBm (2.4GHz &amp; 5.15GHz~5.25GHz &amp; 5.725GHz~5.825GHz)<\/td>\n<\/tr>\n<tr>\n<td colspan=\"2\"><strong>Modes<\/strong><\/td>\n<\/tr>\n<tr>\n<td><strong>Mode<\/strong><\/td>\n<td>Mode Routeur, Mode Point d\u2019acc\u00e8s<\/td>\n<\/tr>\n<tr>\n<td colspan=\"2\"><strong>Mat\u00e9riel<\/strong><\/td>\n<\/tr>\n<tr>\n<td><strong>Processeur<\/strong><\/td>\n<td>1G Arm9 Dual Core<\/td>\n<\/tr>\n<tr>\n<td><strong>Ports Ethernet<\/strong><\/td>\n<td>1\u00d7 Port WAN Gigabit, 3\u00d7 Ports LAN Gigabit<\/td>\n<\/tr>\n<tr>\n<td><strong>Connecteurs et boutons<\/strong><\/td>\n<td>Power On\/Off, WPS, Bouton Reset<\/td>\n<\/tr>\n<tr>\n<td><strong>Alimentation<\/strong><\/td>\n<td>12V 1.5A DC<\/td>\n<\/tr>\n<tr>\n<td colspan=\"2\"><strong>S\u00e9curit\u00e9<\/strong><\/td>\n<\/tr>\n<tr>\n<td><strong>Chiffrement Wi-Fi<\/strong><\/td>\n<td>WPA, WPA2, WPA3<\/td>\n<\/tr>\n<tr>\n<td><strong>S\u00e9curit\u00e9 r\u00e9seau<\/strong><\/td>\n<td>Pare-feu SPI, Contr\u00f4le d\u2019acc\u00e8s, Liaison IP &amp; MAC, Passerelle de couche d\u2019application, Protection contre les attaques DDoS<\/td>\n<\/tr>\n<tr>\n<td><strong>R\u00e9seau invit\u00e9<\/strong><\/td>\n<td>1 \u00d7 R\u00e9seau invit\u00e9 5 GHz, 1 \u00d7 R\u00e9seau invit\u00e9 2.4 GHz<\/td>\n<\/tr>\n<tr>\n<td colspan=\"2\"><strong>Logiciel<\/strong><\/td>\n<\/tr>\n<tr>\n<td><strong>Protocoles<\/strong><\/td>\n<td>IPv4, IPv6<\/td>\n<\/tr>\n<tr>\n<td><strong>Types de WAN<\/strong><\/td>\n<td>DHCP, IP statique, PPPoE<\/td>\n<\/tr>\n<tr>\n<td><strong>Easy Mesh<\/strong><\/td>\n<td>Easy Mesh\u2122 pris en charge, Couverture de votre maison enti\u00e8re avec 3 dispositifs<\/td>\n<\/tr>\n<tr>\n<td><strong>Redirection NAT<\/strong><\/td>\n<td>Redirection de ports, DMZ, UPnP<\/td>\n<\/tr>\n<tr>\n<td><strong>IPTV<\/strong><\/td>\n<td>Proxy IGMP, Snooping IGMP, Bridge, Tag VLAN<\/td>\n<\/tr>\n<tr>\n<td colspan=\"2\"><strong>DHCP<\/strong><\/td>\n<\/tr>\n<tr>\n<td><strong>Liste des clients DHCP, Serveur<\/strong><\/td>\n<td>Gestion des clients DHCP et des serveurs DHCP pour une distribution d\u2019adresses IP efficace<\/td>\n<\/tr>\n<tr>\n<td colspan=\"2\"><strong>DDNS<\/strong><\/td>\n<\/tr>\n<tr>\n<td><strong>DynDNS<\/strong><\/td>\n<td>Support pour le service de DNS dynamique DynDNS pour un acc\u00e8s distant facilit\u00e9<\/td>\n<\/tr>\n<tr>\n<td colspan=\"2\"><strong>Gestion<\/strong><\/td>\n<\/tr>\n<tr>\n<td><strong>Configuration Web (HTTP)<\/strong><\/td>\n<td>Gestion du routeur via une interface web intuitive<\/td>\n<\/tr>\n<tr>\n<td><strong>Gestion \u00e0 distance<\/strong><\/td>\n<td>Possibilit\u00e9 de g\u00e9rer le routeur \u00e0 distance pour plus de flexibilit\u00e9<\/td>\n<\/tr>\n<tr>\n<td><strong>Gestion Telnet<\/strong><\/td>\n<td>Acc\u00e8s au routeur via Telnet pour un contr\u00f4le plus avanc\u00e9<\/td>\n<\/tr>\n<tr>\n<td colspan=\"2\"><strong>Sans fil<\/strong><\/td>\n<\/tr>\n<tr>\n<td><strong>TR069<\/strong><\/td>\n<td>Protocole pour la gestion \u00e0 distance des p\u00e9riph\u00e9riques r\u00e9seau<\/td>\n<\/tr>\n<tr>\n<td><strong>TR143<\/strong><\/td>\n<td>Protocole pour la gestion des p\u00e9riph\u00e9riques en r\u00e9seau avec un focus sur les services Internet<\/td>\n<\/tr>\n<tr>\n<td><strong>TR181<\/strong><\/td>\n<td>Norme pour la gestion avanc\u00e9e des p\u00e9riph\u00e9riques r\u00e9seaux<\/td>\n<\/tr>\n<tr>\n<td><strong>TR098<\/strong><\/td>\n<td>Norme pour la gestion de la configuration des \u00e9quipements r\u00e9seau<\/td>\n<\/tr>\n<tr>\n<td><strong>Upgrade du Firmware via Web<\/strong><\/td>\n<td>Mise \u00e0 jour du firmware du routeur directement depuis l\u2019interface Web<\/td>\n<\/tr>\n<tr>\n<td><strong>CWMP<\/strong><\/td>\n<td>Gestion de p\u00e9riph\u00e9riques \u00e0 distance via le protocole CWMP<\/td>\n<\/tr>\n<tr>\n<td><strong>Outils de diagnostic<\/strong><\/td>\n<td>Outils int\u00e9gr\u00e9s pour diagnostiquer et r\u00e9soudre les probl\u00e8mes de r\u00e9seau<\/td>\n<\/tr>\n<tr>\n<td colspan=\"2\"><strong>Physique<\/strong><\/td>\n<\/tr>\n<tr>\n<td><strong>Contenu du colis<\/strong><\/td>\n<td>Routeur Wi-Fi, Adaptateur secteur, C\u00e2ble Ethernet RJ45, Guide d\u2019installation rapide<\/td>\n<\/tr>\n<tr>\n<td colspan=\"2\"><strong>Autres<\/strong><\/td>\n<\/tr>\n<tr>\n<td><strong>Exigences syst\u00e8me<\/strong><\/td>\n<td>Internet Explorer 11+, Firefox 12.0+, Chrome 20.0+, Safari 4.0+, ou tout autre navigateur compatible JavaScript<\/td>\n<\/tr>\n<tr>\n<td><strong>Modem c\u00e2ble ou DSL<\/strong><\/td>\n<td>Un modem c\u00e2ble ou DSL (si n\u00e9cessaire)<\/td>\n<\/tr>\n<tr>\n<td><strong>Abonnement fournisseur Internet<\/strong><\/td>\n<td>Abonnement aupr\u00e8s d\u2019un fournisseur d\u2019acc\u00e8s Internet pour se connecter<\/td>\n<\/tr>\n<tr>\n<td colspan=\"2\"><strong>Certifications<\/strong><\/td>\n<\/tr>\n<tr>\n<td><strong>CE, FCC<\/strong><\/td>\n<td>Certifications CE et FCC pour la conformit\u00e9 aux normes europ\u00e9ennes et am\u00e9ricaines<\/td>\n<\/tr>\n<tr>\n<td colspan=\"2\"><strong>Environnement<\/strong><\/td>\n<\/tr>\n<tr>\n<td><strong>Temp\u00e9rature de fonctionnement<\/strong><\/td>\n<td>0\u2103 ~ 40\u2103<\/td>\n<\/tr>\n<tr>\n<td><strong>Temp\u00e9rature de stockage<\/strong><\/td>\n<td>-40\u2103 ~ 70\u2103<\/td>\n<\/tr>\n<tr>\n<td><strong>Humidit\u00e9 de fonctionnement<\/strong><\/td>\n<td>10% ~ 90%, sans condensation<\/td>\n<\/tr>\n<tr>\n<td><strong>Humidit\u00e9 de stockage<\/strong><\/td>\n<td>5% ~ 90%, sans condensation<\/td>\n<\/tr>\n<\/tbody>\n<\/table>","protected":false},"excerpt":{"rendered":"<p>Routeur Gigabit sans fil Mesh WiFi 6 AX3000 D-Link DIR-X3000Z Routeur D-Link Wifi-6 DIR-X3000Z AX3000 D-Link lance le DIR-X3000Z, un<\/p>","protected":false},"featured_media":32674,"comment_status":"open","ping_status":"closed","template":"","meta":[],"product_brand":[885],"product_cat":[335],"product_tag":[],"class_list":{"0":"post-32673","1":"product","2":"type-product","3":"status-publish","4":"has-post-thumbnail","6":"product_brand-d-link","7":"product_cat-modems-et-routeurs","9":"first","10":"instock","11":"sale","12":"shipping-taxable","13":"purchasable","14":"product-type-simple"},"jetpack_sharing_enabled":true,"_links":{"self":[{"href":"https:\/\/infinityweeb.com\/en\/wp-json\/wp\/v2\/product\/32673","targetHints":{"allow":["GET"]}}],"collection":[{"href":"https:\/\/infinityweeb.com\/en\/wp-json\/wp\/v2\/product"}],"about":[{"href":"https:\/\/infinityweeb.com\/en\/wp-json\/wp\/v2\/types\/product"}],"replies":[{"embeddable":true,"href":"https:\/\/infinityweeb.com\/en\/wp-json\/wp\/v2\/comments?post=32673"}],"version-history":[{"count":1,"href":"https:\/\/infinityweeb.com\/en\/wp-json\/wp\/v2\/product\/32673\/revisions"}],"predecessor-version":[{"id":32717,"href":"https:\/\/infinityweeb.com\/en\/wp-json\/wp\/v2\/product\/32673\/revisions\/32717"}],"wp:featuredmedia":[{"embeddable":true,"href":"https:\/\/infinityweeb.com\/en\/wp-json\/wp\/v2\/media\/32674"}],"wp:attachment":[{"href":"https:\/\/infinityweeb.com\/en\/wp-json\/wp\/v2\/media?parent=32673"}],"wp:term":[{"taxonomy":"product_brand","embeddable":true,"href":"https:\/\/infinityweeb.com\/en\/wp-json\/wp\/v2\/product_brand?post=32673"},{"taxonomy":"product_cat","embeddable":true,"href":"https:\/\/infinityweeb.com\/en\/wp-json\/wp\/v2\/product_cat?post=32673"},{"taxonomy":"product_tag","embeddable":true,"href":"https:\/\/infinityweeb.com\/en\/wp-json\/wp\/v2\/product_tag?post=32673"}],"curies":[{"name":"wp","href":"https:\/\/api.w.org\/{rel}","templated":true}]}}