{"id":32832,"date":"2026-02-13T18:34:48","date_gmt":"2026-02-13T17:34:48","guid":{"rendered":"https:\/\/infinityweeb.com\/shop\/support-de-tlphone-et-chargeur-sans-fil-rapide-ldnio-ma30-15-w-pour-voiture\/"},"modified":"2026-02-18T17:00:54","modified_gmt":"2026-02-18T16:00:54","slug":"support-de-tlphone-et-chargeur-sans-fil-rapide-ldnio-ma30-15-w-pour-voiture","status":"publish","type":"product","link":"https:\/\/infinityweeb.com\/en\/shop\/support-de-tlphone-et-chargeur-sans-fil-rapide-ldnio-ma30-15-w-pour-voiture\/","title":{"rendered":"Support de t\u00e9l\u00e9phone et chargeur sans fil rapide LDNIO MA30 15 W pour voiture"},"content":{"rendered":"<div class=\"product-oa-desc\" data-spm=\"0000004x7\">\n<div data-slate-node=\"element\"><span data-slate-node=\"text\"><span dir=\"auto\">Marque : LDNIO<\/span><\/span><\/div>\n<div data-slate-node=\"element\"><span data-slate-node=\"text\"><span dir=\"auto\">Mod\u00e8le : MA30\/MA30-1<\/span><\/span><\/div>\n<div data-slate-node=\"element\"><span data-slate-node=\"text\"><span dir=\"auto\">Entr\u00e9e USB-C\u00a0: 5\u00a0V\/3\u00a0A, 9\u00a0V\/2\u00a0A, 12\u00a0V\/1,5\u00a0A<\/span><\/span><\/div>\n<div data-slate-node=\"element\"><span data-slate-node=\"text\"><span dir=\"auto\">Puissance de sortie sans fil\u00a0: 5\u00a0W, 7,5\u00a0W, 10\u00a0W, 15\u00a0W max.<\/span><\/span><\/div>\n<div data-slate-node=\"element\"><span data-slate-node=\"text\"><span dir=\"auto\">Appareils compatibles\u00a0: T\u00e9l\u00e9phone mobile<\/span><\/span><\/div>\n<div data-slate-node=\"element\"><span data-slate-node=\"text\"><span dir=\"auto\">Couleur : Noir et orange<\/span><\/span><\/div>\n<div data-slate-node=\"element\"><span data-slate-node=\"text\"><span dir=\"auto\">Design : \u00c9cran enti\u00e8rement transparent en verre<\/span><\/span><\/div>\n<div data-slate-node=\"element\"><span data-slate-node=\"text\">\u00a0<\/span><\/div>\n<div data-slate-node=\"element\"><span data-slate-node=\"text\"><b><span dir=\"auto\">Caract\u00e9ristiques:<\/span><\/b><\/span><\/div>\n<div data-slate-node=\"element\"><span data-slate-node=\"text\"><span dir=\"auto\">1. Technologie de capteur infrarouge\u00a0: se d\u00e9clenche automatiquement lorsque votre appareil s\u2019approche, assurant un fonctionnement sans faille.<\/span><\/span><\/div>\n<div data-slate-node=\"element\"><span data-slate-node=\"text\"><span dir=\"auto\">2. Navigation et recharge int\u00e9gr\u00e9es : Combine la navigation et la recharge sans fil rapide pour plus de commodit\u00e9 lors de vos d\u00e9placements.<\/span><\/span><\/div>\n<div data-slate-node=\"element\"><span data-slate-node=\"text\"><span dir=\"auto\">3. Options de montage s\u00e9curis\u00e9es\u00a0: Choisissez entre des pieds de serrage \u00e0 double crochet ou un coussinet adh\u00e9sif pour fixer solidement le support selon votre pr\u00e9f\u00e9rence.<\/span><\/span><\/div>\n<div data-slate-node=\"element\"><span data-slate-node=\"text\"><span dir=\"auto\">4. M\u00e9canisme de verrouillage par capteur de gravit\u00e9\u00a0: se resserre automatiquement pour verrouiller et prot\u00e9ger votre appareil en toute s\u00e9curit\u00e9.<\/span><\/span><\/div>\n<div data-slate-node=\"element\"><span data-slate-node=\"text\"><span dir=\"auto\">5. Design \u00e9l\u00e9gant et fonctionnel : L&rsquo;\u00e9cran en verre transparent allie mode et fonctionnalit\u00e9, offrant un look \u00e9l\u00e9gant qui s&rsquo;harmonise avec n&rsquo;importe quel int\u00e9rieur de voiture.<\/span><\/span><\/div>\n<div data-slate-node=\"element\"><span data-slate-node=\"text\">\u00a0<\/span><\/div>\n<div data-slate-node=\"element\"><span data-slate-node=\"text\"><b><span dir=\"auto\">Le paquet comprend\u00a0:<\/span><\/b><\/span><\/div>\n<div data-slate-node=\"element\" data-slate-fragment=\"JTVCJTdCJTIydHlwZSUyMiUzQSUyMnBhcmFncmFwaCUyMiUyQyUyMmNoaWxkcmVuJTIyJTNBJTVCJTdCJTIyaWQlMjIlM0ElMjI4VkFEa0o5dnFkJTIyJTJDJTIycGFyYUlkeCUyMiUzQTAlMkMlMjJzcmMlMjIlM0ElMjJTcGVjaWZpY2F0aW9ucyUzQSUyMiUyQyUyMmRzdCUyMiUzQSUyMiVFOCVBNyU4NCVFNiVBMCVCQyVFRiVCQyU5QSUyMiUyQyUyMm1ldGFkYXRhJTIyJTNBJTIyJTIyJTJDJTIybWV0YURhdGElMjIlM0ElNUIlNUQlMkMlMjJ0ZXh0JTIyJTNBJTIyU3BlY2lmaWNhdGlvbnMlM0ElMjIlN0QlNUQlN0QlMkMlN0IlMjJ0eXBlJTIyJTNBJTIycGFyYWdyYXBoJTIyJTJDJTIyY2hpbGRyZW4lMjIlM0ElNUIlN0IlMjJpZCUyMiUzQSUyMnZOQTdrRDc2QTElMjIlMkMlMjJwYXJhSWR4JTIyJTNBMSUyQyUyMnNyYyUyMiUzQSUyMkJyYW5kJTNBJTIwTEROSU8lMjAlMjIlMkMlMjJkc3QlMjIlM0ElMjIlRTUlOTMlODElRTclODklOEMlRUYlQkMlOUFMRE5JTyUyMiUyQyUyMm1ldGFkYXRhJTIyJTNBJTIyJTIyJTJDJTIybWV0YURhdGElMjIlM0ElNUIlNUQlMkMlMjJ0ZXh0JTIyJTNBJTIyQnJhbmQlM0ElMjBMRE5JTyUyMCUyMiU3RCU1RCU3RCUyQyU3QiUyMnR5cGUlMjIlM0ElMjJwYXJhZ3JhcGglMjIlMkMlMjJjaGlsZHJlbiUyMiUzQSU1QiU3QiUyMmlkJTIyJTNBJTIybE41T0JEOFdBSiUyMiUyQyUyMnBhcmFJZHglMjIlM0EyJTJDJTIyc3JjJTIyJTNBJTIyTW9kZWwlM0ElMjBNQTMwJTJGTUEzMC0xJTIyJTJDJTIyZHN0JTIyJTNBJTIyJUU1JTlFJThCJUU1JThGJUI3JUVGJUJDJTlBTUEzMCUyRk1BMzAtMSUyMiUyQyUyMm1ldGFkYXRhJTIyJTNBJTIyJTIyJTJDJTIybWV0YURhdGElMjIlM0ElNUIlNUQlMkMlMjJ0ZXh0JTIyJTNBJTIyTW9kZWwlM0ElMjBNQTMwJTJGTUEzMC0xJTIyJTdEJTVEJTdEJTJDJTdCJTIydHlwZSUyMiUzQSUyMnBhcmFncmFwaCUyMiUyQyUyMmNoaWxkcmVuJTIyJTNBJTVCJTdCJTIyaWQlMjIlM0ElMjJabUFteHp5TXF6JTIyJTJDJTIycGFyYUlkeCUyMiUzQTMlMkMlMjJzcmMlMjIlM0ElMjJXaXJlbGVzcyUyMFN0YW5kYXJkJTNBJTIwUWklMjIlMkMlMjJkc3QlMjIlM0ElMjIlRTYlOTclQTAlRTclQkElQkYlRTYlQTAlODclRTUlODclODYlRUYlQkMlOUFRaSUyMiUyQyUyMm1ldGFkYXRhJTIyJTNBJTIyJTIyJTJDJTIybWV0YURhdGElMjIlM0ElNUIlNUQlMkMlMjJ0ZXh0JTIyJTNBJTIyV2lyZWxlc3MlMjBTdGFuZGFyZCUzQSUyMFFpJTIyJTdEJTVEJTdEJTJDJTdCJTIydHlwZSUyMiUzQSUyMnBhcmFncmFwaCUyMiUyQyUyMmNoaWxkcmVuJTIyJTNBJTVCJTdCJTIyaWQlMjIlM0ElMjJLMTVNQkpyb3d2JTIyJTJDJTIycGFyYUlkeCUyMiUzQTQlMkMlMjJzcmMlMjIlM0ElMjJVU0ItQyUyMElucHV0JTNBJTIwNVYlMkYzQSUyQyUyMDlWJTJGMkElMkMlMjAxMlYlMkYxLjVBJTIyJTJDJTIyZHN0JTIyJTNBJTIyVVNCLUMlRTglQkUlOTMlRTUlODUlQTUlRUYlQkMlOUE1ViUyRjNBJUUzJTgwJTgxOVYlMkYyQSVFMyU4MCU4MTEyViUyRjEuNUElMjIlMkMlMjJtZXRhZGF0YSUyMiUzQSUyMiUyMiUyQyUyMm1ldGFEYXRhJTIyJTNBJTVCJTVEJTJDJTIydGV4dCUyMiUzQSUyMlVTQi1DJTIwSW5wdXQlM0ElMjA1ViUyRjNBJTJDJTIwOVYlMkYyQSUyQyUyMDEyViUyRjEuNUElMjIlN0QlNUQlN0QlMkMlN0IlMjJ0eXBlJTIyJTNBJTIycGFyYWdyYXBoJTIyJTJDJTIyY2hpbGRyZW4lMjIlM0ElNUIlN0IlMjJpZCUyMiUzQSUyMktZNUxCSk9YcXIlMjIlMkMlMjJwYXJhSWR4JTIyJTNBNSUyQyUyMnNyYyUyMiUzQSUyMldpcmVsZXNzJTIwT3V0cHV0JTNBJTIwNVclMkMlMjA3LjVXJTJDJTIwMTBXJTJDJTIwMTVXJTIwTWF4JTIyJTJDJTIyZHN0JTIyJTNBJTIyJUU2JTk3JUEwJUU3JUJBJUJGJUU4JUJFJTkzJUU1JTg3JUJBJUVGJUJDJTlBNVclRTMlODAlODE3LjVXJUUzJTgwJTgxMTBXJUUzJTgwJTgxMTVXJUU2JTlDJTgwJUU1JUE0JUE3JTIyJTJDJTIybWV0YWRhdGElMjIlM0ElMjIlMjIlMkMlMjJtZXRhRGF0YSUyMiUzQSU1QiU1RCUyQyUyMnRleHQlMjIlM0ElMjJXaXJlbGVzcyUyME91dHB1dCUzQSUyMDVXJTJDJTIwNy41VyUyQyUyMDEwVyUyQyUyMDE1VyUyME1heCUyMiU3RCU1RCU3RCUyQyU3QiUyMnR5cGUlMjIlM0ElMjJwYXJhZ3JhcGglMjIlMkMlMjJjaGlsZHJlbiUyMiUzQSU1QiU3QiUyMmlkJTIyJTNBJTIyTk9BVmJHUlpBNyUyMiUyQyUyMnBhcmFJZHglMjIlM0E2JTJDJTIyc3JjJTIyJTNBJTIyQ29tcGF0aWJsZSUyMERldmljZXMlM0ElMjBNb2JpbGUlMjBQaG9uZSUyMiUyQyUyMmRzdCUyMiUzQSUyMiVFNSU4NSVCQyVFNSVBRSVCOSVFOCVBRSVCRSVFNSVBNCU4NyVFRiVCQyU5QSVFNiU4OSU4QiVFNiU5QyVCQSUyMiUyQyUyMm1ldGFkYXRhJTIyJTNBJTIyJTIyJTJDJTIybWV0YURhdGElMjIlM0ElNUIlNUQlMkMlMjJ0ZXh0JTIyJTNBJTIyQ29tcGF0aWJsZSUyMERldmljZXMlM0ElMjBNb2JpbGUlMjBQaG9uZSUyMiU3RCU1RCU3RCUyQyU3QiUyMnR5cGUlMjIlM0ElMjJwYXJhZ3JhcGglMjIlMkMlMjJjaGlsZHJlbiUyMiUzQSU1QiU3QiUyMmlkJTIyJTNBJTIyV1pxMG5ES0U1biUyMiUyQyUyMnBhcmFJZHglMjIlM0E3JTJDJTIyc3JjJTIyJTNBJTIyQ29sb3IlM0ElMjBCbGFjayUyMHdpdGglMjBvcmFuZ2UlMjIlMkMlMjJkc3QlMjIlM0ElMjIlRTklQTIlOUMlRTglODklQjIlRUYlQkMlOUElRTklQkIlOTElRTglODklQjIlRTUlOEElQTAlRTYlQTklOTklRTglODklQjIlMjIlMkMlMjJtZXRhZGF0YSUyMiUzQSUyMiUyMiUyQyUyMm1ldGFEYXRhJTIyJTNBJTVCJTVEJTJDJTIydGV4dCUyMiUzQSUyMkNvbG9yJTNBJTIwQmxhY2slMjB3aXRoJTIwb3JhbmdlJTIyJTdEJTVEJTdEJTJDJTdCJTIydHlwZSUyMiUzQSUyMnBhcmFncmFwaCUyMiUyQyUyMmNoaWxkcmVuJTIyJTNBJTVCJTdCJTIyaWQlMjIlM0ElMjJ6NnFHZ0pQUXFQJTIyJTJDJTIycGFyYUlkeCUyMiUzQTglMkMlMjJzcmMlMjIlM0ElMjJEZXNpZ24lM0ElMjBUcmFuc3BhcmVudCUyMGZ1bGwlMjBnbGFzcyUyMHNjcmVlbiUyMiUyQyUyMmRzdCUyMiUzQSUyMiVFOCVBRSVCRSVFOCVBRSVBMSVFRiVCQyU5QSVFOSU4MCU4RiVFNiU5OCU4RSVFNSU4NSVBOCVFNyU4RSVCQiVFNyU5MiU4MyVFNSVCMSU4RiVFNSVCOSU5NSUyMiUyQyUyMm1ldGFkYXRhJTIyJTNBJTIyJTIyJTJDJTIybWV0YURhdGElMjIlM0ElNUIlNUQlMkMlMjJ0ZXh0JTIyJTNBJTIyRGVzaWduJTNBJTIwVHJhbnNwYXJlbnQlMjBmdWxsJTIwZ2xhc3MlMjBzY3JlZW4lMjIlN0QlNUQlN0QlMkMlN0IlMjJ0eXBlJTIyJTNBJTIycGFyYWdyYXBoJTIyJTJDJTIyY2hpbGRyZW4lMjIlM0ElNUIlN0IlMjJpZCUyMiUzQSUyMjBRQTMxRGVHd3olMjIlMkMlMjJwYXJhSWR4JTIyJTNBOSUyQyUyMnNyYyUyMiUzQSUyMiUyMiUyQyUyMmRzdCUyMiUzQSUyMiUyMiUyQyUyMm1ldGFkYXRhJTIyJTNBJTIyJTIyJTJDJTIybWV0YURhdGElMjIlM0ElNUIlNUQlMkMlMjJ0ZXh0JTIyJTNBJTIyJTIyJTdEJTVEJTdEJTJDJTdCJTIydHlwZSUyMiUzQSUyMnBhcmFncmFwaCUyMiUyQyUyMmNoaWxkcmVuJTIyJTNBJTVCJTdCJTIyaWQlMjIlM0ElMjIwQkF6UFJkZXd2JTIyJTJDJTIycGFyYUlkeCUyMiUzQTEwJTJDJTIyc3JjJTIyJTNBJTIyRmVhdHVyZXMlM0ElMjIlMkMlMjJkc3QlMjIlM0ElMjIlRTclODklQjklRTUlQkUlODElRUYlQkMlOUElMjIlMkMlMjJtZXRhZGF0YSUyMiUzQSUyMiUyMiUyQyUyMm1ldGFEYXRhJTIyJTNBJTVCJTVEJTJDJTIydGV4dCUyMiUzQSUyMkZlYXR1cmVzJTNBJTIyJTdEJTVEJTdEJTJDJTdCJTIydHlwZSUyMiUzQSUyMnBhcmFncmFwaCUyMiUyQyUyMmNoaWxkcmVuJTIyJTNBJTVCJTdCJTIyaWQlMjIlM0ElMjJ2eHdXYjNZMDV6JTIyJTJDJTIycGFyYUlkeCUyMiUzQTExJTJDJTIyc3JjJTIyJTNBJTIyMS4lMjBJbmZyYXJlZCUyMFNlbnNvciUyMFRlY2hub2xvZ3klM0ElMjBBdXRvbWF0aWNhbGx5JTIwcmVsZWFzZXMlMjB3aGVuJTIweW91ciUyMGRldmljZSUyMGdldHMlMjBjbG9zZSUyQyUyMGVuc3VyaW5nJTIwc2VhbWxlc3MlMjBvcGVyYXRpb24uJTIyJTJDJTIyZHN0JTIyJTNBJTIyMS4lRTclQkElQTIlRTUlQTQlOTYlRTQlQkMlQTAlRTYlODQlOUYlRTUlOTklQTglRTYlOEElODAlRTYlOUMlQUYlRUYlQkMlOUElRTUlQkQlOTMlRTYlODIlQTglRTclOUElODQlRTglQUUlQkUlRTUlQTQlODclRTklOUQlQTAlRTglQkYlOTElRTYlOTclQjYlRTglODclQUElRTUlOEElQTglRTklODclOEElRTYlOTQlQkUlRUYlQkMlOEMlRTclQTElQUUlRTQlQkYlOUQlRTYlOTclQTAlRTclQkMlOUQlRTYlOTMlOEQlRTQlQkQlOUMlRTMlODAlODIlMjIlMkMlMjJtZXRhZGF0YSUyMiUzQSUyMiUyMiUyQyUyMm1ldGFEYXRhJTIyJTNBJTVCJTVEJTJDJTIydGV4dCUyMiUzQSUyMjEuJTIwSW5mcmFyZWQlMjBTZW5zb3IlMjBUZWNobm9sb2d5JTNBJTIwQXV0b21hdGljYWxseSUyMHJlbGVhc2VzJTIwd2hlbiUyMHlvdXIlMjBkZXZpY2UlMjBnZXRzJTIwY2xvc2UlMkMlMjBlbnN1cmluZyUyMHNlYW1sZXNzJTIwb3BlcmF0aW9uLiUyMiU3RCU1RCU3RCUyQyU3QiUyMnR5cGUlMjIlM0ElMjJwYXJhZ3JhcGglMjIlMkMlMjJjaGlsZHJlbiUyMiUzQSU1QiU3QiUyMmlkJTIyJTNBJTIyeGVBWGJ6RFh3RSUyMiUyQyUyMnBhcmFJZHglMjIlM0ExMiUyQyUyMnNyYyUyMiUzQSUyMjIuJTIwSW50ZWdyYXRlZCUyME5hdmlnYXRpb24lMjAlMjYlMjBDaGFyZ2luZyUzQSUyMENvbWJpbmVzJTIwZHJpdmluZyUyMG5hdmlnYXRpb24lMjBhbmQlMjBmYXN0JTIwd2lyZWxlc3MlMjBjaGFyZ2luZyUyMGZvciUyMGNvbnZlbmllbmNlJTIwb24lMjB0aGUlMjBnby4lMjIlMkMlMjJkc3QlMjIlM0ElMjIyLiVFOSU5QiU4NiVFNiU4OCU5MCVFNSVBRiVCQyVFOCU4OCVBQSVFNSU5MiU4QyVFNSU4NSU4NSVFNyU5NCVCNSVFRiVCQyU5QSVFNyVCQiU5MyVFNSU5MCU4OCVFOSVBOSVCRSVFOSVBOSVCNiVFNSVBRiVCQyVFOCU4OCVBQSVFNSU5MiU4QyVFNSVCRiVBQiVFOSU4MCU5RiVFNiU5NyVBMCVFNyVCQSVCRiVFNSU4NSU4NSVFNyU5NCVCNSVFRiVCQyU4QyVFNiU5NiVCOSVFNCVCRSVCRiVFNSU4NyVCQSVFOCVBMSU4QyVFMyU4MCU4MiUyMiUyQyUyMm1ldGFkYXRhJTIyJTNBJTIyJTIyJTJDJTIybWV0YURhdGElMjIlM0ElNUIlNUQlMkMlMjJ0ZXh0JTIyJTNBJTIyMi4lMjBJbnRlZ3JhdGVkJTIwTmF2aWdhdGlvbiUyMCUyNiUyMENoYXJnaW5nJTNBJTIwQ29tYmluZXMlMjBkcml2aW5nJTIwbmF2aWdhdGlvbiUyMGFuZCUyMGZhc3QlMjB3aXJlbGVzcyUyMGNoYXJnaW5nJTIwZm9yJTIwY29udmVuaWVuY2UlMjBvbiUyMHRoZSUyMGdvLiUyMiU3RCU1RCU3RCUyQyU3QiUyMnR5cGUlMjIlM0ElMjJwYXJhZ3JhcGglMjIlMkMlMjJjaGlsZHJlbiUyMiUzQSU1QiU3QiUyMmlkJTIyJTNBJTIyTFc1cGttWjJBRyUyMiUyQyUyMnBhcmFJZHglMjIlM0ExMyUyQyUyMnNyYyUyMiUzQSUyMjMuJTIwU2VjdXJlJTIwTW91bnRpbmclMjBPcHRpb25zJTNBJTIwQ2hvb3NlJTIwYmV0d2VlbiUyMGRvdWJsZSUyMGhvb2slMjBjbGFtcGluZyUyMGZlZXQlMjBvciUyMGFkaGVzaXZlLXBhZCUyMHRvJTIwc2VjdXJlbHklMjBwbGFjZSUyMHRoZSUyMGhvbGRlciUyMGFjY29yZGluZyUyMHRvJTIweW91ciUyMHByZWZlcmVuY2UuJTIyJTJDJTIyZHN0JTIyJTNBJTIyMy4lRTUlQUUlODklRTUlODUlQTglRTUlQUUlODklRTglQTMlODUlRTklODAlODklRTklQTElQjklRUYlQkMlOUElRTYlQTAlQjklRTYlOEQlQUUlRTYlODIlQTglRTclOUElODQlRTUlOTYlOUMlRTUlQTUlQkQlRUYlQkMlOEMlRTUlOUMlQTglRTUlOEYlOEMlRTklOTIlQTklRTUlQTQlQjklRTclQjQlQTclRTglODQlOUElRTYlODglOTYlRTclQjIlOTglRTUlOTAlODglRTUlOUUlQUIlRTQlQjklOEIlRTklOTclQjQlRTglQkYlOUIlRTglQTElOEMlRTklODAlODklRTYlOEIlQTklRUYlQkMlOEMlRTQlQkIlQTUlRTUlQUUlODklRTUlODUlQTglRTUlOUMlQjAlRTYlOTQlQkUlRTclQkQlQUUlRTYlOTQlQUYlRTYlOUUlQjYlRTMlODAlODIlMjIlMkMlMjJtZXRhZGF0YSUyMiUzQSUyMiUyMiUyQyUyMm1ldGFEYXRhJTIyJTNBJTVCJTVEJTJDJTIydGV4dCUyMiUzQSUyMjMuJTIwU2VjdXJlJTIwTW91bnRpbmclMjBPcHRpb25zJTNBJTIwQ2hvb3NlJTIwYmV0d2VlbiUyMGRvdWJsZSUyMGhvb2slMjBjbGFtcGluZyUyMGZlZXQlMjBvciUyMGFkaGVzaXZlLXBhZCUyMHRvJTIwc2VjdXJlbHklMjBwbGFjZSUyMHRoZSUyMGhvbGRlciUyMGFjY29yZGluZyUyMHRvJTIweW91ciUyMHByZWZlcmVuY2UuJTIyJTdEJTVEJTdEJTJDJTdCJTIydHlwZSUyMiUzQSUyMnBhcmFncmFwaCUyMiUyQyUyMmNoaWxkcmVuJTIyJTNBJTVCJTdCJTIyaWQlMjIlM0ElMjJLMHFRT2RqQjU3JTIyJTJDJTIycGFyYUlkeCUyMiUzQTE0JTJDJTIyc3JjJTIyJTNBJTIyNC4lMjBHcmF2aXR5JTIwU2Vuc29yJTIwTG9ja2luZyUyME1lY2hhbmlzbSUzQSUyMEF1dG9tYXRpY2FsbHklMjB0aWdodGVucyUyMHRvJTIwbG9jayUyMGFuZCUyMHByb3RlY3QlMjB5b3VyJTIwZGV2aWNlJTIwc2VjdXJlbHkuJTIyJTJDJTIyZHN0JTIyJTNBJTIyNC4lRTklODclOEQlRTUlOEElOUIlRTQlQkMlQTAlRTYlODQlOUYlRTUlOTklQTglRTklOTQlODElRTUlQUUlOUElRTYlOUMlQkElRTUlODglQjYlRUYlQkMlOUElRTglODclQUElRTUlOEElQTglRTYlOTQlQjYlRTclQjQlQTclRTQlQkIlQTUlRTUlQUUlODklRTUlODUlQTglRTklOTQlODElRTUlQUUlOUElRTUlOTIlOEMlRTQlQkYlOUQlRTYlOEElQTQlRTYlODIlQTglRTclOUElODQlRTglQUUlQkUlRTUlQTQlODclRTMlODAlODIlMjIlMkMlMjJtZXRhZGF0YSUyMiUzQSUyMiUyMiUyQyUyMm1ldGFEYXRhJTIyJTNBJTVCJTVEJTJDJTIydGV4dCUyMiUzQSUyMjQuJTIwR3Jhdml0eSUyMFNlbnNvciUyMExvY2tpbmclMjBNZWNoYW5pc20lM0ElMjBBdXRvbWF0aWNhbGx5JTIwdGlnaHRlbnMlMjB0byUyMGxvY2slMjBhbmQlMjBwcm90ZWN0JTIweW91ciUyMGRldmljZSUyMHNlY3VyZWx5LiUyMiU3RCU1RCU3RCUyQyU3QiUyMnR5cGUlMjIlM0ElMjJwYXJhZ3JhcGglMjIlMkMlMjJjaGlsZHJlbiUyMiUzQSU1QiU3QiUyMmlkJTIyJTNBJTIybm81amswN0R3OCUyMiUyQyUyMnBhcmFJZHglMjIlM0ExNSUyQyUyMnNyYyUyMiUzQSUyMjUuJTIwU3R5bGlzaCUyMCUyNiUyMEZ1bmN0aW9uYWwlMjBEZXNpZ24lM0ElMjBUcmFuc3BhcmVudCUyMGdsYXNzJTIwc2NyZWVuJTIwbWVyZ2VzJTIwZmFzaGlvbiUyMGFuZCUyMGZ1bmN0aW9uYWxpdHklMkMlMjBvZmZlcmluZyUyMGElMjBzbGVlayUyMGxvb2slMjB0aGF0JTIwY29tcGxlbWVudHMlMjBhbnklMjBjYXIlMjBpbnRlcmlvci4lMjIlMkMlMjJkc3QlMjIlM0ElMjI1LiVFNiU5NyVCNiVFNSVCMCU5QSVFNSVBRSU5RSVFNyU5NCVBOCVFNyU5QSU4NCVFOCVBRSVCRSVFOCVBRSVBMSVFRiVCQyU5QSVFOSU4MCU4RiVFNiU5OCU4RSVFNyU4RSVCQiVFNyU5MiU4MyVFNSVCMSU4RiVFNSVCOSU5NSVFNSVCMCU4NiVFNiU5NyVCNiVFNSVCMCU5QSVFNCVCOCU4RSVFNSU4QSU5RiVFOCU4MyVCRCVFOCU5RSU4RCVFNCVCOCVCQSVFNCVCOCU4MCVFNCVCRCU5MyVFRiVCQyU4QyVFNiU4RiU5MCVFNCVCRSU5QiVFNiU5NyVCNiVFNSVCMCU5QSVFNSVBNCU5NiVFOCVBNyU4MiVFRiVCQyU4QyVFNCVCOCU4RSVFNCVCQiVCQiVFNCVCRCU5NSVFNiVCMSVCRCVFOCVCRCVBNiVFNSU4NiU4NSVFOSVBNSVCMCVFNyU5QiVCOCVFNSVCRSU5NyVFNyU5QiU4QSVFNSVCRCVCMCVFMyU4MCU4MiUyMiUyQyUyMm1ldGFkYXRhJTIyJTNBJTIyJTIyJTJDJTIybWV0YURhdGElMjIlM0ElNUIlNUQlMkMlMjJ0ZXh0JTIyJTNBJTIyNS4lMjBTdHlsaXNoJTIwJTI2JTIwRnVuY3Rpb25hbCUyMERlc2lnbiUzQSUyMFRyYW5zcGFyZW50JTIwZ2xhc3MlMjBzY3JlZW4lMjBtZXJnZXMlMjBmYXNoaW9uJTIwYW5kJTIwZnVuY3Rpb25hbGl0eSUyQyUyMG9mZmVyaW5nJTIwYSUyMHNsZWVrJTIwbG9vayUyMHRoYXQlMjBjb21wbGVtZW50cyUyMGFueSUyMGNhciUyMGludGVyaW9yLiUyMiU3RCU1RCU3RCUyQyU3QiUyMnR5cGUlMjIlM0ElMjJwYXJhZ3JhcGglMjIlMkMlMjJjaGlsZHJlbiUyMiUzQSU1QiU3QiUyMmlkJTIyJTNBJTIySzE1TUJKbHp3diUyMiUyQyUyMnBhcmFJZHglMjIlM0ExNiUyQyUyMnNyYyUyMiUzQSUyMiUyMiUyQyUyMmRzdCUyMiUzQSUyMiUyMiUyQyUyMm1ldGFkYXRhJTIyJTNBJTIyJTIyJTJDJTIybWV0YURhdGElMjIlM0ElNUIlNUQlMkMlMjJ0ZXh0JTIyJTNBJTIyJTIyJTdEJTVEJTdEJTJDJTdCJTIydHlwZSUyMiUzQSUyMnBhcmFncmFwaCUyMiUyQyUyMmNoaWxkcmVuJTIyJTNBJTVCJTdCJTIyaWQlMjIlM0ElMjJLWTVMQkpsUnFyJTIyJTJDJTIycGFyYUlkeCUyMiUzQTE3JTJDJTIyc3JjJTIyJTNBJTIyUGFja2FnZSUyMEluY2x1ZGVzJTNBJTIyJTJDJTIyZHN0JTIyJTNBJTIyJUU1JUE1JTk3JUU5JUE0JTkwJUU1JThDJTg1JUU2JThCJUFDJUVGJUJDJTlBJTIyJTJDJTIybWV0YWRhdGElMjIlM0ElMjIlMjIlMkMlMjJtZXRhRGF0YSUyMiUzQSU1QiU1RCUyQyUyMnRleHQlMjIlM0ElMjJQYWNrYWdlJTIwSW5jbHVkZXMlM0ElMjIlN0QlNUQlN0QlMkMlN0IlMjJ0eXBlJTIyJTNBJTIycGFyYWdyYXBoJTIyJTJDJTIyY2hpbGRyZW4lMjIlM0ElNUIlN0IlMjJpZCUyMiUzQSUyMk5PQVZiR3hsQTclMjIlMkMlMjJwYXJhSWR4JTIyJTNBMTglMkMlMjJzcmMlMjIlM0ElMjIxJTIweCUyMENhciUyMENoYXJnZXIlMjBQaG9uZSUyMEhvbGRlcihBaXIlMjBWZW50JTI2RGFzaGJvYXJkJTIwVHlwZSUyME9wdGlvbmFsKSUyMiUyQyUyMmRzdCUyMiUzQSUyMjElRTQlQjglQUElRTglQkQlQTYlRTglQkQlQkQlRTUlODUlODUlRTclOTQlQjUlRTUlOTklQTglRTYlODklOEIlRTYlOUMlQkElRTYlOTQlQUYlRTYlOUUlQjYlRUYlQkMlODglRTklODAlOUElRTklQTMlOEUlRTUlOEYlQTMlRTUlOTIlOEMlRTQlQkIlQUElRTglQTElQTglRTYlOUQlQkYlRTclQjElQkIlRTUlOUUlOEIlRTUlOEYlQUYlRTklODAlODklRUYlQkMlODklMjIlMkMlMjJtZXRhZGF0YSUyMiUzQSUyMiUyMiUyQyUyMm1ldGFEYXRhJTIyJTNBJTVCJTVEJTJDJTIydGV4dCUyMiUzQSUyMjElMjB4JTIwQ2FyJTIwQ2hhcmdlciUyMFBob25lJTIwSG9sZGVyKEFpciUyMFZlbnQlMjZEYXNoYm9hcmQlMjBUeXBlJTIwT3B0aW9uYWwpJTIyJTdEJTVEJTdEJTVE\"><span data-slate-node=\"text\"><span dir=\"auto\">1 x Support de t\u00e9l\u00e9phone chargeur de voiture (Type pour grille d&rsquo;a\u00e9ration et tableau de bord en option)<\/span><\/span><\/div>\n<\/div>\n<p>\u00a0<\/p>\n<div id=\"imgBox\" class=\"product-image-box\" data-spm=\"0000000KF\">\n<p><img decoding=\"async\" src=\"https:\/\/img.sellercube.com\/hwyimg\/324694cd-9dc8-4321-8929-d569c13483b6.jpg\" alt=\"\" \/><\/p>\n<p><img decoding=\"async\" src=\"https:\/\/img.sellercube.com\/hwyimg\/8ae00bb5-0850-4cd1-8eb5-cffe613ec37b.jpg\" alt=\"\" \/><\/p>\n<p><img decoding=\"async\" src=\"https:\/\/img.sellercube.com\/hwyimg\/3bc3626b-a018-4f79-9809-29b1c2b48b41.jpg\" alt=\"\" \/><\/p>\n<p><img decoding=\"async\" src=\"https:\/\/img.sellercube.com\/hwyimg\/658a45fd-80cc-4022-b929-36fddc0e57a8.jpg\" alt=\"\" \/><\/p>\n<p><img decoding=\"async\" src=\"https:\/\/img.sellercube.com\/hwyimg\/167fba88-4318-4899-9056-3a11171e7179.jpg\" alt=\"\" \/><\/p>\n<p><img decoding=\"async\" src=\"https:\/\/img.sellercube.com\/hwyimg\/e7150de2-fa84-46de-8d68-599eb6cd3c5f.jpg\" alt=\"\" \/><\/p>\n<p><img decoding=\"async\" src=\"https:\/\/img.sellercube.com\/hwyimg\/21c18036-817f-454e-8883-482b76328e39.jpg\" alt=\"\" \/><\/p>\n<p><img decoding=\"async\" src=\"https:\/\/img.sellercube.com\/hwyimg\/2ffccea6-16e0-43fa-b2f3-302ece8b4a7c.jpg\" alt=\"\" \/><\/p>\n<p><img decoding=\"async\" src=\"https:\/\/img.sellercube.com\/hwyimg\/fb6295b3-1d5b-4315-87d4-8b688f6025d4.jpg\" alt=\"\" \/><\/p>\n<p><img decoding=\"async\" src=\"https:\/\/img.sellercube.com\/hwyimg\/204f137e-2cff-490f-87d2-b1547af2f0d5.jpg\" alt=\"\" \/><\/p>\n<p><img decoding=\"async\" src=\"https:\/\/img.sellercube.com\/hwyimg\/b8297eea-cb71-4d95-a11b-b98d9a206bce.jpg\" alt=\"\" \/><\/p>\n<p><img decoding=\"async\" src=\"https:\/\/img.sellercube.com\/hwyimg\/a466a683-40f1-49ff-858e-4e893bfa7ea9.jpg\" alt=\"\" \/><\/p>\n<p><img decoding=\"async\" src=\"https:\/\/img.sellercube.com\/hwyimg\/a3ec35db-4a0a-47e8-ab80-5cb87b7083f8.jpg\" alt=\"\" \/><\/p>\n<p><img decoding=\"async\" src=\"https:\/\/img.sellercube.com\/hwyimg\/9e01365d-36ec-4513-8780-ba51b55eb9bc.jpg\" alt=\"\" \/><\/p>\n<p><img decoding=\"async\" src=\"https:\/\/img.sellercube.com\/hwyimg\/d8987110-a0a2-4ae6-9a92-a7b0e6425eca.jpg\" alt=\"\" \/><\/p>\n<p><img decoding=\"async\" src=\"https:\/\/img.sellercube.com\/hwyimg\/82c06618-4495-4ad9-870c-4628abe63ced.jpg\" alt=\"\" \/><\/p>\n<p><img decoding=\"async\" src=\"https:\/\/img.sellercube.com\/hwyimg\/84c238a0-5534-4307-b00a-4bef563db8d0.jpg\" alt=\"\" \/><\/p>\n<\/div>","protected":false},"excerpt":{"rendered":"<p>Marque : LDNIO<br \/>\nMod\u00e8le : MA30\/MA30-1<br \/>\nEntr\u00e9e USB-C : 5 V\/3 A, 9 V\/2 A, 12 V\/1,5 A<br \/>\nPuissance de sortie sans fil : 5 W, 7,5 <\/p>","protected":false},"featured_media":32833,"comment_status":"open","ping_status":"closed","template":"","meta":[],"product_brand":[942],"product_cat":[179],"product_tag":[],"class_list":{"0":"post-32832","1":"product","2":"type-product","3":"status-publish","4":"has-post-thumbnail","6":"product_brand-ldnio","7":"product_cat-uncategorized","9":"first","10":"instock","11":"shipping-taxable","12":"product-type-simple"},"jetpack_sharing_enabled":true,"_links":{"self":[{"href":"https:\/\/infinityweeb.com\/en\/wp-json\/wp\/v2\/product\/32832","targetHints":{"allow":["GET"]}}],"collection":[{"href":"https:\/\/infinityweeb.com\/en\/wp-json\/wp\/v2\/product"}],"about":[{"href":"https:\/\/infinityweeb.com\/en\/wp-json\/wp\/v2\/types\/product"}],"replies":[{"embeddable":true,"href":"https:\/\/infinityweeb.com\/en\/wp-json\/wp\/v2\/comments?post=32832"}],"version-history":[{"count":2,"href":"https:\/\/infinityweeb.com\/en\/wp-json\/wp\/v2\/product\/32832\/revisions"}],"predecessor-version":[{"id":32877,"href":"https:\/\/infinityweeb.com\/en\/wp-json\/wp\/v2\/product\/32832\/revisions\/32877"}],"wp:featuredmedia":[{"embeddable":true,"href":"https:\/\/infinityweeb.com\/en\/wp-json\/wp\/v2\/media\/32833"}],"wp:attachment":[{"href":"https:\/\/infinityweeb.com\/en\/wp-json\/wp\/v2\/media?parent=32832"}],"wp:term":[{"taxonomy":"product_brand","embeddable":true,"href":"https:\/\/infinityweeb.com\/en\/wp-json\/wp\/v2\/product_brand?post=32832"},{"taxonomy":"product_cat","embeddable":true,"href":"https:\/\/infinityweeb.com\/en\/wp-json\/wp\/v2\/product_cat?post=32832"},{"taxonomy":"product_tag","embeddable":true,"href":"https:\/\/infinityweeb.com\/en\/wp-json\/wp\/v2\/product_tag?post=32832"}],"curies":[{"name":"wp","href":"https:\/\/api.w.org\/{rel}","templated":true}]}}